{"id":30906,"date":"2024-12-10T15:35:01","date_gmt":"2024-12-10T14:35:01","guid":{"rendered":"https:\/\/www.osn.es\/?page_id=30906"},"modified":"2025-02-21T10:27:04","modified_gmt":"2025-02-21T09:27:04","slug":"descargar-catalogo-de-juntas-toricas-y-a-medida-nak","status":"publish","type":"page","link":"https:\/\/www.osn.es\/en\/descargar-catalogo-de-juntas-toricas-y-a-medida-nak\/","title":{"rendered":"Descargar Cat\u00e1logo de juntas t\u00f3ricas y a medida NAK"},"content":{"rendered":"\t\t<div data-elementor-type=\"wp-page\" data-elementor-id=\"30906\" class=\"elementor elementor-30906\" data-elementor-post-type=\"page\">\n\t\t\t\t<div class=\"elementor-element elementor-element-346cb5e thegem-e-con-layout-elementor e-flex e-con-boxed e-con e-parent\" data-id=\"346cb5e\" data-element_type=\"container\" data-e-type=\"container\" data-settings=\"{&quot;thegem_container_layout&quot;:&quot;elementor&quot;}\">\r\n\t\t\t\t\t<div class=\"e-con-inner\">\r\n\t\t<div class=\"elementor-element elementor-element-b9b8067 e-con-full thegem-e-con-layout-elementor e-flex e-con e-child\" data-id=\"b9b8067\" data-element_type=\"container\" data-e-type=\"container\" data-settings=\"{&quot;thegem_container_layout&quot;:&quot;elementor&quot;}\">\r\n\t\t\t\t<div class=\"elementor-element elementor-element-499fdf1 flex-horizontal-align-default flex-horizontal-align-tablet-default flex-horizontal-align-mobile-default flex-vertical-align-default flex-vertical-align-tablet-default flex-vertical-align-mobile-default elementor-widget elementor-widget-heading\" data-id=\"499fdf1\" data-element_type=\"widget\" data-e-type=\"widget\" data-widget_type=\"heading.default\">\n\t\t\t\t<div class=\"elementor-widget-container\">\n\t\t\t\t\t<h2 class=\"elementor-heading-title elementor-size-default\">Cat\u00e1logo de juntas t\u00f3ricas y a medida NAK<\/h2>\t\t\t\t<\/div>\n\t\t\t\t<\/div>\n\t\t\t\t<div class=\"elementor-element elementor-element-68a7ab4 elementor-widget-divider--view-line flex-horizontal-align-default flex-horizontal-align-tablet-default flex-horizontal-align-mobile-default flex-vertical-align-default flex-vertical-align-tablet-default flex-vertical-align-mobile-default elementor-widget elementor-widget-divider\" data-id=\"68a7ab4\" data-element_type=\"widget\" data-e-type=\"widget\" data-widget_type=\"divider.default\">\n\t\t\t\t<div class=\"elementor-widget-container\">\n\t\t\t\t\t\t\t<div class=\"elementor-divider\">\n\t\t\t<span class=\"elementor-divider-separator\">\n\t\t\t\t\t\t<\/span>\n\t\t<\/div>\n\t\t\t\t\t\t<\/div>\n\t\t\t\t<\/div>\n\t\t\t\t<\/div>\n\t\t\t\t\t<\/div>\n\t\t\t\t<\/div>\n\t\t<div class=\"elementor-element elementor-element-a5dc197 thegem-e-con-layout-elementor e-flex e-con-boxed e-con e-parent\" data-id=\"a5dc197\" data-element_type=\"container\" data-e-type=\"container\" data-settings=\"{&quot;thegem_container_layout&quot;:&quot;elementor&quot;}\">\r\n\t\t\t\t\t<div class=\"e-con-inner\">\r\n\t\t<div class=\"elementor-element elementor-element-e27354c e-con-full thegem-e-con-layout-elementor e-flex e-con e-child\" data-id=\"e27354c\" data-element_type=\"container\" data-e-type=\"container\" data-settings=\"{&quot;thegem_container_layout&quot;:&quot;elementor&quot;}\">\r\n\t\t\t\t<div class=\"elementor-element elementor-element-3cd1e77 flex-horizontal-align-default flex-horizontal-align-tablet-default flex-horizontal-align-mobile-default flex-vertical-align-default flex-vertical-align-tablet-default flex-vertical-align-mobile-default elementor-widget elementor-widget-shortcode\" data-id=\"3cd1e77\" data-element_type=\"widget\" data-e-type=\"widget\" data-widget_type=\"shortcode.default\">\n\t\t\t\t<div class=\"elementor-widget-container\">\n\t\t\t\t\t\t\t<div class=\"elementor-shortcode\"><style id=\"wpforms-css-vars-30884\">\n\t\t\t\t#wpforms-30884 {\n\t\t\t\t\n\t\t\t}\n\t\t\t<\/style><div class=\"wpforms-container wpforms-container-full wpforms-render-modern\" id=\"wpforms-30884\"><form id=\"wpforms-form-30884\" class=\"wpforms-validate wpforms-form wpforms-ajax-form\" data-formid=\"30884\" method=\"post\" enctype=\"multipart\/form-data\" action=\"\/en\/wp-json\/wp\/v2\/pages\/30906\" data-token=\"0bcd77527f97ac44bfa23aaa639d7c68\" data-token-time=\"1777292667\"><noscript class=\"wpforms-error-noscript\">Please enable JavaScript in your browser to complete this form.<\/noscript><div id=\"wpforms-error-noscript\" style=\"display: none;\">Please enable JavaScript in your browser to complete this form.<\/div><div class=\"wpforms-field-container\"><div id=\"wpforms-30884-field_1-container\" class=\"wpforms-field wpforms-field-name\" data-field-id=\"1\"><label class=\"wpforms-field-label\" for=\"wpforms-30884-field_1\">Nombre y apellidos <span class=\"wpforms-required-label\" aria-hidden=\"true\">*<\/span><\/label><input type=\"text\" id=\"wpforms-30884-field_1\" class=\"wpforms-field-large wpforms-field-required\" name=\"wpforms[fields][1]\" placeholder=\"Nombre y apellidos\" aria-errormessage=\"wpforms-30884-field_1-error\" required><\/div>\t\t<div id=\"wpforms-30884-field_5-container\"\n\t\t\tclass=\"wpforms-field wpforms-field-text\"\n\t\t\tdata-field-type=\"text\"\n\t\t\tdata-field-id=\"5\"\n\t\t\t>\n\t\t\t<label class=\"wpforms-field-label\" for=\"wpforms-30884-field_5\" >Empresa Nombre Correo<\/label>\n\t\t\t<input type=\"text\" id=\"wpforms-30884-field_5\" class=\"wpforms-field-medium\" name=\"wpforms[fields][5]\" >\n\t\t<\/div>\n\t\t<div id=\"wpforms-30884-field_3-container\" class=\"wpforms-field wpforms-field-text\" data-field-id=\"3\"><label class=\"wpforms-field-label\" for=\"wpforms-30884-field_3\">Empresa<\/label><input type=\"text\" id=\"wpforms-30884-field_3\" class=\"wpforms-field-large\" name=\"wpforms[fields][3]\" aria-errormessage=\"wpforms-30884-field_3-error\" ><\/div><div id=\"wpforms-30884-field_2-container\" class=\"wpforms-field wpforms-field-email\" data-field-id=\"2\"><label class=\"wpforms-field-label\" for=\"wpforms-30884-field_2\">Correo electr\u00f3nico <span class=\"wpforms-required-label\" aria-hidden=\"true\">*<\/span><\/label><input type=\"email\" id=\"wpforms-30884-field_2\" class=\"wpforms-field-large wpforms-field-required\" name=\"wpforms[fields][2]\" spellcheck=\"false\" aria-errormessage=\"wpforms-30884-field_2-error\" aria-describedby=\"wpforms-30884-field_2-description\" required><div id=\"wpforms-30884-field_2-description\" class=\"wpforms-field-description\">Mails<\/div><\/div><div id=\"wpforms-30884-field_4-container\" class=\"wpforms-field wpforms-field-gdpr-checkbox\" data-field-id=\"4\"><label class=\"wpforms-field-label\">Acuerdo RGPD <span class=\"wpforms-required-label\" aria-hidden=\"true\">*<\/span><\/label><ul id=\"wpforms-30884-field_4\" class=\"wpforms-field-required\"><li class=\"choice-1\"><input type=\"checkbox\" id=\"wpforms-30884-field_4_1\" name=\"wpforms[fields][4][]\" value=\"Al enviar este formulario, usted acepta nuestra Pol\u00edtica de Privacidad y de Cookies y nos autoriza a incorporar sus datos a la base de datos de OSN con el fin de enviarle informaci\u00f3n comercial y ofertas personalizadas. Podr\u00e1 ejercer su derecho de baja o cancelaci\u00f3n en cualquier momento, de forma sencilla y gratuita, siguiendo los pasos indicados en nuestras comunicaciones o contactando con nosotros directamente.\" aria-errormessage=\"wpforms-30884-field_4_1-error\" required ><label class=\"wpforms-field-label-inline\" for=\"wpforms-30884-field_4_1\">Al enviar este formulario, usted acepta nuestra Pol\u00edtica de Privacidad y de Cookies y nos autoriza a incorporar sus datos a la base de datos de OSN con el fin de enviarle informaci\u00f3n comercial y ofertas personalizadas. Podr\u00e1 ejercer su derecho de baja o cancelaci\u00f3n en cualquier momento, de forma sencilla y gratuita, siguiendo los pasos indicados en nuestras comunicaciones o contactando con nosotros directamente.<\/label><\/li><\/ul><\/div><script>\n\t\t\t\t( function() {\n\t\t\t\t\tconst style = document.createElement( 'style' );\n\t\t\t\t\tstyle.appendChild( document.createTextNode( '#wpforms-30884-field_5-container { position: absolute !important; overflow: hidden !important; display: inline !important; height: 1px !important; width: 1px !important; z-index: -1000 !important; padding: 0 !important; } #wpforms-30884-field_5-container input { visibility: hidden; } #wpforms-conversational-form-page #wpforms-30884-field_5-container label { counter-increment: none; }' ) );\n\t\t\t\t\tdocument.head.appendChild( style );\n\t\t\t\t\tdocument.currentScript?.remove();\n\t\t\t\t} )();\n\t\t\t<\/script><\/div><!-- .wpforms-field-container --><div class=\"wpforms-submit-container\" ><input type=\"hidden\" name=\"wpforms[id]\" value=\"30884\"><input type=\"hidden\" name=\"page_title\" value=\"\"><input type=\"hidden\" name=\"page_url\" value=\"https:\/\/www.osn.es\/en\/wp-json\/wp\/v2\/pages\/30906\"><input type=\"hidden\" name=\"url_referer\" value=\"\"><button type=\"submit\" name=\"wpforms[submit]\" id=\"wpforms-submit-30884\" class=\"wpforms-submit\" data-alt-text=\"Enviando...\" data-submit-text=\"Descargar archivo\" aria-live=\"assertive\" value=\"wpforms-submit\">Descargar archivo<\/button><img src=\"https:\/\/www.osn.es\/wp-content\/plugins\/wpforms-lite\/assets\/images\/submit-spin.svg\" class=\"wpforms-submit-spinner\" style=\"display: none;\" width=\"26\" height=\"26\" alt=\"Loading\"><\/div><\/form><\/div>  <!-- .wpforms-container --><\/div>\n\t\t\t\t\t\t<\/div>\n\t\t\t\t<\/div>\n\t\t\t\t<\/div>\n\t\t<div class=\"elementor-element elementor-element-84c46d1 e-con-full thegem-e-con-layout-elementor e-flex e-con e-child\" data-id=\"84c46d1\" data-element_type=\"container\" data-e-type=\"container\" data-settings=\"{&quot;thegem_container_layout&quot;:&quot;elementor&quot;}\">\r\n\t\t\t\t<div class=\"elementor-element elementor-element-4dc0d5f flex-horizontal-align-default flex-horizontal-align-tablet-default flex-horizontal-align-mobile-default flex-vertical-align-default flex-vertical-align-tablet-default flex-vertical-align-mobile-default elementor-widget elementor-widget-image\" data-id=\"4dc0d5f\" data-element_type=\"widget\" data-e-type=\"widget\" data-widget_type=\"image.default\">\n\t\t\t\t<div class=\"elementor-widget-container\">\n\t\t\t\t\t\t\t\t\t\t\t\t\t\t\t<img fetchpriority=\"high\" width=\"721\" height=\"1024\" src=\"https:\/\/www.osn.es\/wp-content\/uploads\/2024\/12\/Catalogo-de-juntas-toricas-y-a-medida-NAK-1-721x1024.jpg\" class=\"attachment-large size-large wp-image-31112\" alt=\"OSN-NAK\" srcset=\"https:\/\/www.osn.es\/wp-content\/uploads\/2024\/12\/Catalogo-de-juntas-toricas-y-a-medida-NAK-1-721x1024.jpg 721w, https:\/\/www.osn.es\/wp-content\/uploads\/2024\/12\/Catalogo-de-juntas-toricas-y-a-medida-NAK-1-211x300.jpg 211w, https:\/\/www.osn.es\/wp-content\/uploads\/2024\/12\/Catalogo-de-juntas-toricas-y-a-medida-NAK-1-768x1091.jpg 768w, https:\/\/www.osn.es\/wp-content\/uploads\/2024\/12\/Catalogo-de-juntas-toricas-y-a-medida-NAK-1-1081x1536.jpg 1081w, https:\/\/www.osn.es\/wp-content\/uploads\/2024\/12\/Catalogo-de-juntas-toricas-y-a-medida-NAK-1-8x12.jpg 8w, https:\/\/www.osn.es\/wp-content\/uploads\/2024\/12\/Catalogo-de-juntas-toricas-y-a-medida-NAK-1-14x20.jpg 14w, https:\/\/www.osn.es\/wp-content\/uploads\/2024\/12\/Catalogo-de-juntas-toricas-y-a-medida-NAK-1.jpg 1236w\" sizes=\"(max-width: 721px) 100vw, 721px\" \/>\t\t\t\t\t\t\t\t\t\t\t\t\t\t\t<\/div>\n\t\t\t\t<\/div>\n\t\t\t\t<\/div>\n\t\t\t\t\t<\/div>\n\t\t\t\t<\/div>\n\t\t\t\t<\/div>\n\t\t","protected":false},"excerpt":{"rendered":"<p>NAK O-Rings and Custom O-Rings Catalogue<\/p>","protected":false},"author":2,"featured_media":0,"parent":0,"menu_order":0,"comment_status":"closed","ping_status":"closed","template":"page-fullwidth.php","meta":{"_crdt_document":"","footnotes":""},"class_list":["post-30906","page","type-page","status-publish"],"_links":{"self":[{"href":"https:\/\/www.osn.es\/en\/wp-json\/wp\/v2\/pages\/30906","targetHints":{"allow":["GET"]}}],"collection":[{"href":"https:\/\/www.osn.es\/en\/wp-json\/wp\/v2\/pages"}],"about":[{"href":"https:\/\/www.osn.es\/en\/wp-json\/wp\/v2\/types\/page"}],"author":[{"embeddable":true,"href":"https:\/\/www.osn.es\/en\/wp-json\/wp\/v2\/users\/2"}],"replies":[{"embeddable":true,"href":"https:\/\/www.osn.es\/en\/wp-json\/wp\/v2\/comments?post=30906"}],"version-history":[{"count":10,"href":"https:\/\/www.osn.es\/en\/wp-json\/wp\/v2\/pages\/30906\/revisions"}],"predecessor-version":[{"id":31562,"href":"https:\/\/www.osn.es\/en\/wp-json\/wp\/v2\/pages\/30906\/revisions\/31562"}],"wp:attachment":[{"href":"https:\/\/www.osn.es\/en\/wp-json\/wp\/v2\/media?parent=30906"}],"curies":[{"name":"wp","href":"https:\/\/api.w.org\/{rel}","templated":true}]}}