{"id":30980,"date":"2024-12-10T16:48:18","date_gmt":"2024-12-10T15:48:18","guid":{"rendered":"https:\/\/www.osn.es\/?page_id=30980"},"modified":"2025-02-21T10:26:44","modified_gmt":"2025-02-21T09:26:44","slug":"descarga-catalogo-de-retenes-de-motor-nak","status":"publish","type":"page","link":"https:\/\/www.osn.es\/en\/descarga-catalogo-de-retenes-de-motor-nak\/","title":{"rendered":"Descarga Cat\u00e1logo de retenes de motor NAK"},"content":{"rendered":"\t\t<div data-elementor-type=\"wp-page\" data-elementor-id=\"30980\" class=\"elementor elementor-30980\" data-elementor-post-type=\"page\">\n\t\t\t\t<div class=\"elementor-element elementor-element-c62c499 thegem-e-con-layout-elementor e-flex e-con-boxed e-con e-parent\" data-id=\"c62c499\" data-element_type=\"container\" data-e-type=\"container\" data-settings=\"{&quot;thegem_container_layout&quot;:&quot;elementor&quot;}\">\r\n\t\t\t\t\t<div class=\"e-con-inner\">\r\n\t\t<div class=\"elementor-element elementor-element-6fa0e5a e-con-full thegem-e-con-layout-elementor e-flex e-con e-child\" data-id=\"6fa0e5a\" data-element_type=\"container\" data-e-type=\"container\" data-settings=\"{&quot;thegem_container_layout&quot;:&quot;elementor&quot;}\">\r\n\t\t\t\t<div class=\"elementor-element elementor-element-7678bc8 flex-horizontal-align-default flex-horizontal-align-tablet-default flex-horizontal-align-mobile-default flex-vertical-align-default flex-vertical-align-tablet-default flex-vertical-align-mobile-default elementor-widget elementor-widget-heading\" data-id=\"7678bc8\" data-element_type=\"widget\" data-e-type=\"widget\" data-widget_type=\"heading.default\">\n\t\t\t\t<div class=\"elementor-widget-container\">\n\t\t\t\t\t<h2 class=\"elementor-heading-title elementor-size-default\">Cat\u00e1logo de retenes de motor NAK<\/h2>\t\t\t\t<\/div>\n\t\t\t\t<\/div>\n\t\t\t\t<div class=\"elementor-element elementor-element-40f1a21 elementor-widget-divider--view-line flex-horizontal-align-default flex-horizontal-align-tablet-default flex-horizontal-align-mobile-default flex-vertical-align-default flex-vertical-align-tablet-default flex-vertical-align-mobile-default elementor-widget elementor-widget-divider\" data-id=\"40f1a21\" data-element_type=\"widget\" data-e-type=\"widget\" data-widget_type=\"divider.default\">\n\t\t\t\t<div class=\"elementor-widget-container\">\n\t\t\t\t\t\t\t<div class=\"elementor-divider\">\n\t\t\t<span class=\"elementor-divider-separator\">\n\t\t\t\t\t\t<\/span>\n\t\t<\/div>\n\t\t\t\t\t\t<\/div>\n\t\t\t\t<\/div>\n\t\t\t\t<\/div>\n\t\t\t\t\t<\/div>\n\t\t\t\t<\/div>\n\t\t<div class=\"elementor-element elementor-element-026f7e7 thegem-e-con-layout-elementor e-flex e-con-boxed e-con e-parent\" data-id=\"026f7e7\" data-element_type=\"container\" data-e-type=\"container\" data-settings=\"{&quot;thegem_container_layout&quot;:&quot;elementor&quot;}\">\r\n\t\t\t\t\t<div class=\"e-con-inner\">\r\n\t\t<div class=\"elementor-element elementor-element-b0e6a50 e-con-full thegem-e-con-layout-elementor e-flex e-con e-child\" data-id=\"b0e6a50\" data-element_type=\"container\" data-e-type=\"container\" data-settings=\"{&quot;thegem_container_layout&quot;:&quot;elementor&quot;}\">\r\n\t\t\t\t<div class=\"elementor-element elementor-element-6e4b321 flex-horizontal-align-default flex-horizontal-align-tablet-default flex-horizontal-align-mobile-default flex-vertical-align-default flex-vertical-align-tablet-default flex-vertical-align-mobile-default elementor-widget elementor-widget-shortcode\" data-id=\"6e4b321\" data-element_type=\"widget\" data-e-type=\"widget\" data-widget_type=\"shortcode.default\">\n\t\t\t\t<div class=\"elementor-widget-container\">\n\t\t\t\t\t\t\t<div class=\"elementor-shortcode\"><style id=\"wpforms-css-vars-30872\">\n\t\t\t\t#wpforms-30872 {\n\t\t\t\t\n\t\t\t}\n\t\t\t<\/style><div class=\"wpforms-container wpforms-container-full wpforms-render-modern\" id=\"wpforms-30872\"><form id=\"wpforms-form-30872\" class=\"wpforms-validate wpforms-form wpforms-ajax-form\" data-formid=\"30872\" method=\"post\" enctype=\"multipart\/form-data\" action=\"\/en\/wp-json\/wp\/v2\/pages\/30980\" data-token=\"b44970db630fbfbc2b1a933efe183bcb\" data-token-time=\"1777284563\"><noscript class=\"wpforms-error-noscript\">Please enable JavaScript in your browser to complete this form.<\/noscript><div id=\"wpforms-error-noscript\" style=\"display: none;\">Please enable JavaScript in your browser to complete this form.<\/div><div class=\"wpforms-field-container\"><div id=\"wpforms-30872-field_1-container\" class=\"wpforms-field wpforms-field-name\" data-field-id=\"1\"><label class=\"wpforms-field-label\" for=\"wpforms-30872-field_1\">Nombre y apellidos <span class=\"wpforms-required-label\" aria-hidden=\"true\">*<\/span><\/label><input type=\"text\" id=\"wpforms-30872-field_1\" class=\"wpforms-field-large wpforms-field-required\" name=\"wpforms[fields][1]\" placeholder=\"Nombre y apellidos\" aria-errormessage=\"wpforms-30872-field_1-error\" required><\/div><div id=\"wpforms-30872-field_3-container\" class=\"wpforms-field wpforms-field-text\" data-field-id=\"3\"><label class=\"wpforms-field-label\" for=\"wpforms-30872-field_3\">Empresa<\/label><input type=\"text\" id=\"wpforms-30872-field_3\" class=\"wpforms-field-large\" name=\"wpforms[fields][3]\" aria-errormessage=\"wpforms-30872-field_3-error\" ><\/div>\t\t<div id=\"wpforms-30872-field_5-container\"\n\t\t\tclass=\"wpforms-field wpforms-field-text\"\n\t\t\tdata-field-type=\"text\"\n\t\t\tdata-field-id=\"5\"\n\t\t\t>\n\t\t\t<label class=\"wpforms-field-label\" for=\"wpforms-30872-field_5\" >RGPD apellidos Acuerdo<\/label>\n\t\t\t<input type=\"text\" id=\"wpforms-30872-field_5\" class=\"wpforms-field-medium\" name=\"wpforms[fields][5]\" >\n\t\t<\/div>\n\t\t<div id=\"wpforms-30872-field_2-container\" class=\"wpforms-field wpforms-field-email\" data-field-id=\"2\"><label class=\"wpforms-field-label\" for=\"wpforms-30872-field_2\">Correo electr\u00f3nico <span class=\"wpforms-required-label\" aria-hidden=\"true\">*<\/span><\/label><input type=\"email\" id=\"wpforms-30872-field_2\" class=\"wpforms-field-large wpforms-field-required\" name=\"wpforms[fields][2]\" spellcheck=\"false\" aria-errormessage=\"wpforms-30872-field_2-error\" aria-describedby=\"wpforms-30872-field_2-description\" required><div id=\"wpforms-30872-field_2-description\" class=\"wpforms-field-description\">Mails<\/div><\/div><div id=\"wpforms-30872-field_4-container\" class=\"wpforms-field wpforms-field-gdpr-checkbox\" data-field-id=\"4\"><label class=\"wpforms-field-label\">Acuerdo RGPD <span class=\"wpforms-required-label\" aria-hidden=\"true\">*<\/span><\/label><ul id=\"wpforms-30872-field_4\" class=\"wpforms-field-required\"><li class=\"choice-1\"><input type=\"checkbox\" id=\"wpforms-30872-field_4_1\" name=\"wpforms[fields][4][]\" value=\"Al enviar este formulario, usted acepta nuestra Pol\u00edtica de Privacidad y de Cookies y nos autoriza a incorporar sus datos a la base de datos de OSN con el fin de enviarle informaci\u00f3n comercial y ofertas personalizadas. Podr\u00e1 ejercer su derecho de baja o cancelaci\u00f3n en cualquier momento, de forma sencilla y gratuita, siguiendo los pasos indicados en nuestras comunicaciones o contactando con nosotros directamente.\" aria-errormessage=\"wpforms-30872-field_4_1-error\" required ><label class=\"wpforms-field-label-inline\" for=\"wpforms-30872-field_4_1\">Al enviar este formulario, usted acepta nuestra Pol\u00edtica de Privacidad y de Cookies y nos autoriza a incorporar sus datos a la base de datos de OSN con el fin de enviarle informaci\u00f3n comercial y ofertas personalizadas. Podr\u00e1 ejercer su derecho de baja o cancelaci\u00f3n en cualquier momento, de forma sencilla y gratuita, siguiendo los pasos indicados en nuestras comunicaciones o contactando con nosotros directamente.<\/label><\/li><\/ul><\/div><script>\n\t\t\t\t( function() {\n\t\t\t\t\tconst style = document.createElement( 'style' );\n\t\t\t\t\tstyle.appendChild( document.createTextNode( '#wpforms-30872-field_5-container { position: absolute !important; overflow: hidden !important; display: inline !important; height: 1px !important; width: 1px !important; z-index: -1000 !important; padding: 0 !important; } #wpforms-30872-field_5-container input { visibility: hidden; } #wpforms-conversational-form-page #wpforms-30872-field_5-container label { counter-increment: none; }' ) );\n\t\t\t\t\tdocument.head.appendChild( style );\n\t\t\t\t\tdocument.currentScript?.remove();\n\t\t\t\t} )();\n\t\t\t<\/script><\/div><!-- .wpforms-field-container --><div class=\"wpforms-submit-container\" ><input type=\"hidden\" name=\"wpforms[id]\" value=\"30872\"><input type=\"hidden\" name=\"page_title\" value=\"\"><input type=\"hidden\" name=\"page_url\" value=\"https:\/\/www.osn.es\/en\/wp-json\/wp\/v2\/pages\/30980\"><input type=\"hidden\" name=\"url_referer\" value=\"\"><button type=\"submit\" name=\"wpforms[submit]\" id=\"wpforms-submit-30872\" class=\"wpforms-submit\" data-alt-text=\"Enviando...\" data-submit-text=\"Descargar archivo\" aria-live=\"assertive\" value=\"wpforms-submit\">Descargar archivo<\/button><img src=\"https:\/\/www.osn.es\/wp-content\/plugins\/wpforms-lite\/assets\/images\/submit-spin.svg\" class=\"wpforms-submit-spinner\" style=\"display: none;\" width=\"26\" height=\"26\" alt=\"Loading\"><\/div><\/form><\/div>  <!-- .wpforms-container --><\/div>\n\t\t\t\t\t\t<\/div>\n\t\t\t\t<\/div>\n\t\t\t\t<\/div>\n\t\t<div class=\"elementor-element elementor-element-ed8d4f7 e-con-full thegem-e-con-layout-elementor e-flex e-con e-child\" data-id=\"ed8d4f7\" data-element_type=\"container\" data-e-type=\"container\" data-settings=\"{&quot;thegem_container_layout&quot;:&quot;elementor&quot;}\">\r\n\t\t\t\t<div class=\"elementor-element elementor-element-a00849e flex-horizontal-align-default flex-horizontal-align-tablet-default flex-horizontal-align-mobile-default flex-vertical-align-default flex-vertical-align-tablet-default flex-vertical-align-mobile-default elementor-widget elementor-widget-image\" data-id=\"a00849e\" data-element_type=\"widget\" data-e-type=\"widget\" data-widget_type=\"image.default\">\n\t\t\t\t<div class=\"elementor-widget-container\">\n\t\t\t\t\t\t\t\t\t\t\t\t\t\t\t<img fetchpriority=\"high\" width=\"721\" height=\"1024\" src=\"https:\/\/www.osn.es\/wp-content\/uploads\/2024\/12\/Catalogo-de-retenes-de-motor-NAK-1-721x1024.jpg\" class=\"attachment-large size-large wp-image-31108\" alt=\"OSN-NAK\" srcset=\"https:\/\/www.osn.es\/wp-content\/uploads\/2024\/12\/Catalogo-de-retenes-de-motor-NAK-1-721x1024.jpg 721w, https:\/\/www.osn.es\/wp-content\/uploads\/2024\/12\/Catalogo-de-retenes-de-motor-NAK-1-211x300.jpg 211w, https:\/\/www.osn.es\/wp-content\/uploads\/2024\/12\/Catalogo-de-retenes-de-motor-NAK-1-768x1091.jpg 768w, https:\/\/www.osn.es\/wp-content\/uploads\/2024\/12\/Catalogo-de-retenes-de-motor-NAK-1-1081x1536.jpg 1081w, https:\/\/www.osn.es\/wp-content\/uploads\/2024\/12\/Catalogo-de-retenes-de-motor-NAK-1-8x12.jpg 8w, https:\/\/www.osn.es\/wp-content\/uploads\/2024\/12\/Catalogo-de-retenes-de-motor-NAK-1-14x20.jpg 14w, https:\/\/www.osn.es\/wp-content\/uploads\/2024\/12\/Catalogo-de-retenes-de-motor-NAK-1.jpg 1236w\" sizes=\"(max-width: 721px) 100vw, 721px\" \/>\t\t\t\t\t\t\t\t\t\t\t\t\t\t\t<\/div>\n\t\t\t\t<\/div>\n\t\t\t\t<\/div>\n\t\t\t\t\t<\/div>\n\t\t\t\t<\/div>\n\t\t\t\t<\/div>\n\t\t","protected":false},"excerpt":{"rendered":"<p>NAK engine seals catalogue<\/p>","protected":false},"author":2,"featured_media":0,"parent":0,"menu_order":0,"comment_status":"closed","ping_status":"closed","template":"page-fullwidth.php","meta":{"_crdt_document":"","footnotes":""},"class_list":["post-30980","page","type-page","status-publish"],"_links":{"self":[{"href":"https:\/\/www.osn.es\/en\/wp-json\/wp\/v2\/pages\/30980","targetHints":{"allow":["GET"]}}],"collection":[{"href":"https:\/\/www.osn.es\/en\/wp-json\/wp\/v2\/pages"}],"about":[{"href":"https:\/\/www.osn.es\/en\/wp-json\/wp\/v2\/types\/page"}],"author":[{"embeddable":true,"href":"https:\/\/www.osn.es\/en\/wp-json\/wp\/v2\/users\/2"}],"replies":[{"embeddable":true,"href":"https:\/\/www.osn.es\/en\/wp-json\/wp\/v2\/comments?post=30980"}],"version-history":[{"count":13,"href":"https:\/\/www.osn.es\/en\/wp-json\/wp\/v2\/pages\/30980\/revisions"}],"predecessor-version":[{"id":31577,"href":"https:\/\/www.osn.es\/en\/wp-json\/wp\/v2\/pages\/30980\/revisions\/31577"}],"wp:attachment":[{"href":"https:\/\/www.osn.es\/en\/wp-json\/wp\/v2\/media?parent=30980"}],"curies":[{"name":"wp","href":"https:\/\/api.w.org\/{rel}","templated":true}]}}