{"id":25390,"date":"2024-06-07T12:44:35","date_gmt":"2024-06-07T10:44:35","guid":{"rendered":"https:\/\/www.osn.es\/?page_id=25390"},"modified":"2025-02-21T10:25:45","modified_gmt":"2025-02-21T09:25:45","slug":"aviso-legal","status":"publish","type":"page","link":"https:\/\/www.osn.es\/fr\/aviso-legal\/","title":{"rendered":"Avis juridique"},"content":{"rendered":"<div data-elementor-type=\"wp-page\" data-elementor-id=\"25390\" class=\"elementor elementor-25390\" data-elementor-post-type=\"page\">\n\t\t\t\t<div class=\"elementor-element elementor-element-db0ca50 thegem-e-con-layout-elementor e-flex e-con-boxed e-con e-parent\" data-id=\"db0ca50\" data-element_type=\"container\" data-e-type=\"container\" data-settings=\"{&quot;thegem_container_layout&quot;:&quot;elementor&quot;}\">\r\n\t\t\t\t\t<div class=\"e-con-inner\">\r\n\t\t\t\t<div class=\"elementor-element elementor-element-a71e87f flex-horizontal-align-default flex-horizontal-align-tablet-default flex-horizontal-align-mobile-default flex-vertical-align-default flex-vertical-align-tablet-default flex-vertical-align-mobile-default elementor-widget elementor-widget-text-editor\" data-id=\"a71e87f\" data-element_type=\"widget\" data-e-type=\"widget\" data-widget_type=\"text-editor.default\">\n\t\t\t\t<div class=\"elementor-widget-container\">\n\t\t\t\t\t\t\t\t\t\t\t\t<div class=\"elementor-text-editor elementor-clearfix\">\r\n\t\t\t\t\t\t<h5>Avis juridique<\/h5><p>OSN Seals, S. L., responsable du site web, ci-apr\u00e8s d\u00e9nomm\u00e9 le RESPONSABLE, met \u00e0 la disposition des utilisateurs le pr\u00e9sent document, dans le but de respecter les obligations pr\u00e9vues par la loi 347 2002, du 11 juillet, relative aux services de la soci\u00e9t\u00e9 de l'information et au commerce \u00e9lectronique (LSSICE), BOE n\u00ba 166, et d'informer tous les utilisateurs du site web de ses conditions d'utilisation.<\/p><p>Toute personne acc\u00e9dant au site web assume le r\u00f4le d'utilisateur, s'engageant \u00e0 observer et \u00e0 respecter strictement les dispositions d\u00e9crites ici, ainsi que toute autre disposition l\u00e9gale applicable.<\/p><p>Le RESPONSABLE se r\u00e9serve le droit de modifier tout type d'information pouvant figurer sur le site web sans obligation de pr\u00e9avis ni d'information des utilisateurs, la publication sur le site web du RESPONSABLE \u00e9tant consid\u00e9r\u00e9e comme suffisante.<\/p><p>DONN\u00c9ES D'IDENTIFICATION<\/p><ul><li>Nom de domaine : osnseals.com \/ osnseals.com \/ osn.es \/ osn.es\u00a0<\/li><li>Nom commercial : OSN<\/li><li>Nom de l'entreprise : OSN Seals, S. L.\u00a0<\/li><li>CIF : ES- B60131893<\/li><li>Adresse fiscale : Avenida Masets, 35 \/ P. l.  Els Masets, 43719, Bellvei, Tarragona , Espagne<\/li><li>T\u00e9l\u00e9phone : (+34) 977134700<\/li><li>Courriel : osn@osn.es<\/li><\/ul><p>DROITS DE PROPRI\u00c9T\u00c9 INTELLECTUELLE ET INDUSTRIELLE<\/p><p>Le site web, y compris, mais sans s'y limiter, sa programmation, son \u00e9dition, sa compilation et le reste des \u00e9l\u00e9ments n\u00e9cessaires \u00e0 son fonctionnement, les dessins, les logos, les textes et les graphiques, sont la propri\u00e9t\u00e9 du RESPONSABLE, qui dispose, le cas \u00e9ch\u00e9ant, de licences ou de l'autorisation expresse des auteurs. Tous les contenus du site Web sont d\u00fbment prot\u00e9g\u00e9s par la r\u00e9glementation en mati\u00e8re de propri\u00e9t\u00e9 intellectuelle et inscrits au registre public correspondant.<\/p><p>Quelle que soit la finalit\u00e9 poursuivie, la reproduction, l'utilisation, l'exploitation, la distribution et la commercialisation, totales ou partielles, sont soumises \u00e0 l'autorisation \u00e9crite pr\u00e9alable du RESPONSABLE. Toute utilisation non autoris\u00e9e sera consid\u00e9r\u00e9e comme une violation grave des droits de propri\u00e9t\u00e9 intellectuelle ou industrielle de l'auteur.<\/p><p>Les dessins, logos, textes et\/ou graphiques qui n'appartiennent pas \u00e0 la RESPONSABILIT\u00c9 et qui peuvent appara\u00eetre sur le site web appartiennent \u00e0 leurs propri\u00e9taires, et ces derniers sont responsables de toute controverse \u00e9ventuelle qui pourrait survenir \u00e0 leur sujet. La RESPONSABILIT\u00c9 autorise express\u00e9ment les tiers \u00e0 rediriger directement vers les contenus sp\u00e9cifiques du site web et, dans tous les cas, \u00e0 rediriger vers le site web principal : osnseals.com.<\/p><p>Le RESPONSABLE reconna\u00eet les droits de propri\u00e9t\u00e9 intellectuelle et industrielle correspondants en faveur de leurs propri\u00e9taires, ce qui n'implique pas leur mention ou leur apparition sur le site web. L'existence d'un droit ou d'une responsabilit\u00e9 \u00e0 leur \u00e9gard, ainsi que le soutien, le parrainage ou la recommandation de ces derniers.<\/p><p>Pour faire des commentaires sur d'\u00e9ventuelles violations des droits de propri\u00e9t\u00e9 intellectuelle ou industrielle, ainsi que sur n'importe quel contenu du site web, vous pouvez le faire via l'adresse \u00e9lectronique indiqu\u00e9e ci-dessus au point 2 du pr\u00e9sent avis.<\/p><p>EXON\u00c9RATION DE RESPONSABILIT\u00c9<\/p><p>EL RESPONSABILIDAD est exempt\u00e9e de tout type de responsabilit\u00e9 d\u00e9riv\u00e9e de l'information publi\u00e9e sur son site web lorsque cette information a \u00e9t\u00e9 manipul\u00e9e ou introduite par un tiers ext\u00e9rieur \u00e0 celui-ci.<\/p>\t\t\t\t\t\t\t<\/div>\r\n\t\t\t\t\t\t\t\t\t\t<\/div>\n\t\t\t\t<\/div>\n\t\t\t\t\t<\/div>\n\t\t\t\t<\/div>\n\t\t\t\t<\/div>","protected":false},"excerpt":{"rendered":"<p>Aviso Legal OSN Seals, S. L. responsable del sitio web, en adelante el RESPONSABLE, pone a disposici\u00f3n de los usuarios&#8230;<\/p>","protected":false},"author":2,"featured_media":0,"parent":0,"menu_order":0,"comment_status":"closed","ping_status":"closed","template":"page-fullwidth.php","meta":{"_crdt_document":"","footnotes":""},"class_list":["post-25390","page","type-page","status-publish"],"_links":{"self":[{"href":"https:\/\/www.osn.es\/fr\/wp-json\/wp\/v2\/pages\/25390","targetHints":{"allow":["GET"]}}],"collection":[{"href":"https:\/\/www.osn.es\/fr\/wp-json\/wp\/v2\/pages"}],"about":[{"href":"https:\/\/www.osn.es\/fr\/wp-json\/wp\/v2\/types\/page"}],"author":[{"embeddable":true,"href":"https:\/\/www.osn.es\/fr\/wp-json\/wp\/v2\/users\/2"}],"replies":[{"embeddable":true,"href":"https:\/\/www.osn.es\/fr\/wp-json\/wp\/v2\/comments?post=25390"}],"version-history":[{"count":17,"href":"https:\/\/www.osn.es\/fr\/wp-json\/wp\/v2\/pages\/25390\/revisions"}],"predecessor-version":[{"id":28636,"href":"https:\/\/www.osn.es\/fr\/wp-json\/wp\/v2\/pages\/25390\/revisions\/28636"}],"wp:attachment":[{"href":"https:\/\/www.osn.es\/fr\/wp-json\/wp\/v2\/media?parent=25390"}],"curies":[{"name":"wp","href":"https:\/\/api.w.org\/{rel}","templated":true}]}}