{"id":26419,"date":"2024-06-07T12:46:23","date_gmt":"2024-06-07T10:46:23","guid":{"rendered":"https:\/\/www.osn.es\/?page_id=26419"},"modified":"2025-02-21T10:27:23","modified_gmt":"2025-02-21T09:27:23","slug":"politica-de-privacidad","status":"publish","type":"page","link":"https:\/\/www.osn.es\/fr\/politica-de-privacidad\/","title":{"rendered":"Politique de confidentialit\u00e9"},"content":{"rendered":"<div data-elementor-type=\"wp-page\" data-elementor-id=\"26419\" class=\"elementor elementor-26419\" data-elementor-post-type=\"page\">\n\t\t\t\t<div class=\"elementor-element elementor-element-ee6f9ea thegem-e-con-layout-elementor e-flex e-con-boxed e-con e-parent\" data-id=\"ee6f9ea\" data-element_type=\"container\" data-e-type=\"container\" data-settings=\"{&quot;thegem_container_layout&quot;:&quot;elementor&quot;}\">\r\n\t\t\t\t\t<div class=\"e-con-inner\">\r\n\t\t\t\t<div class=\"elementor-element elementor-element-6b88dda flex-horizontal-align-default flex-horizontal-align-tablet-default flex-horizontal-align-mobile-default flex-vertical-align-default flex-vertical-align-tablet-default flex-vertical-align-mobile-default elementor-widget elementor-widget-text-editor\" data-id=\"6b88dda\" data-element_type=\"widget\" data-e-type=\"widget\" data-widget_type=\"text-editor.default\">\n\t\t\t\t<div class=\"elementor-widget-container\">\n\t\t\t\t\t\t\t\t\t\t\t\t<div class=\"elementor-text-editor elementor-clearfix\">\r\n\t\t\t\t\t\t<h6>POLITIQUE DES LIENS<\/h6><p>A partir de ce site, vous pouvez \u00eatre redirig\u00e9 vers le contenu de sites tiers. Le RESPONSABLE ne contr\u00f4lant pas toujours le contenu de ces sites, il n'en assume aucune responsabilit\u00e9. En tout \u00e9tat de cause, si un contenu contrevient \u00e0 la l\u00e9gislation nationale ou internationale, aux bonnes m\u0153urs ou \u00e0 l'ordre public, il sera imm\u00e9diatement retir\u00e9 et les autorit\u00e9s comp\u00e9tentes seront inform\u00e9es.<\/p><p>Le RESPONSABLE n'est pas responsable des informations ou contenus stock\u00e9s dans les forums, chats, blogs, commentaires, r\u00e9seaux sociaux ou autres m\u00e9dias o\u00f9 des tiers peuvent publier de mani\u00e8re ind\u00e9pendante des contenus sur le site web du RESPONSABLE. Toutefois, conform\u00e9ment aux articles 11 et 16 de la LSSICE, il collabore activement au retrait ou au blocage des contenus susceptibles d'affecter ou de contrevenir \u00e0 la l\u00e9gislation, aux droits des tiers ou \u00e0 la morale et \u00e0 l'ordre public. Si l'utilisateur trouve un contenu susceptible d'\u00eatre class\u00e9 dans cette cat\u00e9gorie, il est pri\u00e9 d'en informer imm\u00e9diatement l'administrateur du site.<\/p><p>Ce site a \u00e9t\u00e9 revu et test\u00e9 afin d'en assurer le bon fonctionnement, mais des erreurs de programmation ou des cas de force majeure, tels que des catastrophes naturelles, des gr\u00e8ves ou des circonstances similaires, qui peuvent emp\u00eacher l'acc\u00e8s au site, ne peuvent \u00eatre exclus.<\/p><h6><strong>ADRESSES IP<\/strong><\/h6><p>Les serveurs du site Web d\u00e9tectent automatiquement l'adresse IP et le nom de domaine utilis\u00e9s par l'utilisateur. Une adresse IP est un num\u00e9ro automatiquement attribu\u00e9 \u00e0 un appareil lorsqu'il se connecte \u00e0 Internet. Ces informations sont enregistr\u00e9es dans un fichier d'activit\u00e9 du serveur, d\u00fbment enregistr\u00e9, afin de traiter des donn\u00e9es \u00e0 des fins statistiques, telles que le nombre de visites et de pages vues, l'ordre des visites et le point d'acc\u00e8s.<\/p><h6><strong>DROIT APPLICABLE ET JURIDICTION<\/strong><\/h6><p>La loi applicable en cas de litige ou de conflit d'interpr\u00e9tation des conditions l\u00e9gales, ou de toute question li\u00e9e aux services de ce site web, sera la loi en vigueur dans la r\u00e9sidence fiscale du RESPONSABLE.<\/p><h6><strong>Politique de confidentialit\u00e9<\/strong><\/h6><p>Les donn\u00e9es personnelles fournies par les utilisateurs lors de l'acc\u00e8s et de l'utilisation du site Web seront incorpor\u00e9es \u00e0 un fichier appartenant \u00e0 OSN Seals, S.L. (OSN), d\u00fbment inscrit au Registre g\u00e9n\u00e9ral de protection des donn\u00e9es. Ces donn\u00e9es seront utilis\u00e9es pour :<\/p><ul><li>Pour traiter les demandes envoy\u00e9es par le biais du formulaire de contact ou d'autres moyens de contact publi\u00e9s sur le site Web.<\/li><li>G\u00e9rer la publication des commentaires sur le site web. L'adresse \u00e9lectronique ne sera pas publi\u00e9e.<\/li><li>T\u00e9l\u00e9charger des cookies sur l'ordinateur de l'utilisateur avec son consentement, afin d'obtenir des informations statistiques sur ses habitudes de navigation. L'utilisateur peut \u00e0 tout moment retirer son consentement \u00e0 l'utilisation de cookies.<\/li><\/ul><p>Si vous souhaitez modifier ou supprimer l'acc\u00e8s \u00e0 vos donn\u00e9es, veuillez nous contacter \u00e0 l'adresse suivante <a rel=\"noreferrer\">osn@osn.es<\/a> ou en appelant le (+34) 977 13 47 00.<\/p><h6><strong>UTILISATION DE COOKIES<\/strong><\/h6><p>Ce site web utilise des cookies techniques, de petits fichiers d'information que le serveur envoie \u00e0 l'ordinateur de l'utilisateur, pour les fonctions essentielles du site. Ces cookies sont temporaires et disparaissent \u00e0 la fin de la session. Ils ne collectent pas de donn\u00e9es personnelles.<\/p><p>Les cookies peuvent \u00e9galement \u00eatre utilis\u00e9s pour reconna\u00eetre le navigateur de l'utilisateur et faciliter la navigation, en permettant l'acc\u00e8s \u00e0 des zones et \u00e0 des services r\u00e9serv\u00e9s sans qu'il soit n\u00e9cessaire de s'enregistrer \u00e0 chaque visite. En outre, ils peuvent \u00eatre utilis\u00e9s pour mesurer l'audience, les param\u00e8tres de trafic et suivre les progr\u00e8s des utilisateurs, toujours avec leur consentement pr\u00e9alable.<\/p><p>L'utilisateur peut configurer son navigateur pour recevoir des alertes sur l'installation de cookies et les bloquer s'il le souhaite. Veuillez vous r\u00e9f\u00e9rer aux instructions de votre navigateur pour plus d'informations.<\/p>\t\t\t\t\t\t\t<\/div>\r\n\t\t\t\t\t\t\t\t\t\t<\/div>\n\t\t\t\t<\/div>\n\t\t\t\t\t<\/div>\n\t\t\t\t<\/div>\n\t\t\t\t<\/div>","protected":false},"excerpt":{"rendered":"<p>POL\u00cdTICA DE ENLACES Desde este sitio web, podr\u00eda redirigirse a contenidos en sitios de terceros. Como el RESPONSABLE no controla&#8230;<\/p>","protected":false},"author":2,"featured_media":0,"parent":0,"menu_order":0,"comment_status":"closed","ping_status":"closed","template":"page-fullwidth.php","meta":{"_crdt_document":"","footnotes":""},"class_list":["post-26419","page","type-page","status-publish"],"_links":{"self":[{"href":"https:\/\/www.osn.es\/fr\/wp-json\/wp\/v2\/pages\/26419","targetHints":{"allow":["GET"]}}],"collection":[{"href":"https:\/\/www.osn.es\/fr\/wp-json\/wp\/v2\/pages"}],"about":[{"href":"https:\/\/www.osn.es\/fr\/wp-json\/wp\/v2\/types\/page"}],"author":[{"embeddable":true,"href":"https:\/\/www.osn.es\/fr\/wp-json\/wp\/v2\/users\/2"}],"replies":[{"embeddable":true,"href":"https:\/\/www.osn.es\/fr\/wp-json\/wp\/v2\/comments?post=26419"}],"version-history":[{"count":10,"href":"https:\/\/www.osn.es\/fr\/wp-json\/wp\/v2\/pages\/26419\/revisions"}],"predecessor-version":[{"id":28736,"href":"https:\/\/www.osn.es\/fr\/wp-json\/wp\/v2\/pages\/26419\/revisions\/28736"}],"wp:attachment":[{"href":"https:\/\/www.osn.es\/fr\/wp-json\/wp\/v2\/media?parent=26419"}],"curies":[{"name":"wp","href":"https:\/\/api.w.org\/{rel}","templated":true}]}}