{"id":31502,"date":"2024-12-30T12:08:35","date_gmt":"2024-12-30T11:08:35","guid":{"rendered":"https:\/\/www.osn.es\/?page_id=31502"},"modified":"2025-02-21T10:27:04","modified_gmt":"2025-02-21T09:27:04","slug":"descarga-catalogo-para-industria-petrolera-y-gasista-rotor-clip","status":"publish","type":"page","link":"https:\/\/www.osn.es\/fr\/descarga-catalogo-para-industria-petrolera-y-gasista-rotor-clip\/","title":{"rendered":"Descarga cat\u00e1logo para industria petrolera y gasista Rotor Clip"},"content":{"rendered":"\t\t<div data-elementor-type=\"wp-page\" data-elementor-id=\"31502\" class=\"elementor elementor-31502\" data-elementor-post-type=\"page\">\n\t\t\t\t<div class=\"elementor-element elementor-element-8f52f4d thegem-e-con-layout-elementor e-flex e-con-boxed e-con e-parent\" data-id=\"8f52f4d\" data-element_type=\"container\" data-e-type=\"container\" data-settings=\"{&quot;thegem_container_layout&quot;:&quot;elementor&quot;}\">\r\n\t\t\t\t\t<div class=\"e-con-inner\">\r\n\t\t<div class=\"elementor-element elementor-element-fa6a745 e-con-full thegem-e-con-layout-elementor e-flex e-con e-child\" data-id=\"fa6a745\" data-element_type=\"container\" data-e-type=\"container\" data-settings=\"{&quot;thegem_container_layout&quot;:&quot;elementor&quot;}\">\r\n\t\t\t\t<div class=\"elementor-element elementor-element-4cf78cc flex-horizontal-align-default flex-horizontal-align-tablet-default flex-horizontal-align-mobile-default flex-vertical-align-default flex-vertical-align-tablet-default flex-vertical-align-mobile-default elementor-widget elementor-widget-heading\" data-id=\"4cf78cc\" data-element_type=\"widget\" data-e-type=\"widget\" data-widget_type=\"heading.default\">\n\t\t\t\t<div class=\"elementor-widget-container\">\n\t\t\t\t\t<h2 class=\"elementor-heading-title elementor-size-default\">CAT\u00c1LOGO PARA INDUSTRIA PETROLERA Y GASISTA ROTOR CLIP<\/h2>\t\t\t\t<\/div>\n\t\t\t\t<\/div>\n\t\t\t\t<div class=\"elementor-element elementor-element-8b4642c elementor-widget-divider--view-line flex-horizontal-align-default flex-horizontal-align-tablet-default flex-horizontal-align-mobile-default flex-vertical-align-default flex-vertical-align-tablet-default flex-vertical-align-mobile-default elementor-widget elementor-widget-divider\" data-id=\"8b4642c\" data-element_type=\"widget\" data-e-type=\"widget\" data-widget_type=\"divider.default\">\n\t\t\t\t<div class=\"elementor-widget-container\">\n\t\t\t\t\t\t\t<div class=\"elementor-divider\">\n\t\t\t<span class=\"elementor-divider-separator\">\n\t\t\t\t\t\t<\/span>\n\t\t<\/div>\n\t\t\t\t\t\t<\/div>\n\t\t\t\t<\/div>\n\t\t\t\t<\/div>\n\t\t\t\t\t<\/div>\n\t\t\t\t<\/div>\n\t\t<div class=\"elementor-element elementor-element-db4befc thegem-e-con-layout-elementor e-flex e-con-boxed e-con e-parent\" data-id=\"db4befc\" data-element_type=\"container\" data-e-type=\"container\" data-settings=\"{&quot;thegem_container_layout&quot;:&quot;elementor&quot;}\">\r\n\t\t\t\t\t<div class=\"e-con-inner\">\r\n\t\t<div class=\"elementor-element elementor-element-ae7afbd e-con-full thegem-e-con-layout-elementor e-flex e-con e-child\" data-id=\"ae7afbd\" data-element_type=\"container\" data-e-type=\"container\" data-settings=\"{&quot;thegem_container_layout&quot;:&quot;elementor&quot;}\">\r\n\t\t\t\t<div class=\"elementor-element elementor-element-931385d flex-horizontal-align-default flex-horizontal-align-tablet-default flex-horizontal-align-mobile-default flex-vertical-align-default flex-vertical-align-tablet-default flex-vertical-align-mobile-default elementor-widget elementor-widget-shortcode\" data-id=\"931385d\" data-element_type=\"widget\" data-e-type=\"widget\" data-widget_type=\"shortcode.default\">\n\t\t\t\t<div class=\"elementor-widget-container\">\n\t\t\t\t\t\t\t<div class=\"elementor-shortcode\"><style id=\"wpforms-css-vars-31461\">\n\t\t\t\t#wpforms-31461 {\n\t\t\t\t\n\t\t\t}\n\t\t\t<\/style><div class=\"wpforms-container wpforms-container-full wpforms-render-modern\" id=\"wpforms-31461\"><form id=\"wpforms-form-31461\" class=\"wpforms-validate wpforms-form wpforms-ajax-form\" data-formid=\"31461\" method=\"post\" enctype=\"multipart\/form-data\" action=\"\/fr\/wp-json\/wp\/v2\/pages\/31502\" data-token=\"81d6b4ce5bf6b4e175c92b4022693477\" data-token-time=\"1775416731\"><noscript class=\"wpforms-error-noscript\">Veuillez activer JavaScript dans votre navigateur pour remplir ce formulaire.<\/noscript><div id=\"wpforms-error-noscript\" style=\"display: none;\">Veuillez activer JavaScript dans votre navigateur pour remplir ce formulaire.<\/div><div class=\"wpforms-field-container\"><div id=\"wpforms-31461-field_1-container\" class=\"wpforms-field wpforms-field-name\" data-field-id=\"1\"><label class=\"wpforms-field-label\" for=\"wpforms-31461-field_1\">Nombre y apellidos <span class=\"wpforms-required-label\" aria-hidden=\"true\">*<\/span><\/label><input type=\"text\" id=\"wpforms-31461-field_1\" class=\"wpforms-field-large wpforms-field-required\" name=\"wpforms[fields][1]\" placeholder=\"Nombre y apellidos\" aria-errormessage=\"wpforms-31461-field_1-error\" required><\/div><div id=\"wpforms-31461-field_3-container\" class=\"wpforms-field wpforms-field-text\" data-field-id=\"3\"><label class=\"wpforms-field-label\" for=\"wpforms-31461-field_3\">Empresa<\/label><input type=\"text\" id=\"wpforms-31461-field_3\" class=\"wpforms-field-large\" name=\"wpforms[fields][3]\" aria-errormessage=\"wpforms-31461-field_3-error\" ><\/div>\t\t<div id=\"wpforms-31461-field_5-container\"\n\t\t\tclass=\"wpforms-field wpforms-field-text\"\n\t\t\tdata-field-type=\"text\"\n\t\t\tdata-field-id=\"5\"\n\t\t\t>\n\t\t\t<label class=\"wpforms-field-label\" for=\"wpforms-31461-field_5\" >y RGPD apellidos<\/label>\n\t\t\t<input type=\"text\" id=\"wpforms-31461-field_5\" class=\"wpforms-field-medium\" name=\"wpforms[fields][5]\" >\n\t\t<\/div>\n\t\t<div id=\"wpforms-31461-field_2-container\" class=\"wpforms-field wpforms-field-email\" data-field-id=\"2\"><label class=\"wpforms-field-label\" for=\"wpforms-31461-field_2\">Correo electr\u00f3nico <span class=\"wpforms-required-label\" aria-hidden=\"true\">*<\/span><\/label><input type=\"email\" id=\"wpforms-31461-field_2\" class=\"wpforms-field-large wpforms-field-required\" name=\"wpforms[fields][2]\" spellcheck=\"false\" aria-errormessage=\"wpforms-31461-field_2-error\" aria-describedby=\"wpforms-31461-field_2-description\" required><div id=\"wpforms-31461-field_2-description\" class=\"wpforms-field-description\">Mails<\/div><\/div><div id=\"wpforms-31461-field_4-container\" class=\"wpforms-field wpforms-field-gdpr-checkbox\" data-field-id=\"4\"><label class=\"wpforms-field-label\">Acuerdo RGPD <span class=\"wpforms-required-label\" aria-hidden=\"true\">*<\/span><\/label><ul id=\"wpforms-31461-field_4\" class=\"wpforms-field-required\"><li class=\"choice-1\"><input type=\"checkbox\" id=\"wpforms-31461-field_4_1\" name=\"wpforms[fields][4][]\" value=\"Al enviar este formulario, usted acepta nuestra Pol\u00edtica de Privacidad y de Cookies y nos autoriza a incorporar sus datos a la base de datos de OSN con el fin de enviarle informaci\u00f3n comercial y ofertas personalizadas. Podr\u00e1 ejercer su derecho de baja o cancelaci\u00f3n en cualquier momento, de forma sencilla y gratuita, siguiendo los pasos indicados en nuestras comunicaciones o contactando con nosotros directamente.\" aria-errormessage=\"wpforms-31461-field_4_1-error\" required ><label class=\"wpforms-field-label-inline\" for=\"wpforms-31461-field_4_1\">Al enviar este formulario, usted acepta nuestra Pol\u00edtica de Privacidad y de Cookies y nos autoriza a incorporar sus datos a la base de datos de OSN con el fin de enviarle informaci\u00f3n comercial y ofertas personalizadas. Podr\u00e1 ejercer su derecho de baja o cancelaci\u00f3n en cualquier momento, de forma sencilla y gratuita, siguiendo los pasos indicados en nuestras comunicaciones o contactando con nosotros directamente.<\/label><\/li><\/ul><\/div><script>\n\t\t\t\t( function() {\n\t\t\t\t\tconst style = document.createElement( 'style' );\n\t\t\t\t\tstyle.appendChild( document.createTextNode( '#wpforms-31461-field_5-container { position: absolute !important; overflow: hidden !important; display: inline !important; height: 1px !important; width: 1px !important; z-index: -1000 !important; padding: 0 !important; } #wpforms-31461-field_5-container input { visibility: hidden; } #wpforms-conversational-form-page #wpforms-31461-field_5-container label { counter-increment: none; }' ) );\n\t\t\t\t\tdocument.head.appendChild( style );\n\t\t\t\t\tdocument.currentScript?.remove();\n\t\t\t\t} )();\n\t\t\t<\/script><\/div><!-- .wpforms-field-container --><div class=\"wpforms-submit-container\" ><input type=\"hidden\" name=\"wpforms[id]\" value=\"31461\"><input type=\"hidden\" name=\"page_title\" value=\"\"><input type=\"hidden\" name=\"page_url\" value=\"https:\/\/www.osn.es\/fr\/wp-json\/wp\/v2\/pages\/31502\"><input type=\"hidden\" name=\"url_referer\" value=\"\"><button type=\"submit\" name=\"wpforms[submit]\" id=\"wpforms-submit-31461\" class=\"wpforms-submit\" data-alt-text=\"Enviando...\" data-submit-text=\"Descargar archivo\" aria-live=\"assertive\" value=\"wpforms-submit\">Descargar archivo<\/button><img src=\"https:\/\/www.osn.es\/wp-content\/plugins\/wpforms-lite\/assets\/images\/submit-spin.svg\" class=\"wpforms-submit-spinner\" style=\"display: none;\" width=\"26\" height=\"26\" alt=\"Chargement en cours\"><\/div><\/form><\/div>  <!-- .wpforms-container --><\/div>\n\t\t\t\t\t\t<\/div>\n\t\t\t\t<\/div>\n\t\t\t\t<\/div>\n\t\t<div class=\"elementor-element elementor-element-d0e5e47 e-con-full thegem-e-con-layout-elementor e-flex e-con e-child\" data-id=\"d0e5e47\" data-element_type=\"container\" data-e-type=\"container\" data-settings=\"{&quot;thegem_container_layout&quot;:&quot;elementor&quot;}\">\r\n\t\t\t\t<div class=\"elementor-element elementor-element-37e32c9 flex-horizontal-align-default flex-horizontal-align-tablet-default flex-horizontal-align-mobile-default flex-vertical-align-default flex-vertical-align-tablet-default flex-vertical-align-mobile-default elementor-widget elementor-widget-image\" data-id=\"37e32c9\" data-element_type=\"widget\" data-e-type=\"widget\" data-widget_type=\"image.default\">\n\t\t\t\t<div class=\"elementor-widget-container\">\n\t\t\t\t\t\t\t\t\t\t\t\t\t\t\t<img fetchpriority=\"high\" width=\"721\" height=\"1024\" src=\"https:\/\/www.osn.es\/wp-content\/uploads\/2024\/12\/Catalogo-de-Industria-Petrolera-y-Gasista-Rotor-Clip-721x1024.jpg\" class=\"attachment-large size-large wp-image-31440\" alt=\"ROTOR CLIP-OSN\" srcset=\"https:\/\/www.osn.es\/wp-content\/uploads\/2024\/12\/Catalogo-de-Industria-Petrolera-y-Gasista-Rotor-Clip-721x1024.jpg 721w, https:\/\/www.osn.es\/wp-content\/uploads\/2024\/12\/Catalogo-de-Industria-Petrolera-y-Gasista-Rotor-Clip-211x300.jpg 211w, https:\/\/www.osn.es\/wp-content\/uploads\/2024\/12\/Catalogo-de-Industria-Petrolera-y-Gasista-Rotor-Clip-768x1091.jpg 768w, https:\/\/www.osn.es\/wp-content\/uploads\/2024\/12\/Catalogo-de-Industria-Petrolera-y-Gasista-Rotor-Clip-1081x1536.jpg 1081w, https:\/\/www.osn.es\/wp-content\/uploads\/2024\/12\/Catalogo-de-Industria-Petrolera-y-Gasista-Rotor-Clip-8x12.jpg 8w, https:\/\/www.osn.es\/wp-content\/uploads\/2024\/12\/Catalogo-de-Industria-Petrolera-y-Gasista-Rotor-Clip-14x20.jpg 14w, https:\/\/www.osn.es\/wp-content\/uploads\/2024\/12\/Catalogo-de-Industria-Petrolera-y-Gasista-Rotor-Clip.jpg 1236w\" sizes=\"(max-width: 721px) 100vw, 721px\" \/>\t\t\t\t\t\t\t\t\t\t\t\t\t\t\t<\/div>\n\t\t\t\t<\/div>\n\t\t\t\t<\/div>\n\t\t\t\t\t<\/div>\n\t\t\t\t<\/div>\n\t\t\t\t<\/div>\n\t\t","protected":false},"excerpt":{"rendered":"<p>CATALOGUE POUR L'INDUSTRIE DU P\u00c9TROLE ET DU GAZ CLIP DE ROTOR<\/p>","protected":false},"author":2,"featured_media":0,"parent":0,"menu_order":0,"comment_status":"closed","ping_status":"closed","template":"page-fullwidth.php","meta":{"_crdt_document":"","footnotes":""},"class_list":["post-31502","page","type-page","status-publish"],"_links":{"self":[{"href":"https:\/\/www.osn.es\/fr\/wp-json\/wp\/v2\/pages\/31502","targetHints":{"allow":["GET"]}}],"collection":[{"href":"https:\/\/www.osn.es\/fr\/wp-json\/wp\/v2\/pages"}],"about":[{"href":"https:\/\/www.osn.es\/fr\/wp-json\/wp\/v2\/types\/page"}],"author":[{"embeddable":true,"href":"https:\/\/www.osn.es\/fr\/wp-json\/wp\/v2\/users\/2"}],"replies":[{"embeddable":true,"href":"https:\/\/www.osn.es\/fr\/wp-json\/wp\/v2\/comments?post=31502"}],"version-history":[{"count":4,"href":"https:\/\/www.osn.es\/fr\/wp-json\/wp\/v2\/pages\/31502\/revisions"}],"predecessor-version":[{"id":31506,"href":"https:\/\/www.osn.es\/fr\/wp-json\/wp\/v2\/pages\/31502\/revisions\/31506"}],"wp:attachment":[{"href":"https:\/\/www.osn.es\/fr\/wp-json\/wp\/v2\/media?parent=31502"}],"curies":[{"name":"wp","href":"https:\/\/api.w.org\/{rel}","templated":true}]}}