{"id":31638,"date":"2025-01-13T14:28:38","date_gmt":"2025-01-13T13:28:38","guid":{"rendered":"https:\/\/www.osn.es\/?page_id=31638"},"modified":"2026-05-05T01:58:50","modified_gmt":"2026-05-04T23:58:50","slug":"truewave","status":"publish","type":"page","link":"https:\/\/www.osn.es\/fr\/marcas\/rotor-clip\/truewave\/","title":{"rendered":"Truewave"},"content":{"rendered":"<div data-elementor-type=\"wp-page\" data-elementor-id=\"31638\" class=\"elementor elementor-31638\" data-elementor-post-type=\"page\">\n\t\t\t\t<div class=\"elementor-element elementor-element-a1db02c thegem-e-con-layout-elementor e-flex e-con-boxed e-con e-parent\" data-id=\"a1db02c\" data-element_type=\"container\" data-e-type=\"container\" data-settings=\"{&quot;thegem_container_layout&quot;:&quot;elementor&quot;}\">\r\n\t\t\t\t\t<div class=\"e-con-inner\">\r\n\t\t\t\t<div class=\"elementor-element elementor-element-f308a85 flex-horizontal-align-default flex-horizontal-align-tablet-default flex-horizontal-align-mobile-default flex-vertical-align-default flex-vertical-align-tablet-default flex-vertical-align-mobile-default elementor-widget elementor-widget-shortcode\" data-id=\"f308a85\" data-element_type=\"widget\" data-e-type=\"widget\" data-widget_type=\"shortcode.default\">\n\t\t\t\t<div class=\"elementor-widget-container\">\n\t\t\t\t\t\t\t<div class=\"elementor-shortcode\"><nav aria-label=\"breadcrumbs\" class=\"rank-math-breadcrumb\"><p><span class=\"last\">Accueil<\/span><\/p><\/nav>\n\n<\/div>\n\t\t\t\t\t\t<\/div>\n\t\t\t\t<\/div>\n\t\t\t\t<div class=\"elementor-element elementor-element-2b78be3 flex-horizontal-align-default flex-horizontal-align-tablet-default flex-horizontal-align-mobile-default flex-vertical-align-default flex-vertical-align-tablet-default flex-vertical-align-mobile-default elementor-widget elementor-widget-heading\" data-id=\"2b78be3\" data-element_type=\"widget\" data-e-type=\"widget\" data-widget_type=\"heading.default\">\n\t\t\t\t<div class=\"elementor-widget-container\">\n\t\t\t\t\t<h1 class=\"elementor-heading-title elementor-size-default\">Truewave<\/h1>\t\t\t\t<\/div>\n\t\t\t\t<\/div>\n\t\t\t\t<div class=\"elementor-element elementor-element-e6b1906 flex-horizontal-align-default flex-horizontal-align-tablet-default flex-horizontal-align-mobile-default flex-vertical-align-default flex-vertical-align-tablet-default flex-vertical-align-mobile-default elementor-widget elementor-widget-html\" data-id=\"e6b1906\" data-element_type=\"widget\" data-e-type=\"widget\" data-widget_type=\"html.default\">\n\t\t\t\t<div class=\"elementor-widget-container\">\n\t\t\t\t\t<video autoplay muted loop playsinline>\r\n  <source src=\"\/wp-content\/uploads\/2026\/05\/resortes_ondulados_3s-20s.mp4\" type=\"video\/mp4\">\r\n<\/video>\t\t\t\t<\/div>\n\t\t\t\t<\/div>\n\t\t\t\t\t<\/div>\n\t\t\t\t<\/div>\n\t\t<div class=\"elementor-element elementor-element-bb4fcf9 elementor-hidden-desktop elementor-hidden-tablet elementor-hidden-mobile thegem-e-con-layout-elementor e-flex e-con-boxed e-con e-parent\" data-id=\"bb4fcf9\" data-element_type=\"container\" data-e-type=\"container\" data-settings=\"{&quot;thegem_container_layout&quot;:&quot;elementor&quot;}\">\r\n\t\t\t\t\t<div class=\"e-con-inner\">\r\n\t\t\t\t<div class=\"elementor-element elementor-element-9ffd8c7 flex-horizontal-align-default flex-horizontal-align-tablet-default flex-horizontal-align-mobile-default flex-vertical-align-default flex-vertical-align-tablet-default flex-vertical-align-mobile-default elementor-invisible elementor-widget elementor-widget-image\" data-id=\"9ffd8c7\" data-element_type=\"widget\" data-e-type=\"widget\" data-settings=\"{&quot;_animation&quot;:&quot;zoomIn&quot;}\" data-widget_type=\"image.default\">\n\t\t\t\t<div class=\"elementor-widget-container\">\n\t\t\t\t\t\t\t\t\t\t\t\t\t\t\t<img fetchpriority=\"high\" width=\"1536\" height=\"429\" src=\"https:\/\/www.osn.es\/wp-content\/uploads\/2025\/01\/TRUEWAVE-1536x429.jpg\" class=\"attachment-1536x1536 size-1536x1536 wp-image-31640\" alt=\"OSN-ROTOR CLIP\" srcset=\"https:\/\/www.osn.es\/wp-content\/uploads\/2025\/01\/TRUEWAVE-1536x429.jpg 1536w, https:\/\/www.osn.es\/wp-content\/uploads\/2025\/01\/TRUEWAVE-300x84.jpg 300w, https:\/\/www.osn.es\/wp-content\/uploads\/2025\/01\/TRUEWAVE-1024x286.jpg 1024w, https:\/\/www.osn.es\/wp-content\/uploads\/2025\/01\/TRUEWAVE-768x215.jpg 768w, https:\/\/www.osn.es\/wp-content\/uploads\/2025\/01\/TRUEWAVE-18x5.jpg 18w, https:\/\/www.osn.es\/wp-content\/uploads\/2025\/01\/TRUEWAVE-20x6.jpg 20w, https:\/\/www.osn.es\/wp-content\/uploads\/2025\/01\/TRUEWAVE.jpg 1700w\" sizes=\"(max-width: 1536px) 100vw, 1536px\" \/>\t\t\t\t\t\t\t\t\t\t\t\t\t\t\t<\/div>\n\t\t\t\t<\/div>\n\t\t\t\t\t<\/div>\n\t\t\t\t<\/div>\n\t\t<div class=\"elementor-element elementor-element-72b8262 thegem-e-con-layout-elementor e-flex e-con-boxed e-con e-parent\" data-id=\"72b8262\" data-element_type=\"container\" data-e-type=\"container\" data-settings=\"{&quot;thegem_container_layout&quot;:&quot;elementor&quot;}\">\r\n\t\t\t\t\t<div class=\"e-con-inner\">\r\n\t\t\t\t<div class=\"elementor-element elementor-element-83ff34f flex-horizontal-align-default flex-horizontal-align-tablet-default flex-horizontal-align-mobile-default flex-vertical-align-default flex-vertical-align-tablet-default flex-vertical-align-mobile-default elementor-invisible elementor-widget elementor-widget-heading\" data-id=\"83ff34f\" data-element_type=\"widget\" data-e-type=\"widget\" data-settings=\"{&quot;_animation&quot;:&quot;zoomIn&quot;}\" data-widget_type=\"heading.default\">\n\t\t\t\t<div class=\"elementor-widget-container\">\n\t\t\t\t\t<h3 class=\"elementor-heading-title elementor-size-default\">GAMME DE RESSORTS ONDUL\u00c9S CLIP ROTOR, DISTRIBUTEUR OFFICIEL OSN<\/h3>\t\t\t\t<\/div>\n\t\t\t\t<\/div>\n\t\t\t\t\t<\/div>\n\t\t\t\t<\/div>\n\t\t<div class=\"elementor-element elementor-element-5fae789 thegem-e-con-layout-elementor e-flex e-con-boxed e-con e-parent\" data-id=\"5fae789\" data-element_type=\"container\" data-e-type=\"container\" data-settings=\"{&quot;thegem_container_layout&quot;:&quot;elementor&quot;}\">\r\n\t\t\t\t\t<div class=\"e-con-inner\">\r\n\t\t\t\t<div class=\"elementor-element elementor-element-9fec6b7 flex-horizontal-align-default flex-horizontal-align-tablet-default flex-horizontal-align-mobile-default flex-vertical-align-default flex-vertical-align-tablet-default flex-vertical-align-mobile-default elementor-invisible elementor-widget elementor-widget-text-editor\" data-id=\"9fec6b7\" data-element_type=\"widget\" data-e-type=\"widget\" data-settings=\"{&quot;_animation&quot;:&quot;fadeInUp&quot;}\" data-widget_type=\"text-editor.default\">\n\t\t\t\t<div class=\"elementor-widget-container\">\n\t\t\t\t\t\t\t\t\t\t\t\t<div class=\"elementor-text-editor elementor-clearfix\">\r\n\t\t\t\t\t\t<p>Depuis 2009, OSN est fier d'\u00eatre le distributeur officiel de la gamme compl\u00e8te de ressorts ondul\u00e9s de la c\u00e9l\u00e8bre marque Rotor Clip. Ces produits, con\u00e7us et fabriqu\u00e9s dans des usines de pointe aux Etats-Unis et en Europe, r\u00e9pondent aux normes les plus \u00e9lev\u00e9es en mati\u00e8re de qualit\u00e9, d'innovation et de performance.<\/p>\t\t\t\t\t\t\t<\/div>\r\n\t\t\t\t\t\t\t\t\t\t<\/div>\n\t\t\t\t<\/div>\n\t\t\t\t\t<\/div>\n\t\t\t\t<\/div>\n\t\t<div class=\"elementor-element elementor-element-ba6f08c elementor-hidden-desktop elementor-hidden-tablet elementor-hidden-mobile thegem-e-con-layout-elementor e-flex e-con-boxed e-con e-parent\" data-id=\"ba6f08c\" data-element_type=\"container\" data-e-type=\"container\" data-settings=\"{&quot;thegem_container_layout&quot;:&quot;elementor&quot;}\">\r\n\t\t\t\t\t<div class=\"e-con-inner\">\r\n\t\t\t\t<div class=\"elementor-element elementor-element-d7820fd elementor-widget__width-initial flex-horizontal-align-default flex-horizontal-align-tablet-default flex-horizontal-align-mobile-default flex-vertical-align-default flex-vertical-align-tablet-default flex-vertical-align-mobile-default elementor-widget elementor-widget-video\" data-id=\"d7820fd\" data-element_type=\"widget\" data-e-type=\"widget\" data-settings=\"{&quot;youtube_url&quot;:&quot;https:\\\/\\\/www.youtube.com\\\/watch?v=OmilswzD2u0&amp;ab_channel=OSN&quot;,&quot;video_type&quot;:&quot;youtube&quot;,&quot;controls&quot;:&quot;yes&quot;}\" data-widget_type=\"video.default\">\n\t\t\t\t<div class=\"elementor-widget-container\">\n\t\t\t\t\t\t\t<div class=\"elementor-wrapper elementor-open-inline\">\n\t\t\t<div class=\"elementor-video\"><\/div>\t\t<\/div>\n\t\t\t\t\t\t<\/div>\n\t\t\t\t<\/div>\n\t\t\t\t\t<\/div>\n\t\t\t\t<\/div>\n\t\t<div class=\"elementor-element elementor-element-2c4064f thegem-e-con-layout-elementor e-flex e-con-boxed e-con e-parent\" data-id=\"2c4064f\" data-element_type=\"container\" data-e-type=\"container\" data-settings=\"{&quot;thegem_container_layout&quot;:&quot;elementor&quot;}\">\r\n\t\t\t\t\t<div class=\"e-con-inner\">\r\n\t\t\t\t<div class=\"elementor-element elementor-element-664c9cd flex-horizontal-align-default flex-horizontal-align-tablet-default flex-horizontal-align-mobile-default flex-vertical-align-default flex-vertical-align-tablet-default flex-vertical-align-mobile-default elementor-invisible elementor-widget elementor-widget-text-editor\" data-id=\"664c9cd\" data-element_type=\"widget\" data-e-type=\"widget\" data-settings=\"{&quot;_animation&quot;:&quot;fadeInUp&quot;}\" data-widget_type=\"text-editor.default\">\n\t\t\t\t<div class=\"elementor-widget-container\">\n\t\t\t\t\t\t\t\t\t\t\t\t<div class=\"elementor-text-editor elementor-clearfix\">\r\n\t\t\t\t\t\t<p>\u00a0<strong>Que sont les ressorts ondulatoires ?<\/strong><\/p><p>Les ressorts ondul\u00e9s Rotor Clip sont des \u00e9l\u00e9ments compacts et efficaces con\u00e7us pour des applications n\u00e9cessitant des performances \u00e9lev\u00e9es dans des espaces confin\u00e9s. Ils sont fabriqu\u00e9s \u00e0 partir de fils plats ou ronds, auxquels sont ajout\u00e9es des ondulations pour g\u00e9n\u00e9rer un effet de ressort. Leurs principaux avantages sont les suivants<\/p><ul><li><strong>Gain de place<\/strong>Ils occupent jusqu'\u00e0 50% de moins en hauteur de travail que les ressorts h\u00e9lico\u00efdaux traditionnels.<\/li><li><strong>Optimisation de la force<\/strong>Ils offrent des forces constantes sur une large gamme de d\u00e9flexions, avec une transmission axiale pr\u00e9cise.<\/li><li><strong>Dur\u00e9e de vie plus longue<\/strong>L'usure est r\u00e9duite gr\u00e2ce \u00e0 une conception qui \u00e9limine les torsions et les charges radiales ind\u00e9sirables.<\/li><\/ul><p><strong>Types de ressorts ondul\u00e9s Rotor Clip<\/strong><\/p><ol><li><strong>Ressorts ondul\u00e9s \u00e0 simple tour<\/strong>:<ul><li>Con\u00e7u pour les applications o\u00f9 l'espace radial est limit\u00e9 et o\u00f9 les basses sont claires.<\/li><li>Id\u00e9al pour les applications l\u00e9g\u00e8res \u00e0 lourdes.<\/li><li>S\u00e9rie en vedette :<ul><li><strong>SST et MST<\/strong>Pour des d\u00e9flexions courtes et des forces faibles \u00e0 moyennes.<\/li><li><strong>NST<\/strong>Adapt\u00e9 aux dimensions radiales \u00e9troites.<\/li><li><strong>SRT<\/strong>Les fils de fer : Fabriqu\u00e9s \u00e0 partir de fils ronds, ils offrent une grande pr\u00e9cision de charge et un jeu radial r\u00e9duit.<\/li><\/ul><\/li><\/ul><\/li><li><strong>Ressorts ondul\u00e9s multitours (multitours)<\/strong>:<ul><li>Recommand\u00e9 pour les applications moyennes et lourdes avec des capacit\u00e9s de charge \u00e9lev\u00e9es.<\/li><li>Ils remplacent les ressorts h\u00e9lico\u00efdaux ou les piles de disques, offrant une conception plus compacte et plus efficace.<\/li><li>Disponibles en versions m\u00e9triques et en pouces :<ul><li><strong>WSL (l\u00e9g\u00e8re) :<\/strong> Id\u00e9al pour les applications \u00e0 faible force et \u00e0 forte d\u00e9flexion ; tailles de 0,25 \u00e0 2 pouces.<\/li><li><strong>WSM (m\u00e9dias) : <\/strong>Pour des forces mod\u00e9r\u00e9es et des d\u00e9flexions moyennes ; tailles de 0,25 \u00e0 2 pouces.<\/li><li><strong>WSR (lourd) : <\/strong>Con\u00e7us pour des charges \u00e9lev\u00e9es et de faibles d\u00e9flexions ; tailles de 0,25 \u00e0 2 pouces.<\/li><li><strong>MWL (Light) : <\/strong>Convient aux applications \u00e0 faible force et \u00e0 forte d\u00e9flexion ; disponible dans des tailles de 5 \u00e0 60 mm.<\/li><li><strong>MWM (m\u00e9dias) : <\/strong>Con\u00e7us pour des forces mod\u00e9r\u00e9es et des d\u00e9flexions moyennes, ils sont disponibles dans des tailles allant de 5 \u00e0 60 mm.<\/li><li><strong>MWR (lourd) : <\/strong>Id\u00e9al pour les charges \u00e9lev\u00e9es et les faibles d\u00e9flexions ; disponible dans des tailles de 5 \u00e0 60 mm.<\/li><\/ul><\/li><\/ul><\/li><li><strong>Sources d'ondes imbriqu\u00e9es (Sources d'ondes imbriqu\u00e9es) <\/strong><ul><li>Il s'agit de ressorts multitours dans lesquels chaque tour est enroul\u00e9 en parall\u00e8le, g\u00e9n\u00e9rant une force jusqu'\u00e0 trois fois sup\u00e9rieure \u00e0 celle d'un ressort monotour. Cette configuration leur permet de supporter des charges plus \u00e9lev\u00e9es, d'occuper moins d'espace radial et d'offrir une plus grande course par rapport \u00e0 d'autres solutions telles que les ressorts \u00e0 disque. Ils simplifient \u00e9galement l'assemblage en \u00e9liminant la n\u00e9cessit\u00e9 d'empiler plusieurs composants, optimisant ainsi l'efficacit\u00e9 de la conception et de l'assemblage.<\/li><\/ul><\/li><\/ol><p><strong>Mat\u00e9riaux et finitions<\/strong><\/p><p>Rotor Clip propose des ressorts ondul\u00e9s dans une vari\u00e9t\u00e9 de mat\u00e9riaux standard et sp\u00e9ciaux, tels que l'acier au carbone, l'acier inoxydable, l'Inconel et d'autres, con\u00e7us pour r\u00e9sister aux temp\u00e9ratures extr\u00eames, aux charges m\u00e9caniques s\u00e9v\u00e8res et aux environnements corrosifs. Les finitions comprennent la passivation, le bain d'huile et les rev\u00eatements sp\u00e9cifiques \u00e0 l'application.<\/p>\t\t\t\t\t\t\t<\/div>\r\n\t\t\t\t\t\t\t\t\t\t<\/div>\n\t\t\t\t<\/div>\n\t\t\t\t\t<\/div>\n\t\t\t\t<\/div>\n\t\t<div class=\"elementor-element elementor-element-25f3b4c thegem-e-con-layout-elementor e-flex e-con-boxed e-con e-parent\" data-id=\"25f3b4c\" data-element_type=\"container\" data-e-type=\"container\" data-settings=\"{&quot;thegem_container_layout&quot;:&quot;elementor&quot;}\">\r\n\t\t\t\t\t<div class=\"e-con-inner\">\r\n\t\t<div class=\"elementor-element elementor-element-4b72ce6 e-con-full thegem-e-con-layout-elementor e-flex e-con e-child\" data-id=\"4b72ce6\" data-element_type=\"container\" data-e-type=\"container\" data-settings=\"{&quot;thegem_container_layout&quot;:&quot;elementor&quot;}\">\r\n\t\t\t\t<div class=\"elementor-element elementor-element-d3450cd flex-horizontal-align-default flex-horizontal-align-tablet-default flex-horizontal-align-mobile-default flex-vertical-align-default flex-vertical-align-tablet-default flex-vertical-align-mobile-default elementor-widget elementor-widget-image\" data-id=\"d3450cd\" data-element_type=\"widget\" data-e-type=\"widget\" data-widget_type=\"image.default\">\n\t\t\t\t<div class=\"elementor-widget-container\">\n\t\t\t\t\t\t\t\t\t\t\t\t\t\t\t\t<a href=\"https:\/\/www.osn.es\/fr\/descarga-catalogo-de-resortes-ondulados-rotor-clip\/\" target=\"_blank\">\n\t\t\t\t\t\t\t<img width=\"721\" height=\"1024\" src=\"https:\/\/www.osn.es\/wp-content\/uploads\/2025\/01\/Catalogo-Resortes-Ondulados-nueva-721x1024.jpg\" class=\"attachment-large size-large wp-image-31631\" alt=\"OSN-ROTOR CLIP\" srcset=\"https:\/\/www.osn.es\/wp-content\/uploads\/2025\/01\/Catalogo-Resortes-Ondulados-nueva-721x1024.jpg 721w, https:\/\/www.osn.es\/wp-content\/uploads\/2025\/01\/Catalogo-Resortes-Ondulados-nueva-211x300.jpg 211w, https:\/\/www.osn.es\/wp-content\/uploads\/2025\/01\/Catalogo-Resortes-Ondulados-nueva-768x1091.jpg 768w, https:\/\/www.osn.es\/wp-content\/uploads\/2025\/01\/Catalogo-Resortes-Ondulados-nueva-1081x1536.jpg 1081w, https:\/\/www.osn.es\/wp-content\/uploads\/2025\/01\/Catalogo-Resortes-Ondulados-nueva-8x12.jpg 8w, https:\/\/www.osn.es\/wp-content\/uploads\/2025\/01\/Catalogo-Resortes-Ondulados-nueva-14x20.jpg 14w, https:\/\/www.osn.es\/wp-content\/uploads\/2025\/01\/Catalogo-Resortes-Ondulados-nueva.jpg 1236w\" sizes=\"(max-width: 721px) 100vw, 721px\" \/>\t\t\t\t\t\t\t\t<\/a>\n\t\t\t\t\t\t\t\t\t\t\t\t\t\t\t<\/div>\n\t\t\t\t<\/div>\n\t\t\t\t<div class=\"elementor-element elementor-element-7726fcd flex-horizontal-align-default flex-horizontal-align-tablet-default flex-horizontal-align-mobile-default flex-vertical-align-default flex-vertical-align-tablet-default flex-vertical-align-mobile-default elementor-widget elementor-widget-heading\" data-id=\"7726fcd\" data-element_type=\"widget\" data-e-type=\"widget\" data-widget_type=\"heading.default\">\n\t\t\t\t<div class=\"elementor-widget-container\">\n\t\t\t\t\t<h5 class=\"elementor-heading-title elementor-size-default\">CATALOGUE DE RESSORTS ONDUL\u00c9S RESSORTS DE CLIPS DE ROTOR<\/h5>\t\t\t\t<\/div>\n\t\t\t\t<\/div>\n\t\t\t\t<\/div>\n\t\t\t\t\t<\/div>\n\t\t\t\t<\/div>\n\t\t<div class=\"elementor-element elementor-element-6f6f221 thegem-e-con-layout-elementor e-flex e-con-boxed e-con e-parent\" data-id=\"6f6f221\" data-element_type=\"container\" data-e-type=\"container\" data-settings=\"{&quot;thegem_container_layout&quot;:&quot;elementor&quot;}\">\r\n\t\t\t\t\t<div class=\"e-con-inner\">\r\n\t\t\t\t<div class=\"elementor-element elementor-element-91a7a4c flex-horizontal-align-default flex-horizontal-align-tablet-default flex-horizontal-align-mobile-default flex-vertical-align-default flex-vertical-align-tablet-default flex-vertical-align-mobile-default elementor-invisible elementor-widget elementor-widget-text-editor\" data-id=\"91a7a4c\" data-element_type=\"widget\" data-e-type=\"widget\" data-settings=\"{&quot;_animation&quot;:&quot;fadeInUp&quot;}\" data-widget_type=\"text-editor.default\">\n\t\t\t\t<div class=\"elementor-widget-container\">\n\t\t\t\t\t\t\t\t\t\t\t\t<div class=\"elementor-text-editor elementor-clearfix\">\r\n\t\t\t\t\t\t<p><strong>Applications courantes<\/strong><\/p><p>Les ressorts ondul\u00e9s Rotor Clip sont essentiels dans des secteurs tels que l'automobile, les machines industrielles, l'\u00e9lectronique et l'\u00e9quipement m\u00e9dical, avec des applications telles que les moteurs, les roulements, les joints m\u00e9caniques, les connecteurs de fluides et l'outillage de pr\u00e9cision.<\/p><p><strong>Personnalisation et assistance technique<\/strong><\/p><p>Gr\u00e2ce \u00e0 son \u00e9quipe d'ing\u00e9nieurs sp\u00e9cialis\u00e9s, Rotor Clip propose des solutions personnalis\u00e9es et adapt\u00e9es aux besoins sp\u00e9cifiques de chaque client, de la conception unique aux conseils sur le choix du ressort id\u00e9al. De plus, son calculateur en ligne permet d'optimiser la conception du ressort directement depuis le web.<\/p><p><a href=\"https:\/\/www.osn.es\/fr\/formulario-de-cotizacion-para-resortes-de-onda-truwave\/\"><b>Veuillez remplir ce formulaire en indiquant les caract\u00e9ristiques du ressort dont vous avez besoin pour votre application et nous vous enverrons une offre personnalis\u00e9e dans les plus brefs d\u00e9lais.<\/b><\/a><\/p><p>En tant que distributeur officiel de Rotor Clip, OSN garantit un acc\u00e8s direct \u00e0 des produits de haute qualit\u00e9, un support technique expert et une logistique efficace. Contactez-nous pour trouver la solution parfaite \u00e0 vos besoins en mati\u00e8re d'\u00e9tanch\u00e9it\u00e9, de transmission ou de fixation.<\/p>\t\t\t\t\t\t\t<\/div>\r\n\t\t\t\t\t\t\t\t\t\t<\/div>\n\t\t\t\t<\/div>\n\t\t\t\t\t<\/div>\n\t\t\t\t<\/div>\n\t\t\t\t<\/div>","protected":false},"excerpt":{"rendered":"<p>Truewave GAMA DE RESORTES ONDULADOS ROTOR CLIP, DISTRIBUIDOR OFICIAL OSN Desde 2009, OSN se enorgullece de ser el distribuidor oficial&#8230;<\/p>","protected":false},"author":2,"featured_media":0,"parent":31296,"menu_order":0,"comment_status":"closed","ping_status":"closed","template":"page-fullwidth.php","meta":{"_crdt_document":"","footnotes":""},"class_list":["post-31638","page","type-page","status-publish"],"_links":{"self":[{"href":"https:\/\/www.osn.es\/fr\/wp-json\/wp\/v2\/pages\/31638","targetHints":{"allow":["GET"]}}],"collection":[{"href":"https:\/\/www.osn.es\/fr\/wp-json\/wp\/v2\/pages"}],"about":[{"href":"https:\/\/www.osn.es\/fr\/wp-json\/wp\/v2\/types\/page"}],"author":[{"embeddable":true,"href":"https:\/\/www.osn.es\/fr\/wp-json\/wp\/v2\/users\/2"}],"replies":[{"embeddable":true,"href":"https:\/\/www.osn.es\/fr\/wp-json\/wp\/v2\/comments?post=31638"}],"version-history":[{"count":38,"href":"https:\/\/www.osn.es\/fr\/wp-json\/wp\/v2\/pages\/31638\/revisions"}],"predecessor-version":[{"id":37239,"href":"https:\/\/www.osn.es\/fr\/wp-json\/wp\/v2\/pages\/31638\/revisions\/37239"}],"up":[{"embeddable":true,"href":"https:\/\/www.osn.es\/fr\/wp-json\/wp\/v2\/pages\/31296"}],"wp:attachment":[{"href":"https:\/\/www.osn.es\/fr\/wp-json\/wp\/v2\/media?parent=31638"}],"curies":[{"name":"wp","href":"https:\/\/api.w.org\/{rel}","templated":true}]}}