{"id":32374,"date":"2025-01-28T18:48:42","date_gmt":"2025-01-28T17:48:42","guid":{"rendered":"https:\/\/www.osn.es\/?page_id=32374"},"modified":"2025-08-07T11:18:09","modified_gmt":"2025-08-07T09:18:09","slug":"loxeal","status":"publish","type":"page","link":"https:\/\/www.osn.es\/fr\/marcas\/loxeal\/","title":{"rendered":"Loxeal"},"content":{"rendered":"<div data-elementor-type=\"wp-page\" data-elementor-id=\"32374\" class=\"elementor elementor-32374\" data-elementor-post-type=\"page\">\n\t\t\t\t<div class=\"elementor-element elementor-element-2af3c9a thegem-e-con-layout-elementor e-flex e-con-boxed e-con e-parent\" data-id=\"2af3c9a\" data-element_type=\"container\" data-e-type=\"container\" data-settings=\"{&quot;thegem_container_layout&quot;:&quot;elementor&quot;}\">\r\n\t\t\t\t\t<div class=\"e-con-inner\">\r\n\t\t\t\t<div class=\"elementor-element elementor-element-53e8b9e flex-horizontal-align-default flex-horizontal-align-tablet-default flex-horizontal-align-mobile-default flex-vertical-align-default flex-vertical-align-tablet-default flex-vertical-align-mobile-default elementor-widget elementor-widget-shortcode\" data-id=\"53e8b9e\" data-element_type=\"widget\" data-e-type=\"widget\" data-widget_type=\"shortcode.default\">\n\t\t\t\t<div class=\"elementor-widget-container\">\n\t\t\t\t\t\t\t<div class=\"elementor-shortcode\"><nav aria-label=\"breadcrumbs\" class=\"rank-math-breadcrumb\"><p><span class=\"last\">Accueil<\/span><\/p><\/nav>\n\n<\/div>\n\t\t\t\t\t\t<\/div>\n\t\t\t\t<\/div>\n\t\t\t\t\t<\/div>\n\t\t\t\t<\/div>\n\t\t<div class=\"elementor-element elementor-element-9337652 thegem-e-con-layout-elementor e-flex e-con-boxed e-con e-parent\" data-id=\"9337652\" data-element_type=\"container\" data-e-type=\"container\" data-settings=\"{&quot;thegem_container_layout&quot;:&quot;elementor&quot;}\">\r\n\t\t\t\t\t<div class=\"e-con-inner\">\r\n\t\t\t\t<div class=\"elementor-element elementor-element-809107e flex-horizontal-align-default flex-horizontal-align-tablet-default flex-horizontal-align-mobile-default flex-vertical-align-default flex-vertical-align-tablet-default flex-vertical-align-mobile-default elementor-widget elementor-widget-heading\" data-id=\"809107e\" data-element_type=\"widget\" data-e-type=\"widget\" data-widget_type=\"heading.default\">\n\t\t\t\t<div class=\"elementor-widget-container\">\n\t\t\t\t\t<h1 class=\"elementor-heading-title elementor-size-default\">Loxeal<\/h1>\t\t\t\t<\/div>\n\t\t\t\t<\/div>\n\t\t\t\t<div class=\"elementor-element elementor-element-f4d7033 elementor-widget__width-initial elementor-widget-divider--view-line flex-horizontal-align-default flex-horizontal-align-tablet-default flex-horizontal-align-mobile-default flex-vertical-align-default flex-vertical-align-tablet-default flex-vertical-align-mobile-default elementor-widget elementor-widget-divider\" data-id=\"f4d7033\" data-element_type=\"widget\" data-e-type=\"widget\" data-widget_type=\"divider.default\">\n\t\t\t\t<div class=\"elementor-widget-container\">\n\t\t\t\t\t\t\t<div class=\"elementor-divider\">\n\t\t\t<span class=\"elementor-divider-separator\">\n\t\t\t\t\t\t<\/span>\n\t\t<\/div>\n\t\t\t\t\t\t<\/div>\n\t\t\t\t<\/div>\n\t\t\t\t\t<\/div>\n\t\t\t\t<\/div>\n\t\t<div class=\"elementor-element elementor-element-a20a737 thegem-e-con-layout-elementor e-flex e-con-boxed e-con e-parent\" data-id=\"a20a737\" data-element_type=\"container\" data-e-type=\"container\" data-settings=\"{&quot;thegem_container_layout&quot;:&quot;elementor&quot;}\">\r\n\t\t\t\t\t<div class=\"e-con-inner\">\r\n\t\t\t\t<div class=\"elementor-element elementor-element-52724c5 flex-horizontal-align-default flex-horizontal-align-tablet-default flex-horizontal-align-mobile-default flex-vertical-align-default flex-vertical-align-tablet-default flex-vertical-align-mobile-default elementor-widget elementor-widget-image\" data-id=\"52724c5\" data-element_type=\"widget\" data-e-type=\"widget\" data-widget_type=\"image.default\">\n\t\t\t\t<div class=\"elementor-widget-container\">\n\t\t\t\t\t\t\t\t\t\t\t\t\t\t\t<img fetchpriority=\"high\" width=\"1536\" height=\"368\" src=\"https:\/\/www.osn.es\/wp-content\/uploads\/2025\/01\/OSN-LOXEAL-1536x368.png\" class=\"attachment-1536x1536 size-1536x1536 wp-image-32378\" alt=\"OSN-LOXEAL\" srcset=\"https:\/\/www.osn.es\/wp-content\/uploads\/2025\/01\/OSN-LOXEAL-1536x368.png 1536w, https:\/\/www.osn.es\/wp-content\/uploads\/2025\/01\/OSN-LOXEAL-300x72.png 300w, https:\/\/www.osn.es\/wp-content\/uploads\/2025\/01\/OSN-LOXEAL-1024x245.png 1024w, https:\/\/www.osn.es\/wp-content\/uploads\/2025\/01\/OSN-LOXEAL-768x184.png 768w, https:\/\/www.osn.es\/wp-content\/uploads\/2025\/01\/OSN-LOXEAL-18x4.png 18w, https:\/\/www.osn.es\/wp-content\/uploads\/2025\/01\/OSN-LOXEAL-20x5.png 20w, https:\/\/www.osn.es\/wp-content\/uploads\/2025\/01\/OSN-LOXEAL.png 1830w\" sizes=\"(max-width: 1536px) 100vw, 1536px\" \/>\t\t\t\t\t\t\t\t\t\t\t\t\t\t\t<\/div>\n\t\t\t\t<\/div>\n\t\t\t\t\t<\/div>\n\t\t\t\t<\/div>\n\t\t<div class=\"elementor-element elementor-element-0e6fa0f thegem-e-con-layout-elementor e-flex e-con-boxed e-con e-parent\" data-id=\"0e6fa0f\" data-element_type=\"container\" data-e-type=\"container\" data-settings=\"{&quot;thegem_container_layout&quot;:&quot;elementor&quot;}\">\r\n\t\t\t\t\t<div class=\"e-con-inner\">\r\n\t\t\t\t<div class=\"elementor-element elementor-element-b3889d3 flex-horizontal-align-default flex-horizontal-align-tablet-default flex-horizontal-align-mobile-default flex-vertical-align-default flex-vertical-align-tablet-default flex-vertical-align-mobile-default elementor-widget elementor-widget-heading\" data-id=\"b3889d3\" data-element_type=\"widget\" data-e-type=\"widget\" data-widget_type=\"heading.default\">\n\t\t\t\t<div class=\"elementor-widget-container\">\n\t\t\t\t\t<h3 class=\"elementor-heading-title elementor-size-default\">OSN, distributeur officiel de LOXEAL : Qualit\u00e9 et innovation dans les adh\u00e9sifs industriels<\/h3>\t\t\t\t<\/div>\n\t\t\t\t<\/div>\n\t\t\t\t\t<\/div>\n\t\t\t\t<\/div>\n\t\t<div class=\"elementor-element elementor-element-4a8fb4e thegem-e-con-layout-elementor e-flex e-con-boxed e-con e-parent\" data-id=\"4a8fb4e\" data-element_type=\"container\" data-e-type=\"container\" data-settings=\"{&quot;thegem_container_layout&quot;:&quot;elementor&quot;}\">\r\n\t\t\t\t\t<div class=\"e-con-inner\">\r\n\t\t\t\t<div class=\"elementor-element elementor-element-bdd748b flex-horizontal-align-default flex-horizontal-align-tablet-default flex-horizontal-align-mobile-default flex-vertical-align-default flex-vertical-align-tablet-default flex-vertical-align-mobile-default elementor-invisible elementor-widget elementor-widget-text-editor\" data-id=\"bdd748b\" data-element_type=\"widget\" data-e-type=\"widget\" data-settings=\"{&quot;_animation&quot;:&quot;fadeInUp&quot;}\" data-widget_type=\"text-editor.default\">\n\t\t\t\t<div class=\"elementor-widget-container\">\n\t\t\t\t\t\t\t\t\t\t\t\t<div class=\"elementor-text-editor elementor-clearfix\">\r\n\t\t\t\t\t\t<p style=\"font-weight: 400;\">Chez OSN, nous sommes distributeurs officiels de LOXEAL depuis 2023, l'une des marques leaders en mati\u00e8re d'adh\u00e9sifs et de solutions d'\u00e9tanch\u00e9it\u00e9 industrielle. LOXEAL est une entreprise italienne fond\u00e9e en 1983, reconnue internationalement pour son engagement en mati\u00e8re de qualit\u00e9, d'innovation et de d\u00e9veloppement durable dans le secteur des adh\u00e9sifs.<\/p><p style=\"font-weight: 400;\"><strong>Histoire de LOXEAL<\/strong><\/p><p style=\"font-weight: 400;\">Avec plus de 40 ans d'exp\u00e9rience, LOXEAL est pass\u00e9 du statut de fabricant local \u00e0 celui d'acteur mondial. Son succ\u00e8s repose sur une recherche et un d\u00e9veloppement continus, soutenus par des contr\u00f4les de qualit\u00e9 rigoureux et des certifications internationales telles que ISO 9001 et ISO 14001. Cette approche garantit des produits fiables et respectueux de l'environnement qui r\u00e9pondent aux besoins les plus exigeants de l'industrie.<\/p><p style=\"font-weight: 400;\"><strong>Gamme de produits<\/strong><br \/>LOXEAL propose une large gamme de produits con\u00e7us pour des applications industrielles, notamment :<\/p><ul style=\"font-weight: 400;\"><li><strong>Adh\u00e9sifs ana\u00e9robies<\/strong>Id\u00e9al pour la fixation des filetages, l'\u00e9tanch\u00e9it\u00e9 des conduits et l'assemblage de composants m\u00e9caniques. Excellente r\u00e9sistance aux temp\u00e9ratures \u00e9lev\u00e9es et aux produits chimiques.<\/li><li><strong>Adh\u00e9sifs structurels<\/strong>Solutions robustes pour l'assemblage de divers mat\u00e9riaux tels que les m\u00e9taux, les plastiques et les composites, garantissant une r\u00e9sistance m\u00e9canique et une durabilit\u00e9 \u00e9lev\u00e9es.<\/li><li><strong>Cyanocrylates<\/strong>Adh\u00e9sifs \u00e0 durcissement rapide pour les applications de haute pr\u00e9cision dans les petits assemblages et les r\u00e9parations.<\/li><li><strong>Silicones et produits d'\u00e9tanch\u00e9it\u00e9<\/strong>Con\u00e7us pour fournir des joints \u00e9tanches et r\u00e9sistants dans les applications industrielles et de construction.<\/li><li><strong>Epoxies<\/strong>Produits de haute performance pour les r\u00e9parations et les rev\u00eatements n\u00e9cessitant une adh\u00e9rence exceptionnelle.<\/li><li><strong>Adh\u00e9sifs UV<\/strong>Sp\u00e9cialement formul\u00e9 pour un durcissement rapide sous lumi\u00e8re UV, id\u00e9al pour les applications sur le verre, les plastiques et les m\u00e9taux.<\/li><li><strong>Produits techniques compl\u00e9mentaires<\/strong>Des activateurs, des appr\u00eats et des nettoyants sont inclus pour garantir une performance optimale de l'adh\u00e9sif.<\/li><\/ul><p style=\"font-weight: 400;\">Parcourez facilement les sp\u00e9cifications, les applications et les d\u00e9tails des produits pour trouver la solution parfaite \u00e0 vos besoins dans le catalogue ci-dessous.<\/p>\t\t\t\t\t\t\t<\/div>\r\n\t\t\t\t\t\t\t\t\t\t<\/div>\n\t\t\t\t<\/div>\n\t\t\t\t\t<\/div>\n\t\t\t\t<\/div>\n\t\t<div class=\"elementor-element elementor-element-86038d6 thegem-e-con-layout-elementor e-flex e-con-boxed e-con e-parent\" data-id=\"86038d6\" data-element_type=\"container\" data-e-type=\"container\" data-settings=\"{&quot;thegem_container_layout&quot;:&quot;elementor&quot;}\">\r\n\t\t\t\t\t<div class=\"e-con-inner\">\r\n\t\t\t\t<div class=\"elementor-element elementor-element-8e8e0f4 elementor-widget__width-initial flex-horizontal-align-default flex-horizontal-align-tablet-default flex-horizontal-align-mobile-default flex-vertical-align-default flex-vertical-align-tablet-default flex-vertical-align-mobile-default elementor-widget elementor-widget-heading\" data-id=\"8e8e0f4\" data-element_type=\"widget\" data-e-type=\"widget\" data-widget_type=\"heading.default\">\n\t\t\t\t<div class=\"elementor-widget-container\">\n\t\t\t\t\t<h2 class=\"elementor-heading-title elementor-size-default\">CATALOGUE DES PRODUITS LOXEAL<\/h2>\t\t\t\t<\/div>\n\t\t\t\t<\/div>\n\t\t\t\t\t<\/div>\n\t\t\t\t<\/div>\n\t\t<div class=\"elementor-element elementor-element-a3cfa30 thegem-e-con-layout-elementor e-flex e-con-boxed e-con e-parent\" data-id=\"a3cfa30\" data-element_type=\"container\" data-e-type=\"container\" data-settings=\"{&quot;thegem_container_layout&quot;:&quot;elementor&quot;}\">\r\n\t\t\t\t\t<div class=\"e-con-inner\">\r\n\t\t<div class=\"elementor-element elementor-element-cfb4f14 e-con-full thegem-e-con-layout-elementor e-flex e-con e-child\" data-id=\"cfb4f14\" data-element_type=\"container\" data-e-type=\"container\" data-settings=\"{&quot;thegem_container_layout&quot;:&quot;elementor&quot;}\">\r\n\t\t\t\t<div class=\"elementor-element elementor-element-340d71b flex-horizontal-align-default flex-horizontal-align-tablet-default flex-horizontal-align-mobile-default flex-vertical-align-default flex-vertical-align-tablet-default flex-vertical-align-mobile-default elementor-widget elementor-widget-image\" data-id=\"340d71b\" data-element_type=\"widget\" data-e-type=\"widget\" data-widget_type=\"image.default\">\n\t\t\t\t<div class=\"elementor-widget-container\">\n\t\t\t\t\t\t\t\t\t\t\t\t\t\t\t\t<a href=\"https:\/\/www.osn.es\/fr\/catalogo-tecnico-de-productos-loxeal\/\" target=\"_blank\">\n\t\t\t\t\t\t\t<img width=\"721\" height=\"1024\" src=\"https:\/\/www.osn.es\/wp-content\/uploads\/2025\/01\/CATALOGO-TECNICO-DE-PRODUCTOS-LOXEAL-descarga-721x1024.jpg\" class=\"attachment-large size-large wp-image-32387\" alt=\"OSN-LOXEAL\" srcset=\"https:\/\/www.osn.es\/wp-content\/uploads\/2025\/01\/CATALOGO-TECNICO-DE-PRODUCTOS-LOXEAL-descarga-721x1024.jpg 721w, https:\/\/www.osn.es\/wp-content\/uploads\/2025\/01\/CATALOGO-TECNICO-DE-PRODUCTOS-LOXEAL-descarga-211x300.jpg 211w, https:\/\/www.osn.es\/wp-content\/uploads\/2025\/01\/CATALOGO-TECNICO-DE-PRODUCTOS-LOXEAL-descarga-768x1091.jpg 768w, https:\/\/www.osn.es\/wp-content\/uploads\/2025\/01\/CATALOGO-TECNICO-DE-PRODUCTOS-LOXEAL-descarga-1081x1536.jpg 1081w, https:\/\/www.osn.es\/wp-content\/uploads\/2025\/01\/CATALOGO-TECNICO-DE-PRODUCTOS-LOXEAL-descarga-8x12.jpg 8w, https:\/\/www.osn.es\/wp-content\/uploads\/2025\/01\/CATALOGO-TECNICO-DE-PRODUCTOS-LOXEAL-descarga-14x20.jpg 14w, https:\/\/www.osn.es\/wp-content\/uploads\/2025\/01\/CATALOGO-TECNICO-DE-PRODUCTOS-LOXEAL-descarga.jpg 1236w\" sizes=\"(max-width: 721px) 100vw, 721px\" \/>\t\t\t\t\t\t\t\t<\/a>\n\t\t\t\t\t\t\t\t\t\t\t\t\t\t\t<\/div>\n\t\t\t\t<\/div>\n\t\t\t\t<div class=\"elementor-element elementor-element-25631bb flex-horizontal-align-default flex-horizontal-align-tablet-default flex-horizontal-align-mobile-default flex-vertical-align-default flex-vertical-align-tablet-default flex-vertical-align-mobile-default elementor-widget elementor-widget-heading\" data-id=\"25631bb\" data-element_type=\"widget\" data-e-type=\"widget\" data-widget_type=\"heading.default\">\n\t\t\t\t<div class=\"elementor-widget-container\">\n\t\t\t\t\t<h5 class=\"elementor-heading-title elementor-size-default\"><a href=\"https:\/\/www.osn.es\/fr\/catalogo-tecnico-de-productos-loxeal\/\" target=\"_blank\" download=\"\">CATALOGUE TECHNIQUE DES PRODUITS LOXEAL<\/a><\/h5>\t\t\t\t<\/div>\n\t\t\t\t<\/div>\n\t\t\t\t<\/div>\n\t\t\t\t\t<\/div>\n\t\t\t\t<\/div>\n\t\t<div class=\"elementor-element elementor-element-53fb9bf thegem-e-con-layout-elementor e-flex e-con-boxed e-con e-parent\" data-id=\"53fb9bf\" data-element_type=\"container\" data-e-type=\"container\" data-settings=\"{&quot;thegem_container_layout&quot;:&quot;elementor&quot;}\">\r\n\t\t\t\t\t<div class=\"e-con-inner\">\r\n\t\t\t\t<div class=\"elementor-element elementor-element-e9b5ceb flex-horizontal-align-default flex-horizontal-align-tablet-default flex-horizontal-align-mobile-default flex-vertical-align-default flex-vertical-align-tablet-default flex-vertical-align-mobile-default elementor-widget elementor-widget-spacer\" data-id=\"e9b5ceb\" data-element_type=\"widget\" data-e-type=\"widget\" data-widget_type=\"spacer.default\">\n\t\t\t\t<div class=\"elementor-widget-container\">\n\t\t\t\t\t\t\t<div class=\"elementor-spacer\">\n\t\t\t<div class=\"elementor-spacer-inner\"><\/div>\n\t\t<\/div>\n\t\t\t\t\t\t<\/div>\n\t\t\t\t<\/div>\n\t\t\t\t<div class=\"elementor-element elementor-element-0755119 flex-horizontal-align-default flex-horizontal-align-tablet-default flex-horizontal-align-mobile-default flex-vertical-align-default flex-vertical-align-tablet-default flex-vertical-align-mobile-default elementor-invisible elementor-widget elementor-widget-text-editor\" data-id=\"0755119\" data-element_type=\"widget\" data-e-type=\"widget\" data-settings=\"{&quot;_animation&quot;:&quot;fadeInUp&quot;}\" data-widget_type=\"text-editor.default\">\n\t\t\t\t<div class=\"elementor-widget-container\">\n\t\t\t\t\t\t\t\t\t\t\t\t<div class=\"elementor-text-editor elementor-clearfix\">\r\n\t\t\t\t\t\t<p style=\"font-weight: 400;\">Et si vous avez besoin de la fiche technique et\/ou de la fiche de s\u00e9curit\u00e9 de l'un des adh\u00e9sifs, n'h\u00e9sitez pas \u00e0 nous la demander par l'interm\u00e9diaire de la rubrique\u00a0<a href=\"https:\/\/www.osn.es\/fr\/contact\/\"><u>formulaire de contact.<\/u><\/a><\/p><p style=\"font-weight: 400;\">Chez OSN, nous nous engageons \u00e0 vous fournir les meilleurs produits et le meilleur support pour optimiser vos processus industriels. Faites confiance \u00e0 LOXEAL et \u00e0 notre \u00e9quipe pour vous garantir des r\u00e9sultats exceptionnels. Si vous avez besoin de conseils ou d'informations suppl\u00e9mentaires, veuillez nous envoyer votre demande via le lien ci-dessous :<\/p>\t\t\t\t\t\t\t<\/div>\r\n\t\t\t\t\t\t\t\t\t\t<\/div>\n\t\t\t\t<\/div>\n\t\t\t\t<div class=\"elementor-element elementor-element-19c7142 elementor-align-center flex-horizontal-align-default flex-horizontal-align-tablet-default flex-horizontal-align-mobile-default flex-vertical-align-default flex-vertical-align-tablet-default flex-vertical-align-mobile-default elementor-widget elementor-widget-button\" data-id=\"19c7142\" data-element_type=\"widget\" data-e-type=\"widget\" data-widget_type=\"button.default\">\n\t\t\t\t<div class=\"elementor-widget-container\">\n\t\t\t\t\t\t\t\t\t<div class=\"elementor-button-wrapper\">\n\t\t\t\t\t<a class=\"elementor-button elementor-button-link elementor-size-sm\" href=\"https:\/\/www.osn.es\/fr\/contact\/\">\n\t\t\t\t\t\t<span class=\"elementor-button-content-wrapper\">\n\t\t\t\t\t\t\t\t\t<span class=\"elementor-button-text\">CONTACT<\/span>\n\t\t\t\t\t<\/span>\n\t\t\t\t\t<\/a>\n\t\t\t\t<\/div>\n\t\t\t\t\t\t\t\t<\/div>\n\t\t\t\t<\/div>\n\t\t\t\t\t<\/div>\n\t\t\t\t<\/div>\n\t\t\t\t<\/div>","protected":false},"excerpt":{"rendered":"<p>Loxeal OSN, distribuidor oficial de LOXEAL: Calidad e Innovaci\u00f3n en Adhesivos Industriales En OSN somos distribuidores oficiales de LOXEAL desde&#8230;<\/p>","protected":false},"author":2,"featured_media":0,"parent":26073,"menu_order":0,"comment_status":"closed","ping_status":"closed","template":"page-fullwidth.php","meta":{"_crdt_document":"","footnotes":""},"class_list":["post-32374","page","type-page","status-publish"],"_links":{"self":[{"href":"https:\/\/www.osn.es\/fr\/wp-json\/wp\/v2\/pages\/32374","targetHints":{"allow":["GET"]}}],"collection":[{"href":"https:\/\/www.osn.es\/fr\/wp-json\/wp\/v2\/pages"}],"about":[{"href":"https:\/\/www.osn.es\/fr\/wp-json\/wp\/v2\/types\/page"}],"author":[{"embeddable":true,"href":"https:\/\/www.osn.es\/fr\/wp-json\/wp\/v2\/users\/2"}],"replies":[{"embeddable":true,"href":"https:\/\/www.osn.es\/fr\/wp-json\/wp\/v2\/comments?post=32374"}],"version-history":[{"count":26,"href":"https:\/\/www.osn.es\/fr\/wp-json\/wp\/v2\/pages\/32374\/revisions"}],"predecessor-version":[{"id":36133,"href":"https:\/\/www.osn.es\/fr\/wp-json\/wp\/v2\/pages\/32374\/revisions\/36133"}],"up":[{"embeddable":true,"href":"https:\/\/www.osn.es\/fr\/wp-json\/wp\/v2\/pages\/26073"}],"wp:attachment":[{"href":"https:\/\/www.osn.es\/fr\/wp-json\/wp\/v2\/media?parent=32374"}],"curies":[{"name":"wp","href":"https:\/\/api.w.org\/{rel}","templated":true}]}}