{"id":34200,"date":"2025-06-05T12:07:40","date_gmt":"2025-06-05T10:07:40","guid":{"rendered":"https:\/\/www.osn.es\/?page_id=34200"},"modified":"2025-09-04T15:31:29","modified_gmt":"2025-09-04T13:31:29","slug":"retenes-tipo-bo","status":"publish","type":"page","link":"https:\/\/www.osn.es\/fr\/estanqueidad\/retenes\/retenes-tipo-bo\/","title":{"rendered":"Bagues d\u2019\u00e9tanch\u00e9it\u00e9 type BO"},"content":{"rendered":"<div data-elementor-type=\"wp-page\" data-elementor-id=\"34200\" class=\"elementor elementor-34200\" data-elementor-post-type=\"page\">\n\t\t\t\t<div class=\"elementor-element elementor-element-6061ef6 thegem-e-con-layout-elementor e-flex e-con-boxed e-con e-parent\" data-id=\"6061ef6\" data-element_type=\"container\" data-e-type=\"container\" data-settings=\"{&quot;thegem_container_layout&quot;:&quot;elementor&quot;}\">\r\n\t\t\t\t\t<div class=\"e-con-inner\">\r\n\t\t\t\t<div class=\"elementor-element elementor-element-c05a98a flex-horizontal-align-default flex-horizontal-align-tablet-default flex-horizontal-align-mobile-default flex-vertical-align-default flex-vertical-align-tablet-default flex-vertical-align-mobile-default elementor-widget elementor-widget-shortcode\" data-id=\"c05a98a\" data-element_type=\"widget\" data-e-type=\"widget\" data-widget_type=\"shortcode.default\">\n\t\t\t\t<div class=\"elementor-widget-container\">\n\t\t\t\t\t\t\t<div class=\"elementor-shortcode\"><nav aria-label=\"breadcrumbs\" class=\"rank-math-breadcrumb\"><p><span class=\"last\">Accueil<\/span><\/p><\/nav>\n\n<\/div>\n\t\t\t\t\t\t<\/div>\n\t\t\t\t<\/div>\n\t\t\t\t\t<\/div>\n\t\t\t\t<\/div>\n\t\t<div class=\"elementor-element elementor-element-88ecb57 thegem-e-con-layout-elementor e-flex e-con-boxed e-con e-parent\" data-id=\"88ecb57\" data-element_type=\"container\" data-e-type=\"container\" data-settings=\"{&quot;thegem_container_layout&quot;:&quot;elementor&quot;}\">\r\n\t\t\t\t\t<div class=\"e-con-inner\">\r\n\t\t\t\t<div class=\"elementor-element elementor-element-e0be6d1 flex-horizontal-align-default flex-horizontal-align-tablet-default flex-horizontal-align-mobile-default flex-vertical-align-default flex-vertical-align-tablet-default flex-vertical-align-mobile-default elementor-widget elementor-widget-thegem-template-post-title\" data-id=\"e0be6d1\" data-element_type=\"widget\" data-e-type=\"widget\" data-widget_type=\"thegem-template-post-title.default\">\n\t\t\t\t<div class=\"elementor-widget-container\">\n\t\t\t\t\t<div class=\"thegem-te-post-title\"> <h1 class=\"post-title\"> <span>Bagues d\u2019\u00e9tanch\u00e9it\u00e9 type BO<\/span> <\/h1> <\/div>\t\t\t\t<\/div>\n\t\t\t\t<\/div>\n\t\t\t\t\t<\/div>\n\t\t\t\t<\/div>\n\t\t<div class=\"elementor-element elementor-element-2e26bd9 thegem-e-con-layout-elementor e-flex e-con-boxed e-con e-parent\" data-id=\"2e26bd9\" data-element_type=\"container\" data-e-type=\"container\" data-settings=\"{&quot;thegem_container_layout&quot;:&quot;elementor&quot;}\">\r\n\t\t\t\t\t<div class=\"e-con-inner\">\r\n\t\t\t\t<div class=\"elementor-element elementor-element-0962846 flex-horizontal-align-default flex-horizontal-align-tablet-default flex-horizontal-align-mobile-default flex-vertical-align-default flex-vertical-align-tablet-default flex-vertical-align-mobile-default elementor-widget elementor-widget-spacer\" data-id=\"0962846\" data-element_type=\"widget\" data-e-type=\"widget\" data-widget_type=\"spacer.default\">\n\t\t\t\t<div class=\"elementor-widget-container\">\n\t\t\t\t\t\t\t<div class=\"elementor-spacer\">\n\t\t\t<div class=\"elementor-spacer-inner\"><\/div>\n\t\t<\/div>\n\t\t\t\t\t\t<\/div>\n\t\t\t\t<\/div>\n\t\t\t\t<div class=\"elementor-element elementor-element-6171b2f flex-horizontal-align-default flex-horizontal-align-tablet-default flex-horizontal-align-mobile-default flex-vertical-align-default flex-vertical-align-tablet-default flex-vertical-align-mobile-default elementor-widget elementor-widget-text-editor\" data-id=\"6171b2f\" data-element_type=\"widget\" data-e-type=\"widget\" data-widget_type=\"text-editor.default\">\n\t\t\t\t<div class=\"elementor-widget-container\">\n\t\t\t\t\t\t\t\t\t\t\t\t<div class=\"elementor-text-editor elementor-clearfix\">\r\n\t\t\t\t\t\t<p style=\"font-weight: 400;\">Les joints d\u2019\u00e9tanch\u00e9it\u00e9 DIN 3761 de type BO se caract\u00e9risent par une l\u00e8vre d\u2019\u00e9tanch\u00e9it\u00e9 principale sans ressort de renfort, ce qui les rend id\u00e9aux pour des applications aux conditions de fonctionnement peu exigeantes ou ne n\u00e9cessitant pas une pression constante sur l\u2019arbre.\n\nCe design simplifi\u00e9 permet de r\u00e9duire la friction et facilite le fonctionnement dans des situations \u00e0 basse vitesse ou faible pression.<\/p><p style=\"font-weight: 400;\">Comme le type BS, le type BO dispose d\u2019une armature m\u00e9tallique expos\u00e9e, ce qui lui conf\u00e8re une structure robuste et une bonne stabilit\u00e9 dimensionnelle lors du montage.\n\nCependant, son conception sans ressort le limite \u00e0 des applications o\u00f9 la perte de lubrifiant est minimale et o\u00f9 l\u2019environnement de fonctionnement est ma\u00eetris\u00e9, comme dans des \u00e9quipements statiques ou peu sollicit\u00e9s m\u00e9caniquement.<\/p><p style=\"font-weight: 400;\">Sa construction permet une installation facile et un co\u00fbt optimis\u00e9, ce qui en fait une solution efficace pour les \u00e9quipements auxiliaires, les moteurs \u00e9lectriques, les pompes \u00e0 basse pression, entre autres.<\/p><p style=\"font-weight: 400;\">Dans la gamme BO, il existe diff\u00e9rentes variantes selon la configuration du rev\u00eatement ext\u00e9rieur, incluant, standard (VB), avec rev\u00eatement int\u00e9rieur en \u00e9lastom\u00e8re (VM), un rev\u00eatement int\u00e9rieur \u00e9largi (VZ), ou un design avec traitement sp\u00e9cial anticorrosion (VM-H).<\/p><p data-start=\"1273\" data-end=\"1581\">Le type BO est disponible en plusieurs diam\u00e8tres et mat\u00e9riaux, en fonction des besoins sp\u00e9cifiques de chaque application.\nVous pouvez consulter les fiches techniques d\u00e9taill\u00e9es de chaque variante ou nous envoyer votre demande via la section de <span style=\"text-decoration: underline;\"><strong><span style=\"color: #195b9a; text-decoration: underline;\"><a style=\"color: #195b9a; text-decoration: underline;\" href=\"https:\/\/www.osn.es\/fr\/contact\/\">CONTACT<\/a><\/span><\/strong><\/span>Notre \u00e9quipe technique vous conseillera sur la solution la mieux adapt\u00e9e \u00e0 votre application.<\/p>\t\t\t\t\t\t\t<\/div>\r\n\t\t\t\t\t\t\t\t\t\t<\/div>\n\t\t\t\t<\/div>\n\t\t\t\t\t<\/div>\n\t\t\t\t<\/div>\n\t\t<div class=\"elementor-element elementor-element-1a1f55d thegem-e-con-layout-elementor e-flex e-con-boxed e-con e-parent\" data-id=\"1a1f55d\" data-element_type=\"container\" data-e-type=\"container\" data-settings=\"{&quot;thegem_container_layout&quot;:&quot;elementor&quot;}\">\r\n\t\t\t\t\t<div class=\"e-con-inner\">\r\n\t\t\t\t<div class=\"elementor-element elementor-element-96fb8de flex-horizontal-align-default flex-horizontal-align-tablet-default flex-horizontal-align-mobile-default flex-vertical-align-default flex-vertical-align-tablet-default flex-vertical-align-mobile-default elementor-widget elementor-widget-spacer\" data-id=\"96fb8de\" data-element_type=\"widget\" data-e-type=\"widget\" data-widget_type=\"spacer.default\">\n\t\t\t\t<div class=\"elementor-widget-container\">\n\t\t\t\t\t\t\t<div class=\"elementor-spacer\">\n\t\t\t<div class=\"elementor-spacer-inner\"><\/div>\n\t\t<\/div>\n\t\t\t\t\t\t<\/div>\n\t\t\t\t<\/div>\n\t\t\t\t\t<\/div>\n\t\t\t\t<\/div>\n\t\t<div class=\"elementor-element elementor-element-e9e8442 thegem-e-con-layout-elementor e-flex e-con-boxed e-con e-parent\" data-id=\"e9e8442\" data-element_type=\"container\" data-e-type=\"container\" data-settings=\"{&quot;thegem_container_layout&quot;:&quot;elementor&quot;}\">\r\n\t\t\t\t\t<div class=\"e-con-inner\">\r\n\t\t<div class=\"elementor-element elementor-element-4ce67e5 e-con-full thegem-e-con-layout-elementor e-flex e-con e-child\" data-id=\"4ce67e5\" data-element_type=\"container\" data-e-type=\"container\" data-settings=\"{&quot;thegem_container_layout&quot;:&quot;elementor&quot;}\">\r\n\t\t\t\t<div class=\"elementor-element elementor-element-6d206b7 flex-horizontal-align-default flex-horizontal-align-tablet-default flex-horizontal-align-mobile-default flex-vertical-align-default flex-vertical-align-tablet-default flex-vertical-align-mobile-default elementor-widget elementor-widget-image\" data-id=\"6d206b7\" data-element_type=\"widget\" data-e-type=\"widget\" data-widget_type=\"image.default\">\n\t\t\t\t<div class=\"elementor-widget-container\">\n\t\t\t\t\t\t\t\t\t\t\t\t\t\t\t\t<a href=\"https:\/\/www.osn.es\/fr\/retenes-vb\/\">\n\t\t\t\t\t\t\t<img fetchpriority=\"high\" width=\"596\" height=\"596\" src=\"https:\/\/www.osn.es\/wp-content\/uploads\/2025\/06\/Reten-VB.webp\" class=\"attachment-large size-large wp-image-34208\" alt=\"OSN-RETENES BO\" srcset=\"https:\/\/www.osn.es\/wp-content\/uploads\/2025\/06\/Reten-VB.webp 596w, https:\/\/www.osn.es\/wp-content\/uploads\/2025\/06\/Reten-VB-300x300.webp 300w, https:\/\/www.osn.es\/wp-content\/uploads\/2025\/06\/Reten-VB-150x150.webp 150w, https:\/\/www.osn.es\/wp-content\/uploads\/2025\/06\/Reten-VB-12x12.webp 12w, https:\/\/www.osn.es\/wp-content\/uploads\/2025\/06\/Reten-VB-256x256.webp 256w, https:\/\/www.osn.es\/wp-content\/uploads\/2025\/06\/Reten-VB-20x20.webp 20w\" sizes=\"(max-width: 596px) 100vw, 596px\" \/>\t\t\t\t\t\t\t\t<\/a>\n\t\t\t\t\t\t\t\t\t\t\t\t\t\t\t<\/div>\n\t\t\t\t<\/div>\n\t\t\t\t<div class=\"elementor-element elementor-element-8950579 flex-horizontal-align-default flex-horizontal-align-tablet-default flex-horizontal-align-mobile-default flex-vertical-align-default flex-vertical-align-tablet-default flex-vertical-align-mobile-default elementor-widget elementor-widget-heading\" data-id=\"8950579\" data-element_type=\"widget\" data-e-type=\"widget\" data-widget_type=\"heading.default\">\n\t\t\t\t<div class=\"elementor-widget-container\">\n\t\t\t\t\t<h4 class=\"elementor-heading-title elementor-size-default\"><a href=\"https:\/\/www.osn.es\/fr\/retenes-vb\/\">VB<\/a><\/h4>\t\t\t\t<\/div>\n\t\t\t\t<\/div>\n\t\t\t\t<div class=\"elementor-element elementor-element-37292be flex-horizontal-align-default flex-horizontal-align-tablet-default flex-horizontal-align-mobile-default flex-vertical-align-default flex-vertical-align-tablet-default flex-vertical-align-mobile-default elementor-widget elementor-widget-heading\" data-id=\"37292be\" data-element_type=\"widget\" data-e-type=\"widget\" data-widget_type=\"heading.default\">\n\t\t\t\t<div class=\"elementor-widget-container\">\n\t\t\t\t\t<h6 class=\"elementor-heading-title elementor-size-default\"><a href=\"https:\/\/www.osn.es\/fr\/retenes-vb\/\">DIN 3761 Bo<\/a><\/h6>\t\t\t\t<\/div>\n\t\t\t\t<\/div>\n\t\t\t\t<\/div>\n\t\t<div class=\"elementor-element elementor-element-e194908 e-con-full thegem-e-con-layout-elementor e-flex e-con e-child\" data-id=\"e194908\" data-element_type=\"container\" data-e-type=\"container\" data-settings=\"{&quot;thegem_container_layout&quot;:&quot;elementor&quot;}\">\r\n\t\t\t\t<div class=\"elementor-element elementor-element-050689d flex-horizontal-align-default flex-horizontal-align-tablet-default flex-horizontal-align-mobile-default flex-vertical-align-default flex-vertical-align-tablet-default flex-vertical-align-mobile-default elementor-widget elementor-widget-image\" data-id=\"050689d\" data-element_type=\"widget\" data-e-type=\"widget\" data-widget_type=\"image.default\">\n\t\t\t\t<div class=\"elementor-widget-container\">\n\t\t\t\t\t\t\t\t\t\t\t\t\t\t\t<img width=\"596\" height=\"596\" src=\"https:\/\/www.osn.es\/wp-content\/uploads\/2025\/06\/Reten-VM.webp\" class=\"attachment-large size-large wp-image-34210\" alt=\"OSN-RETENES BO\" srcset=\"https:\/\/www.osn.es\/wp-content\/uploads\/2025\/06\/Reten-VM.webp 596w, https:\/\/www.osn.es\/wp-content\/uploads\/2025\/06\/Reten-VM-300x300.webp 300w, https:\/\/www.osn.es\/wp-content\/uploads\/2025\/06\/Reten-VM-150x150.webp 150w, https:\/\/www.osn.es\/wp-content\/uploads\/2025\/06\/Reten-VM-12x12.webp 12w, https:\/\/www.osn.es\/wp-content\/uploads\/2025\/06\/Reten-VM-256x256.webp 256w, https:\/\/www.osn.es\/wp-content\/uploads\/2025\/06\/Reten-VM-20x20.webp 20w\" sizes=\"(max-width: 596px) 100vw, 596px\" \/>\t\t\t\t\t\t\t\t\t\t\t\t\t\t\t<\/div>\n\t\t\t\t<\/div>\n\t\t\t\t<div class=\"elementor-element elementor-element-d9878bb flex-horizontal-align-default flex-horizontal-align-tablet-default flex-horizontal-align-mobile-default flex-vertical-align-default flex-vertical-align-tablet-default flex-vertical-align-mobile-default elementor-widget elementor-widget-heading\" data-id=\"d9878bb\" data-element_type=\"widget\" data-e-type=\"widget\" data-widget_type=\"heading.default\">\n\t\t\t\t<div class=\"elementor-widget-container\">\n\t\t\t\t\t<h4 class=\"elementor-heading-title elementor-size-default\">VM<\/h4>\t\t\t\t<\/div>\n\t\t\t\t<\/div>\n\t\t\t\t<div class=\"elementor-element elementor-element-f0384dc flex-horizontal-align-default flex-horizontal-align-tablet-default flex-horizontal-align-mobile-default flex-vertical-align-default flex-vertical-align-tablet-default flex-vertical-align-mobile-default elementor-widget elementor-widget-heading\" data-id=\"f0384dc\" data-element_type=\"widget\" data-e-type=\"widget\" data-widget_type=\"heading.default\">\n\t\t\t\t<div class=\"elementor-widget-container\">\n\t\t\t\t\t<h6 class=\"elementor-heading-title elementor-size-default\">Rev\u00eatement int\u00e9rieur<\/h6>\t\t\t\t<\/div>\n\t\t\t\t<\/div>\n\t\t\t\t<\/div>\n\t\t<div class=\"elementor-element elementor-element-7cc48da e-con-full thegem-e-con-layout-elementor e-flex e-con e-child\" data-id=\"7cc48da\" data-element_type=\"container\" data-e-type=\"container\" data-settings=\"{&quot;thegem_container_layout&quot;:&quot;elementor&quot;}\">\r\n\t\t\t\t<div class=\"elementor-element elementor-element-30c6d01 flex-horizontal-align-default flex-horizontal-align-tablet-default flex-horizontal-align-mobile-default flex-vertical-align-default flex-vertical-align-tablet-default flex-vertical-align-mobile-default elementor-widget elementor-widget-image\" data-id=\"30c6d01\" data-element_type=\"widget\" data-e-type=\"widget\" data-widget_type=\"image.default\">\n\t\t\t\t<div class=\"elementor-widget-container\">\n\t\t\t\t\t\t\t\t\t\t\t\t\t\t\t<img width=\"596\" height=\"596\" src=\"https:\/\/www.osn.es\/wp-content\/uploads\/2025\/06\/Reten-VM-H.webp\" class=\"attachment-large size-large wp-image-34211\" alt=\"OSN-RETENES BO\" srcset=\"https:\/\/www.osn.es\/wp-content\/uploads\/2025\/06\/Reten-VM-H.webp 596w, https:\/\/www.osn.es\/wp-content\/uploads\/2025\/06\/Reten-VM-H-300x300.webp 300w, https:\/\/www.osn.es\/wp-content\/uploads\/2025\/06\/Reten-VM-H-150x150.webp 150w, https:\/\/www.osn.es\/wp-content\/uploads\/2025\/06\/Reten-VM-H-12x12.webp 12w, https:\/\/www.osn.es\/wp-content\/uploads\/2025\/06\/Reten-VM-H-256x256.webp 256w, https:\/\/www.osn.es\/wp-content\/uploads\/2025\/06\/Reten-VM-H-20x20.webp 20w\" sizes=\"(max-width: 596px) 100vw, 596px\" \/>\t\t\t\t\t\t\t\t\t\t\t\t\t\t\t<\/div>\n\t\t\t\t<\/div>\n\t\t\t\t<div class=\"elementor-element elementor-element-71288f7 flex-horizontal-align-default flex-horizontal-align-tablet-default flex-horizontal-align-mobile-default flex-vertical-align-default flex-vertical-align-tablet-default flex-vertical-align-mobile-default elementor-widget elementor-widget-heading\" data-id=\"71288f7\" data-element_type=\"widget\" data-e-type=\"widget\" data-widget_type=\"heading.default\">\n\t\t\t\t<div class=\"elementor-widget-container\">\n\t\t\t\t\t<h4 class=\"elementor-heading-title elementor-size-default\">VM-H<\/h4>\t\t\t\t<\/div>\n\t\t\t\t<\/div>\n\t\t\t\t<div class=\"elementor-element elementor-element-ac38071 flex-horizontal-align-default flex-horizontal-align-tablet-default flex-horizontal-align-mobile-default flex-vertical-align-default flex-vertical-align-tablet-default flex-vertical-align-mobile-default elementor-widget elementor-widget-heading\" data-id=\"ac38071\" data-element_type=\"widget\" data-e-type=\"widget\" data-widget_type=\"heading.default\">\n\t\t\t\t<div class=\"elementor-widget-container\">\n\t\t\t\t\t<h6 class=\"elementor-heading-title elementor-size-default\">Anticorrosion<\/h6>\t\t\t\t<\/div>\n\t\t\t\t<\/div>\n\t\t\t\t<\/div>\n\t\t<div class=\"elementor-element elementor-element-e898a8e e-con-full thegem-e-con-layout-elementor e-flex e-con e-child\" data-id=\"e898a8e\" data-element_type=\"container\" data-e-type=\"container\" data-settings=\"{&quot;thegem_container_layout&quot;:&quot;elementor&quot;}\">\r\n\t\t\t\t<div class=\"elementor-element elementor-element-da0ee29 flex-horizontal-align-default flex-horizontal-align-tablet-default flex-horizontal-align-mobile-default flex-vertical-align-default flex-vertical-align-tablet-default flex-vertical-align-mobile-default elementor-widget elementor-widget-image\" data-id=\"da0ee29\" data-element_type=\"widget\" data-e-type=\"widget\" data-widget_type=\"image.default\">\n\t\t\t\t<div class=\"elementor-widget-container\">\n\t\t\t\t\t\t\t\t\t\t\t\t\t\t\t<img loading=\"lazy\" width=\"596\" height=\"596\" src=\"https:\/\/www.osn.es\/wp-content\/uploads\/2025\/06\/Reten-VZ.webp\" class=\"attachment-large size-large wp-image-34212\" alt=\"\" srcset=\"https:\/\/www.osn.es\/wp-content\/uploads\/2025\/06\/Reten-VZ.webp 596w, https:\/\/www.osn.es\/wp-content\/uploads\/2025\/06\/Reten-VZ-300x300.webp 300w, https:\/\/www.osn.es\/wp-content\/uploads\/2025\/06\/Reten-VZ-150x150.webp 150w, https:\/\/www.osn.es\/wp-content\/uploads\/2025\/06\/Reten-VZ-12x12.webp 12w, https:\/\/www.osn.es\/wp-content\/uploads\/2025\/06\/Reten-VZ-256x256.webp 256w, https:\/\/www.osn.es\/wp-content\/uploads\/2025\/06\/Reten-VZ-20x20.webp 20w\" sizes=\"(max-width: 596px) 100vw, 596px\" \/>\t\t\t\t\t\t\t\t\t\t\t\t\t\t\t<\/div>\n\t\t\t\t<\/div>\n\t\t\t\t<div class=\"elementor-element elementor-element-00c29ea flex-horizontal-align-default flex-horizontal-align-tablet-default flex-horizontal-align-mobile-default flex-vertical-align-default flex-vertical-align-tablet-default flex-vertical-align-mobile-default elementor-widget elementor-widget-heading\" data-id=\"00c29ea\" data-element_type=\"widget\" data-e-type=\"widget\" data-widget_type=\"heading.default\">\n\t\t\t\t<div class=\"elementor-widget-container\">\n\t\t\t\t\t<h4 class=\"elementor-heading-title elementor-size-default\">VZ<\/h4>\t\t\t\t<\/div>\n\t\t\t\t<\/div>\n\t\t\t\t<div class=\"elementor-element elementor-element-313afce elementor-widget-mobile__width-initial flex-horizontal-align-default flex-horizontal-align-tablet-default flex-horizontal-align-mobile-default flex-vertical-align-default flex-vertical-align-tablet-default flex-vertical-align-mobile-default elementor-widget elementor-widget-heading\" data-id=\"313afce\" data-element_type=\"widget\" data-e-type=\"widget\" data-widget_type=\"heading.default\">\n\t\t\t\t<div class=\"elementor-widget-container\">\n\t\t\t\t\t<h6 class=\"elementor-heading-title elementor-size-default\">Rev\u00eatement int\u00e9rieur et frontal<\/h6>\t\t\t\t<\/div>\n\t\t\t\t<\/div>\n\t\t\t\t<\/div>\n\t\t\t\t\t<\/div>\n\t\t\t\t<\/div>\n\t\t<div class=\"elementor-element elementor-element-2f9f0a9 thegem-e-con-layout-elementor e-flex e-con-boxed e-con e-parent\" data-id=\"2f9f0a9\" data-element_type=\"container\" data-e-type=\"container\" data-settings=\"{&quot;thegem_container_layout&quot;:&quot;elementor&quot;}\">\r\n\t\t\t\t\t<div class=\"e-con-inner\">\r\n\t\t\t\t<div class=\"elementor-element elementor-element-5ebe829 elementor-align-center flex-horizontal-align-default flex-horizontal-align-tablet-default flex-horizontal-align-mobile-default flex-vertical-align-default flex-vertical-align-tablet-default flex-vertical-align-mobile-default elementor-widget elementor-widget-button\" data-id=\"5ebe829\" data-element_type=\"widget\" data-e-type=\"widget\" data-widget_type=\"button.default\">\n\t\t\t\t<div class=\"elementor-widget-container\">\n\t\t\t\t\t\t\t\t\t<div class=\"elementor-button-wrapper\">\n\t\t\t\t\t<a class=\"elementor-button elementor-button-link elementor-size-sm\" href=\"https:\/\/www.osn.es\/fr\/catalogos\/\">\n\t\t\t\t\t\t<span class=\"elementor-button-content-wrapper\">\n\t\t\t\t\t\t\t\t\t<span class=\"elementor-button-text\">Conna\u00eetre nos produits<\/span>\n\t\t\t\t\t<\/span>\n\t\t\t\t\t<\/a>\n\t\t\t\t<\/div>\n\t\t\t\t\t\t\t\t<\/div>\n\t\t\t\t<\/div>\n\t\t\t\t\t<\/div>\n\t\t\t\t<\/div>\n\t\t<div class=\"elementor-element elementor-element-b5dc90c e-con-full thegem-e-con-layout-elementor e-flex e-con e-parent\" data-id=\"b5dc90c\" data-element_type=\"container\" data-e-type=\"container\" data-settings=\"{&quot;thegem_container_layout&quot;:&quot;elementor&quot;}\">\r\n\t\t\t\t<div class=\"elementor-element elementor-element-5bc134e flex-horizontal-align-default flex-horizontal-align-tablet-default flex-horizontal-align-mobile-default flex-vertical-align-default flex-vertical-align-tablet-default flex-vertical-align-mobile-default elementor-widget elementor-widget-shortcode\" data-id=\"5bc134e\" data-element_type=\"widget\" data-e-type=\"widget\" data-widget_type=\"shortcode.default\">\n\t\t\t\t<div class=\"elementor-widget-container\">\n\t\t\t\t\t\t\t<div class=\"elementor-shortcode\">\t\t<div data-elementor-type=\"section\" data-elementor-id=\"27674\" class=\"elementor elementor-27674\" data-elementor-post-type=\"elementor_library\">\n\t\t\t<div class=\"elementor-element elementor-element-7f128f6 thegem-e-con-layout-elementor e-flex e-con-boxed e-con e-parent\" data-id=\"7f128f6\" data-element_type=\"container\" data-e-type=\"container\" data-settings=\"{&quot;background_background&quot;:&quot;classic&quot;,&quot;thegem_container_layout&quot;:&quot;elementor&quot;}\">\r\n\t\t\t\t\t<div class=\"e-con-inner\">\r\n\t\t<div class=\"elementor-element elementor-element-f669fff e-con-full thegem-e-con-layout-elementor e-flex e-con e-child\" data-id=\"f669fff\" data-element_type=\"container\" data-e-type=\"container\" data-settings=\"{&quot;thegem_container_layout&quot;:&quot;elementor&quot;}\">\r\n\t\t\t\t<div class=\"elementor-element elementor-element-9de9a62 flex-horizontal-align-default flex-horizontal-align-tablet-default flex-horizontal-align-mobile-default flex-vertical-align-default flex-vertical-align-tablet-default flex-vertical-align-mobile-default elementor-widget elementor-widget-image\" data-id=\"9de9a62\" data-element_type=\"widget\" data-e-type=\"widget\" data-widget_type=\"image.default\">\n\t\t\t\t<div class=\"elementor-widget-container\">\n\t\t\t\t\t\t\t\t\t\t\t\t\t\t\t<img loading=\"lazy\" width=\"1024\" height=\"1024\" src=\"https:\/\/www.osn.es\/wp-content\/uploads\/2024\/05\/Diseno-sin-titulo-9.png\" class=\"attachment-large size-large wp-image-25318\" alt=\"Contacto OSN\" srcset=\"https:\/\/www.osn.es\/wp-content\/uploads\/2024\/05\/Diseno-sin-titulo-9.png 1024w, https:\/\/www.osn.es\/wp-content\/uploads\/2024\/05\/Diseno-sin-titulo-9-300x300.png 300w, https:\/\/www.osn.es\/wp-content\/uploads\/2024\/05\/Diseno-sin-titulo-9-150x150.png 150w, https:\/\/www.osn.es\/wp-content\/uploads\/2024\/05\/Diseno-sin-titulo-9-768x768.png 768w, https:\/\/www.osn.es\/wp-content\/uploads\/2024\/05\/Diseno-sin-titulo-9-256x256.png 256w, https:\/\/www.osn.es\/wp-content\/uploads\/2024\/05\/Diseno-sin-titulo-9-20x20.png 20w\" sizes=\"(max-width: 1024px) 100vw, 1024px\" \/>\t\t\t\t\t\t\t\t\t\t\t\t\t\t\t<\/div>\n\t\t\t\t<\/div>\n\t\t\t\t<div class=\"elementor-element elementor-element-1fcd14e elementor-widget__width-inherit flex-horizontal-align-default flex-horizontal-align-tablet-default flex-horizontal-align-mobile-default flex-vertical-align-default flex-vertical-align-tablet-default flex-vertical-align-mobile-default elementor-widget elementor-widget-heading\" data-id=\"1fcd14e\" data-element_type=\"widget\" data-e-type=\"widget\" data-widget_type=\"heading.default\">\n\t\t\t\t<div class=\"elementor-widget-container\">\n\t\t\t\t\t<div class=\"title-h2 elementor-heading-title elementor-size-default\">Pouvons-nous vous aider ?<\/div>\t\t\t\t<\/div>\n\t\t\t\t<\/div>\n\t\t\t\t<\/div>\n\t\t\t\t\t<\/div>\n\t\t\t\t<\/div>\n\t\t<div class=\"elementor-element elementor-element-a4ffc4d e-grid thegem-e-con-layout-elementor e-con-boxed e-con e-parent\" data-id=\"a4ffc4d\" data-element_type=\"container\" data-e-type=\"container\" data-settings=\"{&quot;background_background&quot;:&quot;classic&quot;,&quot;thegem_container_layout&quot;:&quot;elementor&quot;}\">\r\n\t\t\t\t\t<div class=\"e-con-inner\">\r\n\t\t\t\t<div class=\"elementor-element elementor-element-eeaf973 flex-horizontal-align-default flex-horizontal-align-tablet-default flex-horizontal-align-mobile-default flex-vertical-align-default flex-vertical-align-tablet-default flex-vertical-align-mobile-default elementor-widget elementor-widget-heading\" data-id=\"eeaf973\" data-element_type=\"widget\" data-e-type=\"widget\" data-widget_type=\"heading.default\">\n\t\t\t\t<div class=\"elementor-widget-container\">\n\t\t\t\t\t<div class=\"title-h5 light elementor-heading-title elementor-size-default\">Notre \u00e9quipe vous aidera \u00e0 trouver la meilleure solution.<\/div>\t\t\t\t<\/div>\n\t\t\t\t<\/div>\n\t\t\t\t<div class=\"elementor-element elementor-element-45a1261 elementor-align-center elementor-widget__width-inherit flex-horizontal-align-default flex-horizontal-align-tablet-default flex-horizontal-align-mobile-default flex-vertical-align-default flex-vertical-align-tablet-default flex-vertical-align-mobile-default elementor-widget elementor-widget-button\" data-id=\"45a1261\" data-element_type=\"widget\" data-e-type=\"widget\" data-widget_type=\"button.default\">\n\t\t\t\t<div class=\"elementor-widget-container\">\n\t\t\t\t\t\t\t\t\t<div class=\"elementor-button-wrapper\">\n\t\t\t\t\t<a class=\"elementor-button elementor-button-link elementor-size-sm\" href=\"https:\/\/www.osn.es\/fr\/contact\/\">\n\t\t\t\t\t\t<span class=\"elementor-button-content-wrapper\">\n\t\t\t\t\t\t\t\t\t<span class=\"elementor-button-text\">CONTACT<\/span>\n\t\t\t\t\t<\/span>\n\t\t\t\t\t<\/a>\n\t\t\t\t<\/div>\n\t\t\t\t\t\t\t\t<\/div>\n\t\t\t\t<\/div>\n\t\t\t\t\t<\/div>\n\t\t\t\t<\/div>\n\t\t\t\t<\/div>\n\t\t<\/div>\n\t\t\t\t\t\t<\/div>\n\t\t\t\t<\/div>\n\t\t\t\t<\/div>\n\t\t\t\t<\/div>","protected":false},"excerpt":{"rendered":"<p>Retenes Tipo BO Los retenes DIN 3761 Tipo BO se caracterizan por tener un labio de sellado principal sin resorte&#8230;<\/p>","protected":false},"author":2,"featured_media":0,"parent":26126,"menu_order":0,"comment_status":"closed","ping_status":"open","template":"page-fullwidth.php","meta":{"_crdt_document":"","footnotes":""},"class_list":["post-34200","page","type-page","status-publish"],"_links":{"self":[{"href":"https:\/\/www.osn.es\/fr\/wp-json\/wp\/v2\/pages\/34200","targetHints":{"allow":["GET"]}}],"collection":[{"href":"https:\/\/www.osn.es\/fr\/wp-json\/wp\/v2\/pages"}],"about":[{"href":"https:\/\/www.osn.es\/fr\/wp-json\/wp\/v2\/types\/page"}],"author":[{"embeddable":true,"href":"https:\/\/www.osn.es\/fr\/wp-json\/wp\/v2\/users\/2"}],"replies":[{"embeddable":true,"href":"https:\/\/www.osn.es\/fr\/wp-json\/wp\/v2\/comments?post=34200"}],"version-history":[{"count":29,"href":"https:\/\/www.osn.es\/fr\/wp-json\/wp\/v2\/pages\/34200\/revisions"}],"predecessor-version":[{"id":36707,"href":"https:\/\/www.osn.es\/fr\/wp-json\/wp\/v2\/pages\/34200\/revisions\/36707"}],"up":[{"embeddable":true,"href":"https:\/\/www.osn.es\/fr\/wp-json\/wp\/v2\/pages\/26126"}],"wp:attachment":[{"href":"https:\/\/www.osn.es\/fr\/wp-json\/wp\/v2\/media?parent=34200"}],"curies":[{"name":"wp","href":"https:\/\/api.w.org\/{rel}","templated":true}]}}