{"id":34274,"date":"2025-06-10T17:38:50","date_gmt":"2025-06-10T15:38:50","guid":{"rendered":"https:\/\/www.osn.es\/?page_id=34274"},"modified":"2025-09-04T15:35:04","modified_gmt":"2025-09-04T13:35:04","slug":"retenes-tipo-cs","status":"publish","type":"page","link":"https:\/\/www.osn.es\/fr\/estanqueidad\/retenes\/retenes-tipo-cs\/","title":{"rendered":"Bagues d\u2019\u00e9tanch\u00e9it\u00e9 type CO"},"content":{"rendered":"<div data-elementor-type=\"wp-page\" data-elementor-id=\"34274\" class=\"elementor elementor-34274\" data-elementor-post-type=\"page\">\n\t\t\t\t<div class=\"elementor-element elementor-element-b40508c thegem-e-con-layout-elementor e-flex e-con-boxed e-con e-parent\" data-id=\"b40508c\" data-element_type=\"container\" data-e-type=\"container\" data-settings=\"{&quot;thegem_container_layout&quot;:&quot;elementor&quot;}\">\r\n\t\t\t\t\t<div class=\"e-con-inner\">\r\n\t\t\t\t<div class=\"elementor-element elementor-element-f63aa9d flex-horizontal-align-default flex-horizontal-align-tablet-default flex-horizontal-align-mobile-default flex-vertical-align-default flex-vertical-align-tablet-default flex-vertical-align-mobile-default elementor-widget elementor-widget-shortcode\" data-id=\"f63aa9d\" data-element_type=\"widget\" data-e-type=\"widget\" data-widget_type=\"shortcode.default\">\n\t\t\t\t<div class=\"elementor-widget-container\">\n\t\t\t\t\t\t\t<div class=\"elementor-shortcode\"><nav aria-label=\"breadcrumbs\" class=\"rank-math-breadcrumb\"><p><span class=\"last\">Accueil<\/span><\/p><\/nav>\n\n<\/div>\n\t\t\t\t\t\t<\/div>\n\t\t\t\t<\/div>\n\t\t\t\t\t<\/div>\n\t\t\t\t<\/div>\n\t\t<div class=\"elementor-element elementor-element-88ecb57 thegem-e-con-layout-elementor e-flex e-con-boxed e-con e-parent\" data-id=\"88ecb57\" data-element_type=\"container\" data-e-type=\"container\" data-settings=\"{&quot;thegem_container_layout&quot;:&quot;elementor&quot;}\">\r\n\t\t\t\t\t<div class=\"e-con-inner\">\r\n\t\t\t\t<div class=\"elementor-element elementor-element-e0be6d1 flex-horizontal-align-default flex-horizontal-align-tablet-default flex-horizontal-align-mobile-default flex-vertical-align-default flex-vertical-align-tablet-default flex-vertical-align-mobile-default elementor-widget elementor-widget-thegem-template-post-title\" data-id=\"e0be6d1\" data-element_type=\"widget\" data-e-type=\"widget\" data-widget_type=\"thegem-template-post-title.default\">\n\t\t\t\t<div class=\"elementor-widget-container\">\n\t\t\t\t\t<div class=\"thegem-te-post-title\"> <h1 class=\"post-title\"> <span>Bagues d\u2019\u00e9tanch\u00e9it\u00e9 type CO<\/span> <\/h1> <\/div>\t\t\t\t<\/div>\n\t\t\t\t<\/div>\n\t\t\t\t\t<\/div>\n\t\t\t\t<\/div>\n\t\t<div class=\"elementor-element elementor-element-2e26bd9 thegem-e-con-layout-elementor e-flex e-con-boxed e-con e-parent\" data-id=\"2e26bd9\" data-element_type=\"container\" data-e-type=\"container\" data-settings=\"{&quot;thegem_container_layout&quot;:&quot;elementor&quot;}\">\r\n\t\t\t\t\t<div class=\"e-con-inner\">\r\n\t\t\t\t<div class=\"elementor-element elementor-element-0962846 flex-horizontal-align-default flex-horizontal-align-tablet-default flex-horizontal-align-mobile-default flex-vertical-align-default flex-vertical-align-tablet-default flex-vertical-align-mobile-default elementor-widget elementor-widget-spacer\" data-id=\"0962846\" data-element_type=\"widget\" data-e-type=\"widget\" data-widget_type=\"spacer.default\">\n\t\t\t\t<div class=\"elementor-widget-container\">\n\t\t\t\t\t\t\t<div class=\"elementor-spacer\">\n\t\t\t<div class=\"elementor-spacer-inner\"><\/div>\n\t\t<\/div>\n\t\t\t\t\t\t<\/div>\n\t\t\t\t<\/div>\n\t\t\t\t<div class=\"elementor-element elementor-element-6171b2f flex-horizontal-align-default flex-horizontal-align-tablet-default flex-horizontal-align-mobile-default flex-vertical-align-default flex-vertical-align-tablet-default flex-vertical-align-mobile-default elementor-widget elementor-widget-text-editor\" data-id=\"6171b2f\" data-element_type=\"widget\" data-e-type=\"widget\" data-widget_type=\"text-editor.default\">\n\t\t\t\t<div class=\"elementor-widget-container\">\n\t\t\t\t\t\t\t\t\t\t\t\t<div class=\"elementor-text-editor elementor-clearfix\">\r\n\t\t\t\t\t\t<p class=\"p1\">Les joints d\u2019\u00e9tanch\u00e9it\u00e9 DIN 3761 de type CO se distinguent par une structure enti\u00e8rement m\u00e9tallique, similaire \u00e0 celle des types C et CS, mais \u00e0 la diff\u00e9rence pr\u00e8s que le type CO ne comporte pas de ressort de renfort sur la l\u00e8vre d\u2019\u00e9tanch\u00e9it\u00e9. Cette configuration permet de r\u00e9duire la friction et facilite le fonctionnement dans des applications \u00e0 faibles exigences de pression et de vitesse, o\u00f9 l\u2019\u00e9tanch\u00e9it\u00e9 dynamique n\u2019est pas critique.<\/p><p class=\"p1\">L\u2019absence de ressort dans la conception permet une pression de contact plus douce sur l\u2019arbre, ce qui rend ce joint adapt\u00e9 aux environnements \u00e0 lubrification constante, aux basses vitesses de rotation ou au fonctionnement intermittent, comme dans les petits moteurs \u00e9lectriques, actionneurs, carters de protection ou syst\u00e8mes auxiliaires. Sa structure m\u00e9tallique expos\u00e9e garantit un montage ferme dans des logements usin\u00e9s avec des tol\u00e9rances serr\u00e9es.<\/p><p class=\"p1\">Le type CO constitue une solution \u00e9conomique lorsqu\u2019un haut niveau de performance d\u2019\u00e9tanch\u00e9it\u00e9 n\u2019est pas requis, mais qu\u2019une bonne \u00e9tanch\u00e9it\u00e9 de base et une structure robuste sont n\u00e9cessaires. Il ne dispose pas de l\u00e8vre pare-poussi\u00e8re, ce qui limite son utilisation \u00e0 des syst\u00e8mes prot\u00e9g\u00e9s ou \u00e0 des environnements relativement propres.<\/p><p class=\"p1\">Ce type de joint est disponible en divers diam\u00e8tres et en diff\u00e9rents mat\u00e9riaux d\u2019\u00e9tanch\u00e9it\u00e9 (NBR, FKM, entre autres), ce qui permet son adaptation \u00e0 diverses conditions de temp\u00e9rature, de compatibilit\u00e9 chimique ou de dur\u00e9e de vie requise.<\/p><p>Vous pouvez consulter les fiches techniques d\u00e9taill\u00e9es de chaque variante ou nous envoyer votre demande via la section de contact. <span style=\"text-decoration: underline;\"><strong><span style=\"color: #195b9a; text-decoration: underline;\"><a style=\"color: #195b9a; text-decoration: underline;\" href=\"https:\/\/www.osn.es\/fr\/contact\/\">CONTACT<\/a><\/span><\/strong><\/span>Notre \u00e9quipe technique vous conseillera sur la solution la mieux adapt\u00e9e \u00e0 votre application.<\/p>\t\t\t\t\t\t\t<\/div>\r\n\t\t\t\t\t\t\t\t\t\t<\/div>\n\t\t\t\t<\/div>\n\t\t\t\t\t<\/div>\n\t\t\t\t<\/div>\n\t\t<div class=\"elementor-element elementor-element-1a1f55d thegem-e-con-layout-elementor e-flex e-con-boxed e-con e-parent\" data-id=\"1a1f55d\" data-element_type=\"container\" data-e-type=\"container\" data-settings=\"{&quot;thegem_container_layout&quot;:&quot;elementor&quot;}\">\r\n\t\t\t\t\t<div class=\"e-con-inner\">\r\n\t\t\t\t<div class=\"elementor-element elementor-element-96fb8de flex-horizontal-align-default flex-horizontal-align-tablet-default flex-horizontal-align-mobile-default flex-vertical-align-default flex-vertical-align-tablet-default flex-vertical-align-mobile-default elementor-widget elementor-widget-spacer\" data-id=\"96fb8de\" data-element_type=\"widget\" data-e-type=\"widget\" data-widget_type=\"spacer.default\">\n\t\t\t\t<div class=\"elementor-widget-container\">\n\t\t\t\t\t\t\t<div class=\"elementor-spacer\">\n\t\t\t<div class=\"elementor-spacer-inner\"><\/div>\n\t\t<\/div>\n\t\t\t\t\t\t<\/div>\n\t\t\t\t<\/div>\n\t\t\t\t\t<\/div>\n\t\t\t\t<\/div>\n\t\t<div class=\"elementor-element elementor-element-e9e8442 thegem-e-con-layout-elementor e-flex e-con-boxed e-con e-parent\" data-id=\"e9e8442\" data-element_type=\"container\" data-e-type=\"container\" data-settings=\"{&quot;thegem_container_layout&quot;:&quot;elementor&quot;}\">\r\n\t\t\t\t\t<div class=\"e-con-inner\">\r\n\t\t<div class=\"elementor-element elementor-element-4ce67e5 e-con-full thegem-e-con-layout-elementor e-flex e-con e-child\" data-id=\"4ce67e5\" data-element_type=\"container\" data-e-type=\"container\" data-settings=\"{&quot;thegem_container_layout&quot;:&quot;elementor&quot;}\">\r\n\t\t\t\t<div class=\"elementor-element elementor-element-6d206b7 flex-horizontal-align-default flex-horizontal-align-tablet-default flex-horizontal-align-mobile-default flex-vertical-align-default flex-vertical-align-tablet-default flex-vertical-align-mobile-default elementor-widget elementor-widget-image\" data-id=\"6d206b7\" data-element_type=\"widget\" data-e-type=\"widget\" data-widget_type=\"image.default\">\n\t\t\t\t<div class=\"elementor-widget-container\">\n\t\t\t\t\t\t\t\t\t\t\t\t\t\t\t\t<a href=\"https:\/\/www.osn.es\/fr\/retenes-va\/\">\n\t\t\t\t\t\t\t<img fetchpriority=\"high\" width=\"596\" height=\"596\" src=\"https:\/\/www.osn.es\/wp-content\/uploads\/2025\/06\/Reten-VA.webp\" class=\"attachment-large size-large wp-image-34316\" alt=\"OSN-RETENES CO\" srcset=\"https:\/\/www.osn.es\/wp-content\/uploads\/2025\/06\/Reten-VA.webp 596w, https:\/\/www.osn.es\/wp-content\/uploads\/2025\/06\/Reten-VA-300x300.webp 300w, https:\/\/www.osn.es\/wp-content\/uploads\/2025\/06\/Reten-VA-150x150.webp 150w, https:\/\/www.osn.es\/wp-content\/uploads\/2025\/06\/Reten-VA-12x12.webp 12w, https:\/\/www.osn.es\/wp-content\/uploads\/2025\/06\/Reten-VA-256x256.webp 256w, https:\/\/www.osn.es\/wp-content\/uploads\/2025\/06\/Reten-VA-20x20.webp 20w\" sizes=\"(max-width: 596px) 100vw, 596px\" \/>\t\t\t\t\t\t\t\t<\/a>\n\t\t\t\t\t\t\t\t\t\t\t\t\t\t\t<\/div>\n\t\t\t\t<\/div>\n\t\t\t\t<div class=\"elementor-element elementor-element-8950579 flex-horizontal-align-default flex-horizontal-align-tablet-default flex-horizontal-align-mobile-default flex-vertical-align-default flex-vertical-align-tablet-default flex-vertical-align-mobile-default elementor-widget elementor-widget-heading\" data-id=\"8950579\" data-element_type=\"widget\" data-e-type=\"widget\" data-widget_type=\"heading.default\">\n\t\t\t\t<div class=\"elementor-widget-container\">\n\t\t\t\t\t<h4 class=\"elementor-heading-title elementor-size-default\"><a href=\"https:\/\/www.osn.es\/fr\/retenes-va\/\">VA<\/a><\/h4>\t\t\t\t<\/div>\n\t\t\t\t<\/div>\n\t\t\t\t<div class=\"elementor-element elementor-element-37292be flex-horizontal-align-default flex-horizontal-align-tablet-default flex-horizontal-align-mobile-default flex-vertical-align-default flex-vertical-align-tablet-default flex-vertical-align-mobile-default elementor-widget elementor-widget-heading\" data-id=\"37292be\" data-element_type=\"widget\" data-e-type=\"widget\" data-widget_type=\"heading.default\">\n\t\t\t\t<div class=\"elementor-widget-container\">\n\t\t\t\t\t<h6 class=\"elementor-heading-title elementor-size-default\"><a href=\"https:\/\/www.osn.es\/fr\/retenes-va\/\">DIN 3761 CO<\/a><\/h6>\t\t\t\t<\/div>\n\t\t\t\t<\/div>\n\t\t\t\t<\/div>\n\t\t<div class=\"elementor-element elementor-element-e194908 e-con-full thegem-e-con-layout-elementor e-flex e-con e-child\" data-id=\"e194908\" data-element_type=\"container\" data-e-type=\"container\" data-settings=\"{&quot;thegem_container_layout&quot;:&quot;elementor&quot;}\">\r\n\t\t\t\t<div class=\"elementor-element elementor-element-050689d flex-horizontal-align-default flex-horizontal-align-tablet-default flex-horizontal-align-mobile-default flex-vertical-align-default flex-vertical-align-tablet-default flex-vertical-align-mobile-default elementor-widget elementor-widget-image\" data-id=\"050689d\" data-element_type=\"widget\" data-e-type=\"widget\" data-widget_type=\"image.default\">\n\t\t\t\t<div class=\"elementor-widget-container\">\n\t\t\t\t\t\t\t\t\t\t\t\t\t\t\t<img width=\"596\" height=\"596\" src=\"https:\/\/www.osn.es\/wp-content\/uploads\/2025\/06\/Reten-VA1.webp\" class=\"attachment-large size-large wp-image-34317\" alt=\"OSN-RETENES CO\" srcset=\"https:\/\/www.osn.es\/wp-content\/uploads\/2025\/06\/Reten-VA1.webp 596w, https:\/\/www.osn.es\/wp-content\/uploads\/2025\/06\/Reten-VA1-300x300.webp 300w, https:\/\/www.osn.es\/wp-content\/uploads\/2025\/06\/Reten-VA1-150x150.webp 150w, https:\/\/www.osn.es\/wp-content\/uploads\/2025\/06\/Reten-VA1-12x12.webp 12w, https:\/\/www.osn.es\/wp-content\/uploads\/2025\/06\/Reten-VA1-256x256.webp 256w, https:\/\/www.osn.es\/wp-content\/uploads\/2025\/06\/Reten-VA1-20x20.webp 20w\" sizes=\"(max-width: 596px) 100vw, 596px\" \/>\t\t\t\t\t\t\t\t\t\t\t\t\t\t\t<\/div>\n\t\t\t\t<\/div>\n\t\t\t\t<div class=\"elementor-element elementor-element-d9878bb flex-horizontal-align-default flex-horizontal-align-tablet-default flex-horizontal-align-mobile-default flex-vertical-align-default flex-vertical-align-tablet-default flex-vertical-align-mobile-default elementor-widget elementor-widget-heading\" data-id=\"d9878bb\" data-element_type=\"widget\" data-e-type=\"widget\" data-widget_type=\"heading.default\">\n\t\t\t\t<div class=\"elementor-widget-container\">\n\t\t\t\t\t<h4 class=\"elementor-heading-title elementor-size-default\">VA1<\/h4>\t\t\t\t<\/div>\n\t\t\t\t<\/div>\n\t\t\t\t<div class=\"elementor-element elementor-element-f0384dc flex-horizontal-align-default flex-horizontal-align-tablet-default flex-horizontal-align-mobile-default flex-vertical-align-default flex-vertical-align-tablet-default flex-vertical-align-mobile-default elementor-widget elementor-widget-heading\" data-id=\"f0384dc\" data-element_type=\"widget\" data-e-type=\"widget\" data-widget_type=\"heading.default\">\n\t\t\t\t<div class=\"elementor-widget-container\">\n\t\t\t\t\t<h6 class=\"elementor-heading-title elementor-size-default\">Conception compacte<\/h6>\t\t\t\t<\/div>\n\t\t\t\t<\/div>\n\t\t\t\t<\/div>\n\t\t<div class=\"elementor-element elementor-element-7cc48da e-con-full thegem-e-con-layout-elementor e-flex e-con e-child\" data-id=\"7cc48da\" data-element_type=\"container\" data-e-type=\"container\" data-settings=\"{&quot;thegem_container_layout&quot;:&quot;elementor&quot;}\">\r\n\t\t\t\t<div class=\"elementor-element elementor-element-30c6d01 flex-horizontal-align-default flex-horizontal-align-tablet-default flex-horizontal-align-mobile-default flex-vertical-align-default flex-vertical-align-tablet-default flex-vertical-align-mobile-default elementor-widget elementor-widget-image\" data-id=\"30c6d01\" data-element_type=\"widget\" data-e-type=\"widget\" data-widget_type=\"image.default\">\n\t\t\t\t<div class=\"elementor-widget-container\">\n\t\t\t\t\t\t\t\t\t\t\t\t\t\t\t<img width=\"596\" height=\"596\" src=\"https:\/\/www.osn.es\/wp-content\/uploads\/2025\/06\/Reten-VA2.webp\" class=\"attachment-large size-large wp-image-34318\" alt=\"OSN-RETENES CO\" srcset=\"https:\/\/www.osn.es\/wp-content\/uploads\/2025\/06\/Reten-VA2.webp 596w, https:\/\/www.osn.es\/wp-content\/uploads\/2025\/06\/Reten-VA2-300x300.webp 300w, https:\/\/www.osn.es\/wp-content\/uploads\/2025\/06\/Reten-VA2-150x150.webp 150w, https:\/\/www.osn.es\/wp-content\/uploads\/2025\/06\/Reten-VA2-12x12.webp 12w, https:\/\/www.osn.es\/wp-content\/uploads\/2025\/06\/Reten-VA2-256x256.webp 256w, https:\/\/www.osn.es\/wp-content\/uploads\/2025\/06\/Reten-VA2-20x20.webp 20w\" sizes=\"(max-width: 596px) 100vw, 596px\" \/>\t\t\t\t\t\t\t\t\t\t\t\t\t\t\t<\/div>\n\t\t\t\t<\/div>\n\t\t\t\t<div class=\"elementor-element elementor-element-71288f7 flex-horizontal-align-default flex-horizontal-align-tablet-default flex-horizontal-align-mobile-default flex-vertical-align-default flex-vertical-align-tablet-default flex-vertical-align-mobile-default elementor-widget elementor-widget-heading\" data-id=\"71288f7\" data-element_type=\"widget\" data-e-type=\"widget\" data-widget_type=\"heading.default\">\n\t\t\t\t<div class=\"elementor-widget-container\">\n\t\t\t\t\t<h4 class=\"elementor-heading-title elementor-size-default\">VA2<\/h4>\t\t\t\t<\/div>\n\t\t\t\t<\/div>\n\t\t\t\t<div class=\"elementor-element elementor-element-ac38071 flex-horizontal-align-default flex-horizontal-align-tablet-default flex-horizontal-align-mobile-default flex-vertical-align-default flex-vertical-align-tablet-default flex-vertical-align-mobile-default elementor-widget elementor-widget-heading\" data-id=\"ac38071\" data-element_type=\"widget\" data-e-type=\"widget\" data-widget_type=\"heading.default\">\n\t\t\t\t<div class=\"elementor-widget-container\">\n\t\t\t\t\t<h6 class=\"elementor-heading-title elementor-size-default\">Conception compacte renforc\u00e9e<\/h6>\t\t\t\t<\/div>\n\t\t\t\t<\/div>\n\t\t\t\t<\/div>\n\t\t\t\t\t<\/div>\n\t\t\t\t<\/div>\n\t\t<div class=\"elementor-element elementor-element-2f9f0a9 thegem-e-con-layout-elementor e-flex e-con-boxed e-con e-parent\" data-id=\"2f9f0a9\" data-element_type=\"container\" data-e-type=\"container\" data-settings=\"{&quot;thegem_container_layout&quot;:&quot;elementor&quot;}\">\r\n\t\t\t\t\t<div class=\"e-con-inner\">\r\n\t\t\t\t<div class=\"elementor-element elementor-element-5ebe829 elementor-align-center flex-horizontal-align-default flex-horizontal-align-tablet-default flex-horizontal-align-mobile-default flex-vertical-align-default flex-vertical-align-tablet-default flex-vertical-align-mobile-default elementor-widget elementor-widget-button\" data-id=\"5ebe829\" data-element_type=\"widget\" data-e-type=\"widget\" data-widget_type=\"button.default\">\n\t\t\t\t<div class=\"elementor-widget-container\">\n\t\t\t\t\t\t\t\t\t<div class=\"elementor-button-wrapper\">\n\t\t\t\t\t<a class=\"elementor-button elementor-button-link elementor-size-sm\" href=\"https:\/\/www.osn.es\/fr\/catalogos\/\">\n\t\t\t\t\t\t<span class=\"elementor-button-content-wrapper\">\n\t\t\t\t\t\t\t\t\t<span class=\"elementor-button-text\">Conna\u00eetre nos produits<\/span>\n\t\t\t\t\t<\/span>\n\t\t\t\t\t<\/a>\n\t\t\t\t<\/div>\n\t\t\t\t\t\t\t\t<\/div>\n\t\t\t\t<\/div>\n\t\t\t\t\t<\/div>\n\t\t\t\t<\/div>\n\t\t<div class=\"elementor-element elementor-element-b5dc90c e-con-full thegem-e-con-layout-elementor e-flex e-con e-parent\" data-id=\"b5dc90c\" data-element_type=\"container\" data-e-type=\"container\" data-settings=\"{&quot;thegem_container_layout&quot;:&quot;elementor&quot;}\">\r\n\t\t\t\t<div class=\"elementor-element elementor-element-5bc134e flex-horizontal-align-default flex-horizontal-align-tablet-default flex-horizontal-align-mobile-default flex-vertical-align-default flex-vertical-align-tablet-default flex-vertical-align-mobile-default elementor-widget elementor-widget-shortcode\" data-id=\"5bc134e\" data-element_type=\"widget\" data-e-type=\"widget\" data-widget_type=\"shortcode.default\">\n\t\t\t\t<div class=\"elementor-widget-container\">\n\t\t\t\t\t\t\t<div class=\"elementor-shortcode\">\t\t<div data-elementor-type=\"section\" data-elementor-id=\"27674\" class=\"elementor elementor-27674\" data-elementor-post-type=\"elementor_library\">\n\t\t\t<div class=\"elementor-element elementor-element-7f128f6 thegem-e-con-layout-elementor e-flex e-con-boxed e-con e-parent\" data-id=\"7f128f6\" data-element_type=\"container\" data-e-type=\"container\" data-settings=\"{&quot;background_background&quot;:&quot;classic&quot;,&quot;thegem_container_layout&quot;:&quot;elementor&quot;}\">\r\n\t\t\t\t\t<div class=\"e-con-inner\">\r\n\t\t<div class=\"elementor-element elementor-element-f669fff e-con-full thegem-e-con-layout-elementor e-flex e-con e-child\" data-id=\"f669fff\" data-element_type=\"container\" data-e-type=\"container\" data-settings=\"{&quot;thegem_container_layout&quot;:&quot;elementor&quot;}\">\r\n\t\t\t\t<div class=\"elementor-element elementor-element-9de9a62 flex-horizontal-align-default flex-horizontal-align-tablet-default flex-horizontal-align-mobile-default flex-vertical-align-default flex-vertical-align-tablet-default flex-vertical-align-mobile-default elementor-widget elementor-widget-image\" data-id=\"9de9a62\" data-element_type=\"widget\" data-e-type=\"widget\" data-widget_type=\"image.default\">\n\t\t\t\t<div class=\"elementor-widget-container\">\n\t\t\t\t\t\t\t\t\t\t\t\t\t\t\t<img loading=\"lazy\" width=\"1024\" height=\"1024\" src=\"https:\/\/www.osn.es\/wp-content\/uploads\/2024\/05\/Diseno-sin-titulo-9.png\" class=\"attachment-large size-large wp-image-25318\" alt=\"Contacto OSN\" srcset=\"https:\/\/www.osn.es\/wp-content\/uploads\/2024\/05\/Diseno-sin-titulo-9.png 1024w, https:\/\/www.osn.es\/wp-content\/uploads\/2024\/05\/Diseno-sin-titulo-9-300x300.png 300w, https:\/\/www.osn.es\/wp-content\/uploads\/2024\/05\/Diseno-sin-titulo-9-150x150.png 150w, https:\/\/www.osn.es\/wp-content\/uploads\/2024\/05\/Diseno-sin-titulo-9-768x768.png 768w, https:\/\/www.osn.es\/wp-content\/uploads\/2024\/05\/Diseno-sin-titulo-9-256x256.png 256w, https:\/\/www.osn.es\/wp-content\/uploads\/2024\/05\/Diseno-sin-titulo-9-20x20.png 20w\" sizes=\"(max-width: 1024px) 100vw, 1024px\" \/>\t\t\t\t\t\t\t\t\t\t\t\t\t\t\t<\/div>\n\t\t\t\t<\/div>\n\t\t\t\t<div class=\"elementor-element elementor-element-1fcd14e elementor-widget__width-inherit flex-horizontal-align-default flex-horizontal-align-tablet-default flex-horizontal-align-mobile-default flex-vertical-align-default flex-vertical-align-tablet-default flex-vertical-align-mobile-default elementor-widget elementor-widget-heading\" data-id=\"1fcd14e\" data-element_type=\"widget\" data-e-type=\"widget\" data-widget_type=\"heading.default\">\n\t\t\t\t<div class=\"elementor-widget-container\">\n\t\t\t\t\t<div class=\"title-h2 elementor-heading-title elementor-size-default\">Pouvons-nous vous aider ?<\/div>\t\t\t\t<\/div>\n\t\t\t\t<\/div>\n\t\t\t\t<\/div>\n\t\t\t\t\t<\/div>\n\t\t\t\t<\/div>\n\t\t<div class=\"elementor-element elementor-element-a4ffc4d e-grid thegem-e-con-layout-elementor e-con-boxed e-con e-parent\" data-id=\"a4ffc4d\" data-element_type=\"container\" data-e-type=\"container\" data-settings=\"{&quot;background_background&quot;:&quot;classic&quot;,&quot;thegem_container_layout&quot;:&quot;elementor&quot;}\">\r\n\t\t\t\t\t<div class=\"e-con-inner\">\r\n\t\t\t\t<div class=\"elementor-element elementor-element-eeaf973 flex-horizontal-align-default flex-horizontal-align-tablet-default flex-horizontal-align-mobile-default flex-vertical-align-default flex-vertical-align-tablet-default flex-vertical-align-mobile-default elementor-widget elementor-widget-heading\" data-id=\"eeaf973\" data-element_type=\"widget\" data-e-type=\"widget\" data-widget_type=\"heading.default\">\n\t\t\t\t<div class=\"elementor-widget-container\">\n\t\t\t\t\t<div class=\"title-h5 light elementor-heading-title elementor-size-default\">Notre \u00e9quipe vous aidera \u00e0 trouver la meilleure solution.<\/div>\t\t\t\t<\/div>\n\t\t\t\t<\/div>\n\t\t\t\t<div class=\"elementor-element elementor-element-45a1261 elementor-align-center elementor-widget__width-inherit flex-horizontal-align-default flex-horizontal-align-tablet-default flex-horizontal-align-mobile-default flex-vertical-align-default flex-vertical-align-tablet-default flex-vertical-align-mobile-default elementor-widget elementor-widget-button\" data-id=\"45a1261\" data-element_type=\"widget\" data-e-type=\"widget\" data-widget_type=\"button.default\">\n\t\t\t\t<div class=\"elementor-widget-container\">\n\t\t\t\t\t\t\t\t\t<div class=\"elementor-button-wrapper\">\n\t\t\t\t\t<a class=\"elementor-button elementor-button-link elementor-size-sm\" href=\"https:\/\/www.osn.es\/fr\/contact\/\">\n\t\t\t\t\t\t<span class=\"elementor-button-content-wrapper\">\n\t\t\t\t\t\t\t\t\t<span class=\"elementor-button-text\">CONTACT<\/span>\n\t\t\t\t\t<\/span>\n\t\t\t\t\t<\/a>\n\t\t\t\t<\/div>\n\t\t\t\t\t\t\t\t<\/div>\n\t\t\t\t<\/div>\n\t\t\t\t\t<\/div>\n\t\t\t\t<\/div>\n\t\t\t\t<\/div>\n\t\t<\/div>\n\t\t\t\t\t\t<\/div>\n\t\t\t\t<\/div>\n\t\t\t\t<\/div>\n\t\t\t\t<\/div>","protected":false},"excerpt":{"rendered":"<p>Retenes Tipo CO Los retenes DIN 3761 Tipo CO se caracterizan por una estructura completamente met\u00e1lica, al igual que los&#8230;<\/p>","protected":false},"author":2,"featured_media":0,"parent":26126,"menu_order":0,"comment_status":"closed","ping_status":"open","template":"page-fullwidth.php","meta":{"_crdt_document":"","footnotes":""},"class_list":["post-34274","page","type-page","status-publish"],"_links":{"self":[{"href":"https:\/\/www.osn.es\/fr\/wp-json\/wp\/v2\/pages\/34274","targetHints":{"allow":["GET"]}}],"collection":[{"href":"https:\/\/www.osn.es\/fr\/wp-json\/wp\/v2\/pages"}],"about":[{"href":"https:\/\/www.osn.es\/fr\/wp-json\/wp\/v2\/types\/page"}],"author":[{"embeddable":true,"href":"https:\/\/www.osn.es\/fr\/wp-json\/wp\/v2\/users\/2"}],"replies":[{"embeddable":true,"href":"https:\/\/www.osn.es\/fr\/wp-json\/wp\/v2\/comments?post=34274"}],"version-history":[{"count":39,"href":"https:\/\/www.osn.es\/fr\/wp-json\/wp\/v2\/pages\/34274\/revisions"}],"predecessor-version":[{"id":36719,"href":"https:\/\/www.osn.es\/fr\/wp-json\/wp\/v2\/pages\/34274\/revisions\/36719"}],"up":[{"embeddable":true,"href":"https:\/\/www.osn.es\/fr\/wp-json\/wp\/v2\/pages\/26126"}],"wp:attachment":[{"href":"https:\/\/www.osn.es\/fr\/wp-json\/wp\/v2\/media?parent=34274"}],"curies":[{"name":"wp","href":"https:\/\/api.w.org\/{rel}","templated":true}]}}