{"id":34723,"date":"2025-07-03T12:24:36","date_gmt":"2025-07-03T10:24:36","guid":{"rendered":"https:\/\/www.osn.es\/?page_id=34723"},"modified":"2025-09-04T15:01:05","modified_gmt":"2025-09-04T13:01:05","slug":"retenes-tipo-duop","status":"publish","type":"page","link":"https:\/\/www.osn.es\/fr\/estanqueidad\/retenes\/retenes-tipo-duop\/","title":{"rendered":"Bagues d\u2019\u00e9tanch\u00e9it\u00e9 type DUOP"},"content":{"rendered":"<div data-elementor-type=\"wp-page\" data-elementor-id=\"34723\" class=\"elementor elementor-34723\" data-elementor-post-type=\"page\">\n\t\t\t\t<div class=\"elementor-element elementor-element-49b0880 thegem-e-con-layout-elementor e-flex e-con-boxed e-con e-parent\" data-id=\"49b0880\" data-element_type=\"container\" data-e-type=\"container\" data-settings=\"{&quot;thegem_container_layout&quot;:&quot;elementor&quot;}\">\r\n\t\t\t\t\t<div class=\"e-con-inner\">\r\n\t\t\t\t<div class=\"elementor-element elementor-element-402219a flex-horizontal-align-default flex-horizontal-align-tablet-default flex-horizontal-align-mobile-default flex-vertical-align-default flex-vertical-align-tablet-default flex-vertical-align-mobile-default elementor-widget elementor-widget-shortcode\" data-id=\"402219a\" data-element_type=\"widget\" data-e-type=\"widget\" data-widget_type=\"shortcode.default\">\n\t\t\t\t<div class=\"elementor-widget-container\">\n\t\t\t\t\t\t\t<div class=\"elementor-shortcode\"><nav aria-label=\"breadcrumbs\" class=\"rank-math-breadcrumb\"><p><span class=\"last\">Accueil<\/span><\/p><\/nav>\n\n<\/div>\n\t\t\t\t\t\t<\/div>\n\t\t\t\t<\/div>\n\t\t\t\t\t<\/div>\n\t\t\t\t<\/div>\n\t\t<div class=\"elementor-element elementor-element-88ecb57 thegem-e-con-layout-elementor e-flex e-con-boxed e-con e-parent\" data-id=\"88ecb57\" data-element_type=\"container\" data-e-type=\"container\" data-settings=\"{&quot;thegem_container_layout&quot;:&quot;elementor&quot;}\">\r\n\t\t\t\t\t<div class=\"e-con-inner\">\r\n\t\t\t\t<div class=\"elementor-element elementor-element-e0be6d1 flex-horizontal-align-default flex-horizontal-align-tablet-default flex-horizontal-align-mobile-default flex-vertical-align-default flex-vertical-align-tablet-default flex-vertical-align-mobile-default elementor-widget elementor-widget-thegem-template-post-title\" data-id=\"e0be6d1\" data-element_type=\"widget\" data-e-type=\"widget\" data-widget_type=\"thegem-template-post-title.default\">\n\t\t\t\t<div class=\"elementor-widget-container\">\n\t\t\t\t\t<div class=\"thegem-te-post-title\"> <h1 class=\"post-title\"> <span>Bagues d\u2019\u00e9tanch\u00e9it\u00e9 type DUOP<\/span> <\/h1> <\/div>\t\t\t\t<\/div>\n\t\t\t\t<\/div>\n\t\t\t\t\t<\/div>\n\t\t\t\t<\/div>\n\t\t<div class=\"elementor-element elementor-element-2e26bd9 thegem-e-con-layout-elementor e-flex e-con-boxed e-con e-parent\" data-id=\"2e26bd9\" data-element_type=\"container\" data-e-type=\"container\" data-settings=\"{&quot;thegem_container_layout&quot;:&quot;elementor&quot;}\">\r\n\t\t\t\t\t<div class=\"e-con-inner\">\r\n\t\t\t\t<div class=\"elementor-element elementor-element-0962846 flex-horizontal-align-default flex-horizontal-align-tablet-default flex-horizontal-align-mobile-default flex-vertical-align-default flex-vertical-align-tablet-default flex-vertical-align-mobile-default elementor-widget elementor-widget-spacer\" data-id=\"0962846\" data-element_type=\"widget\" data-e-type=\"widget\" data-widget_type=\"spacer.default\">\n\t\t\t\t<div class=\"elementor-widget-container\">\n\t\t\t\t\t\t\t<div class=\"elementor-spacer\">\n\t\t\t<div class=\"elementor-spacer-inner\"><\/div>\n\t\t<\/div>\n\t\t\t\t\t\t<\/div>\n\t\t\t\t<\/div>\n\t\t\t\t<div class=\"elementor-element elementor-element-6171b2f flex-horizontal-align-default flex-horizontal-align-tablet-default flex-horizontal-align-mobile-default flex-vertical-align-default flex-vertical-align-tablet-default flex-vertical-align-mobile-default elementor-widget elementor-widget-text-editor\" data-id=\"6171b2f\" data-element_type=\"widget\" data-e-type=\"widget\" data-widget_type=\"text-editor.default\">\n\t\t\t\t<div class=\"elementor-widget-container\">\n\t\t\t\t\t\t\t\t\t\t\t\t<div class=\"elementor-text-editor elementor-clearfix\">\r\n\t\t\t\t\t\t<p data-start=\"107\" data-end=\"538\">Les joints d\u2019\u00e9tanch\u00e9it\u00e9 de type DUOP sont con\u00e7us pour des applications n\u00e9cessitant un double joint haute performance, combinant la capacit\u00e9 de s\u00e9parer deux fluides diff\u00e9rents avec une r\u00e9sistance accrue \u00e0 la pression interne. Ce type de joint poss\u00e8de deux l\u00e8vres d\u2019\u00e9tanch\u00e9it\u00e9 actives, toutes deux \u00e9quip\u00e9es de ressorts de renfort, ce qui garantit une pression constante et uniforme sur l\u2019arbre dans les deux directions d\u2019\u00e9tanch\u00e9it\u00e9.<\/p><p data-start=\"540\" data-end=\"848\">Gr\u00e2ce \u00e0 sa configuration \u00e0 double ressort, le joint DUOP est id\u00e9al pour les syst\u00e8mes o\u00f9 les deux c\u00f4t\u00e9s de l\u2019arbre sont soumis \u00e0 une pression, ou lorsque qu\u2019une s\u00e9paration absolue entre deux chambres contenant des fluides diff\u00e9rents est n\u00e9cessaire, \u00e9vitant ainsi toute contamination crois\u00e9e, m\u00eame dans des conditions de fonctionnement s\u00e9v\u00e8res.<\/p><p data-start=\"850\" data-end=\"1188\">Sa conception comprend g\u00e9n\u00e9ralement un rev\u00eatement ext\u00e9rieur m\u00e9tallique ou mixte (m\u00e9tal\/\u00e9lastom\u00e8re) afin d\u2019assurer un bon maintien dans le logement et une excellente r\u00e9sistance m\u00e9canique. De plus, certains mod\u00e8les DUOP sont dot\u00e9s de chambres interm\u00e9diaires permettant d'am\u00e9liorer la s\u00e9paration des fluides et d'optimiser l'efficacit\u00e9 du syst\u00e8me d'\u00e9tanch\u00e9it\u00e9.<\/p><p data-start=\"1190\" data-end=\"1520\">Ce type de joint est largement utilis\u00e9 dans les syst\u00e8mes hydrauliques, les pompes haute pression, les compresseurs, les r\u00e9ducteurs industriels et les machines lourdes, o\u00f9 un joint robuste, durable et efficace dans les deux sens est n\u00e9cessaire, m\u00eame en pr\u00e9sence de fortes pressions internes, de temp\u00e9ratures \u00e9lev\u00e9es ou de vitesses de rotation importantes.<\/p><p data-start=\"1522\" data-end=\"1734\">Les joints DUOP sont disponibles en diff\u00e9rents mat\u00e9riaux \u00e9lastom\u00e8res, tels que le NBR, le HNBR ou le FKM, s\u00e9lectionn\u00e9s en fonction de la compatibilit\u00e9 chimique, de la temp\u00e9rature de fonctionnement et de la r\u00e9sistance \u00e0 l\u2019usure.<\/p><p data-start=\"1273\" data-end=\"1581\">Pour plus de d\u00e9tails sur les joints DUO et leur ad\u00e9quation \u00e0 votre application sp\u00e9cifique, veuillez consulter nos fiches techniques ou contacter notre \u00e9quipe via le formulaire du <span style=\"text-decoration: underline;\"><strong><span style=\"color: #195b9a; text-decoration: underline;\"><a style=\"color: #195b9a; text-decoration: underline;\" href=\"https:\/\/www.osn.es\/fr\/contact\/\">CONTACT<\/a><\/span><\/strong><\/span>Notre \u00e9quipe technique vous conseillera sur la solution la mieux adapt\u00e9e \u00e0 votre application.<\/p>\t\t\t\t\t\t\t<\/div>\r\n\t\t\t\t\t\t\t\t\t\t<\/div>\n\t\t\t\t<\/div>\n\t\t\t\t\t<\/div>\n\t\t\t\t<\/div>\n\t\t<div class=\"elementor-element elementor-element-1a1f55d thegem-e-con-layout-elementor e-flex e-con-boxed e-con e-parent\" data-id=\"1a1f55d\" data-element_type=\"container\" data-e-type=\"container\" data-settings=\"{&quot;thegem_container_layout&quot;:&quot;elementor&quot;}\">\r\n\t\t\t\t\t<div class=\"e-con-inner\">\r\n\t\t\t\t<div class=\"elementor-element elementor-element-96fb8de flex-horizontal-align-default flex-horizontal-align-tablet-default flex-horizontal-align-mobile-default flex-vertical-align-default flex-vertical-align-tablet-default flex-vertical-align-mobile-default elementor-widget elementor-widget-spacer\" data-id=\"96fb8de\" data-element_type=\"widget\" data-e-type=\"widget\" data-widget_type=\"spacer.default\">\n\t\t\t\t<div class=\"elementor-widget-container\">\n\t\t\t\t\t\t\t<div class=\"elementor-spacer\">\n\t\t\t<div class=\"elementor-spacer-inner\"><\/div>\n\t\t<\/div>\n\t\t\t\t\t\t<\/div>\n\t\t\t\t<\/div>\n\t\t\t\t\t<\/div>\n\t\t\t\t<\/div>\n\t\t<div class=\"elementor-element elementor-element-297535e thegem-e-con-layout-elementor e-flex e-con-boxed e-con e-parent\" data-id=\"297535e\" data-element_type=\"container\" data-e-type=\"container\" data-settings=\"{&quot;thegem_container_layout&quot;:&quot;elementor&quot;}\">\r\n\t\t\t\t\t<div class=\"e-con-inner\">\r\n\t\t<div class=\"elementor-element elementor-element-e65abe3 e-con-full thegem-e-con-layout-elementor e-flex e-con e-child\" data-id=\"e65abe3\" data-element_type=\"container\" data-e-type=\"container\" data-settings=\"{&quot;thegem_container_layout&quot;:&quot;elementor&quot;}\">\r\n\t\t\t\t<div class=\"elementor-element elementor-element-994c915 flex-horizontal-align-default flex-horizontal-align-tablet-default flex-horizontal-align-mobile-default flex-vertical-align-default flex-vertical-align-tablet-default flex-vertical-align-mobile-default elementor-widget elementor-widget-image\" data-id=\"994c915\" data-element_type=\"widget\" data-e-type=\"widget\" data-widget_type=\"image.default\">\n\t\t\t\t<div class=\"elementor-widget-container\">\n\t\t\t\t\t\t\t\t\t\t\t\t\t\t\t<img fetchpriority=\"high\" width=\"596\" height=\"596\" src=\"https:\/\/www.osn.es\/wp-content\/uploads\/2025\/07\/RETEN-DCN.webp\" class=\"attachment-large size-large wp-image-34727\" alt=\"OSN-RETENES DUOP\" srcset=\"https:\/\/www.osn.es\/wp-content\/uploads\/2025\/07\/RETEN-DCN.webp 596w, https:\/\/www.osn.es\/wp-content\/uploads\/2025\/07\/RETEN-DCN-300x300.webp 300w, https:\/\/www.osn.es\/wp-content\/uploads\/2025\/07\/RETEN-DCN-150x150.webp 150w, https:\/\/www.osn.es\/wp-content\/uploads\/2025\/07\/RETEN-DCN-12x12.webp 12w, https:\/\/www.osn.es\/wp-content\/uploads\/2025\/07\/RETEN-DCN-256x256.webp 256w, https:\/\/www.osn.es\/wp-content\/uploads\/2025\/07\/RETEN-DCN-20x20.webp 20w\" sizes=\"(max-width: 596px) 100vw, 596px\" \/>\t\t\t\t\t\t\t\t\t\t\t\t\t\t\t<\/div>\n\t\t\t\t<\/div>\n\t\t\t\t<div class=\"elementor-element elementor-element-cb68c16 flex-horizontal-align-default flex-horizontal-align-tablet-default flex-horizontal-align-mobile-default flex-vertical-align-default flex-vertical-align-tablet-default flex-vertical-align-mobile-default elementor-widget elementor-widget-heading\" data-id=\"cb68c16\" data-element_type=\"widget\" data-e-type=\"widget\" data-widget_type=\"heading.default\">\n\t\t\t\t<div class=\"elementor-widget-container\">\n\t\t\t\t\t<h4 class=\"elementor-heading-title elementor-size-default\">DCN<\/h4>\t\t\t\t<\/div>\n\t\t\t\t<\/div>\n\t\t\t\t<div class=\"elementor-element elementor-element-73ab784 flex-horizontal-align-default flex-horizontal-align-tablet-default flex-horizontal-align-mobile-default flex-vertical-align-default flex-vertical-align-tablet-default flex-vertical-align-mobile-default elementor-widget elementor-widget-heading\" data-id=\"73ab784\" data-element_type=\"widget\" data-e-type=\"widget\" data-widget_type=\"heading.default\">\n\t\t\t\t<div class=\"elementor-widget-container\">\n\t\t\t\t\t<h6 class=\"elementor-heading-title elementor-size-default\">DIN 3760 ADUOP<\/h6>\t\t\t\t<\/div>\n\t\t\t\t<\/div>\n\t\t\t\t<\/div>\n\t\t<div class=\"elementor-element elementor-element-33938f1 e-con-full thegem-e-con-layout-elementor e-flex e-con e-child\" data-id=\"33938f1\" data-element_type=\"container\" data-e-type=\"container\" data-settings=\"{&quot;thegem_container_layout&quot;:&quot;elementor&quot;}\">\r\n\t\t\t\t<div class=\"elementor-element elementor-element-3d259cf flex-horizontal-align-default flex-horizontal-align-tablet-default flex-horizontal-align-mobile-default flex-vertical-align-default flex-vertical-align-tablet-default flex-vertical-align-mobile-default elementor-widget elementor-widget-image\" data-id=\"3d259cf\" data-element_type=\"widget\" data-e-type=\"widget\" data-widget_type=\"image.default\">\n\t\t\t\t<div class=\"elementor-widget-container\">\n\t\t\t\t\t\t\t\t\t\t\t\t\t\t\t<img width=\"596\" height=\"596\" src=\"https:\/\/www.osn.es\/wp-content\/uploads\/2025\/07\/RETEN-DGN.webp\" class=\"attachment-large size-large wp-image-34728\" alt=\"OSN-RETENES DUOP\" srcset=\"https:\/\/www.osn.es\/wp-content\/uploads\/2025\/07\/RETEN-DGN.webp 596w, https:\/\/www.osn.es\/wp-content\/uploads\/2025\/07\/RETEN-DGN-300x300.webp 300w, https:\/\/www.osn.es\/wp-content\/uploads\/2025\/07\/RETEN-DGN-150x150.webp 150w, https:\/\/www.osn.es\/wp-content\/uploads\/2025\/07\/RETEN-DGN-12x12.webp 12w, https:\/\/www.osn.es\/wp-content\/uploads\/2025\/07\/RETEN-DGN-256x256.webp 256w, https:\/\/www.osn.es\/wp-content\/uploads\/2025\/07\/RETEN-DGN-20x20.webp 20w\" sizes=\"(max-width: 596px) 100vw, 596px\" \/>\t\t\t\t\t\t\t\t\t\t\t\t\t\t\t<\/div>\n\t\t\t\t<\/div>\n\t\t\t\t<div class=\"elementor-element elementor-element-79fe28e flex-horizontal-align-default flex-horizontal-align-tablet-default flex-horizontal-align-mobile-default flex-vertical-align-default flex-vertical-align-tablet-default flex-vertical-align-mobile-default elementor-widget elementor-widget-heading\" data-id=\"79fe28e\" data-element_type=\"widget\" data-e-type=\"widget\" data-widget_type=\"heading.default\">\n\t\t\t\t<div class=\"elementor-widget-container\">\n\t\t\t\t\t<h4 class=\"elementor-heading-title elementor-size-default\">DGN<\/h4>\t\t\t\t<\/div>\n\t\t\t\t<\/div>\n\t\t\t\t<div class=\"elementor-element elementor-element-eed67d5 flex-horizontal-align-default flex-horizontal-align-tablet-default flex-horizontal-align-mobile-default flex-vertical-align-default flex-vertical-align-tablet-default flex-vertical-align-mobile-default elementor-widget elementor-widget-heading\" data-id=\"eed67d5\" data-element_type=\"widget\" data-e-type=\"widget\" data-widget_type=\"heading.default\">\n\t\t\t\t<div class=\"elementor-widget-container\">\n\t\t\t\t\t<h6 class=\"elementor-heading-title elementor-size-default\">Ext\u00e9rieur nervur\u00e9<\/h6>\t\t\t\t<\/div>\n\t\t\t\t<\/div>\n\t\t\t\t<\/div>\n\t\t\t\t\t<\/div>\n\t\t\t\t<\/div>\n\t\t<div class=\"elementor-element elementor-element-2f9f0a9 thegem-e-con-layout-elementor e-flex e-con-boxed e-con e-parent\" data-id=\"2f9f0a9\" data-element_type=\"container\" data-e-type=\"container\" data-settings=\"{&quot;thegem_container_layout&quot;:&quot;elementor&quot;}\">\r\n\t\t\t\t\t<div class=\"e-con-inner\">\r\n\t\t\t\t<div class=\"elementor-element elementor-element-5ebe829 elementor-align-center flex-horizontal-align-default flex-horizontal-align-tablet-default flex-horizontal-align-mobile-default flex-vertical-align-default flex-vertical-align-tablet-default flex-vertical-align-mobile-default elementor-widget elementor-widget-button\" data-id=\"5ebe829\" data-element_type=\"widget\" data-e-type=\"widget\" data-widget_type=\"button.default\">\n\t\t\t\t<div class=\"elementor-widget-container\">\n\t\t\t\t\t\t\t\t\t<div class=\"elementor-button-wrapper\">\n\t\t\t\t\t<a class=\"elementor-button elementor-button-link elementor-size-sm\" href=\"https:\/\/www.osn.es\/fr\/catalogos\/\">\n\t\t\t\t\t\t<span class=\"elementor-button-content-wrapper\">\n\t\t\t\t\t\t\t\t\t<span class=\"elementor-button-text\">Conna\u00eetre nos produits<\/span>\n\t\t\t\t\t<\/span>\n\t\t\t\t\t<\/a>\n\t\t\t\t<\/div>\n\t\t\t\t\t\t\t\t<\/div>\n\t\t\t\t<\/div>\n\t\t\t\t\t<\/div>\n\t\t\t\t<\/div>\n\t\t<div class=\"elementor-element elementor-element-b5dc90c e-con-full thegem-e-con-layout-elementor e-flex e-con e-parent\" data-id=\"b5dc90c\" data-element_type=\"container\" data-e-type=\"container\" data-settings=\"{&quot;thegem_container_layout&quot;:&quot;elementor&quot;}\">\r\n\t\t\t\t<div class=\"elementor-element elementor-element-5bc134e flex-horizontal-align-default flex-horizontal-align-tablet-default flex-horizontal-align-mobile-default flex-vertical-align-default flex-vertical-align-tablet-default flex-vertical-align-mobile-default elementor-widget elementor-widget-shortcode\" data-id=\"5bc134e\" data-element_type=\"widget\" data-e-type=\"widget\" data-widget_type=\"shortcode.default\">\n\t\t\t\t<div class=\"elementor-widget-container\">\n\t\t\t\t\t\t\t<div class=\"elementor-shortcode\">\t\t<div data-elementor-type=\"section\" data-elementor-id=\"27674\" class=\"elementor elementor-27674\" data-elementor-post-type=\"elementor_library\">\n\t\t\t<div class=\"elementor-element elementor-element-7f128f6 thegem-e-con-layout-elementor e-flex e-con-boxed e-con e-parent\" data-id=\"7f128f6\" data-element_type=\"container\" data-e-type=\"container\" data-settings=\"{&quot;background_background&quot;:&quot;classic&quot;,&quot;thegem_container_layout&quot;:&quot;elementor&quot;}\">\r\n\t\t\t\t\t<div class=\"e-con-inner\">\r\n\t\t<div class=\"elementor-element elementor-element-f669fff e-con-full thegem-e-con-layout-elementor e-flex e-con e-child\" data-id=\"f669fff\" data-element_type=\"container\" data-e-type=\"container\" data-settings=\"{&quot;thegem_container_layout&quot;:&quot;elementor&quot;}\">\r\n\t\t\t\t<div class=\"elementor-element elementor-element-9de9a62 flex-horizontal-align-default flex-horizontal-align-tablet-default flex-horizontal-align-mobile-default flex-vertical-align-default flex-vertical-align-tablet-default flex-vertical-align-mobile-default elementor-widget elementor-widget-image\" data-id=\"9de9a62\" data-element_type=\"widget\" data-e-type=\"widget\" data-widget_type=\"image.default\">\n\t\t\t\t<div class=\"elementor-widget-container\">\n\t\t\t\t\t\t\t\t\t\t\t\t\t\t\t<img width=\"1024\" height=\"1024\" src=\"https:\/\/www.osn.es\/wp-content\/uploads\/2024\/05\/Diseno-sin-titulo-9.png\" class=\"attachment-large size-large wp-image-25318\" alt=\"Contacto OSN\" srcset=\"https:\/\/www.osn.es\/wp-content\/uploads\/2024\/05\/Diseno-sin-titulo-9.png 1024w, https:\/\/www.osn.es\/wp-content\/uploads\/2024\/05\/Diseno-sin-titulo-9-300x300.png 300w, https:\/\/www.osn.es\/wp-content\/uploads\/2024\/05\/Diseno-sin-titulo-9-150x150.png 150w, https:\/\/www.osn.es\/wp-content\/uploads\/2024\/05\/Diseno-sin-titulo-9-768x768.png 768w, https:\/\/www.osn.es\/wp-content\/uploads\/2024\/05\/Diseno-sin-titulo-9-256x256.png 256w, https:\/\/www.osn.es\/wp-content\/uploads\/2024\/05\/Diseno-sin-titulo-9-20x20.png 20w\" sizes=\"(max-width: 1024px) 100vw, 1024px\" \/>\t\t\t\t\t\t\t\t\t\t\t\t\t\t\t<\/div>\n\t\t\t\t<\/div>\n\t\t\t\t<div class=\"elementor-element elementor-element-1fcd14e elementor-widget__width-inherit flex-horizontal-align-default flex-horizontal-align-tablet-default flex-horizontal-align-mobile-default flex-vertical-align-default flex-vertical-align-tablet-default flex-vertical-align-mobile-default elementor-widget elementor-widget-heading\" data-id=\"1fcd14e\" data-element_type=\"widget\" data-e-type=\"widget\" data-widget_type=\"heading.default\">\n\t\t\t\t<div class=\"elementor-widget-container\">\n\t\t\t\t\t<div class=\"title-h2 elementor-heading-title elementor-size-default\">Pouvons-nous vous aider ?<\/div>\t\t\t\t<\/div>\n\t\t\t\t<\/div>\n\t\t\t\t<\/div>\n\t\t\t\t\t<\/div>\n\t\t\t\t<\/div>\n\t\t<div class=\"elementor-element elementor-element-a4ffc4d e-grid thegem-e-con-layout-elementor e-con-boxed e-con e-parent\" data-id=\"a4ffc4d\" data-element_type=\"container\" data-e-type=\"container\" data-settings=\"{&quot;background_background&quot;:&quot;classic&quot;,&quot;thegem_container_layout&quot;:&quot;elementor&quot;}\">\r\n\t\t\t\t\t<div class=\"e-con-inner\">\r\n\t\t\t\t<div class=\"elementor-element elementor-element-eeaf973 flex-horizontal-align-default flex-horizontal-align-tablet-default flex-horizontal-align-mobile-default flex-vertical-align-default flex-vertical-align-tablet-default flex-vertical-align-mobile-default elementor-widget elementor-widget-heading\" data-id=\"eeaf973\" data-element_type=\"widget\" data-e-type=\"widget\" data-widget_type=\"heading.default\">\n\t\t\t\t<div class=\"elementor-widget-container\">\n\t\t\t\t\t<div class=\"title-h5 light elementor-heading-title elementor-size-default\">Notre \u00e9quipe vous aidera \u00e0 trouver la meilleure solution.<\/div>\t\t\t\t<\/div>\n\t\t\t\t<\/div>\n\t\t\t\t<div class=\"elementor-element elementor-element-45a1261 elementor-align-center elementor-widget__width-inherit flex-horizontal-align-default flex-horizontal-align-tablet-default flex-horizontal-align-mobile-default flex-vertical-align-default flex-vertical-align-tablet-default flex-vertical-align-mobile-default elementor-widget elementor-widget-button\" data-id=\"45a1261\" data-element_type=\"widget\" data-e-type=\"widget\" data-widget_type=\"button.default\">\n\t\t\t\t<div class=\"elementor-widget-container\">\n\t\t\t\t\t\t\t\t\t<div class=\"elementor-button-wrapper\">\n\t\t\t\t\t<a class=\"elementor-button elementor-button-link elementor-size-sm\" href=\"https:\/\/www.osn.es\/fr\/contact\/\">\n\t\t\t\t\t\t<span class=\"elementor-button-content-wrapper\">\n\t\t\t\t\t\t\t\t\t<span class=\"elementor-button-text\">CONTACT<\/span>\n\t\t\t\t\t<\/span>\n\t\t\t\t\t<\/a>\n\t\t\t\t<\/div>\n\t\t\t\t\t\t\t\t<\/div>\n\t\t\t\t<\/div>\n\t\t\t\t\t<\/div>\n\t\t\t\t<\/div>\n\t\t\t\t<\/div>\n\t\t<\/div>\n\t\t\t\t\t\t<\/div>\n\t\t\t\t<\/div>\n\t\t\t\t<\/div>\n\t\t\t\t<\/div>","protected":false},"excerpt":{"rendered":"<p>Retenes Tipo DUOP Los retenes tipo DUOP est\u00e1n dise\u00f1ados para aplicaciones donde se requiere un sellado dual de alto rendimiento,&#8230;<\/p>","protected":false},"author":2,"featured_media":0,"parent":26126,"menu_order":0,"comment_status":"closed","ping_status":"open","template":"page-fullwidth.php","meta":{"_crdt_document":"","footnotes":""},"class_list":["post-34723","page","type-page","status-publish"],"_links":{"self":[{"href":"https:\/\/www.osn.es\/fr\/wp-json\/wp\/v2\/pages\/34723","targetHints":{"allow":["GET"]}}],"collection":[{"href":"https:\/\/www.osn.es\/fr\/wp-json\/wp\/v2\/pages"}],"about":[{"href":"https:\/\/www.osn.es\/fr\/wp-json\/wp\/v2\/types\/page"}],"author":[{"embeddable":true,"href":"https:\/\/www.osn.es\/fr\/wp-json\/wp\/v2\/users\/2"}],"replies":[{"embeddable":true,"href":"https:\/\/www.osn.es\/fr\/wp-json\/wp\/v2\/comments?post=34723"}],"version-history":[{"count":8,"href":"https:\/\/www.osn.es\/fr\/wp-json\/wp\/v2\/pages\/34723\/revisions"}],"predecessor-version":[{"id":36647,"href":"https:\/\/www.osn.es\/fr\/wp-json\/wp\/v2\/pages\/34723\/revisions\/36647"}],"up":[{"embeddable":true,"href":"https:\/\/www.osn.es\/fr\/wp-json\/wp\/v2\/pages\/26126"}],"wp:attachment":[{"href":"https:\/\/www.osn.es\/fr\/wp-json\/wp\/v2\/media?parent=34723"}],"curies":[{"name":"wp","href":"https:\/\/api.w.org\/{rel}","templated":true}]}}